{"id":2106,"date":"2021-03-25T04:08:26","date_gmt":"2021-03-25T04:08:26","guid":{"rendered":"http:\/\/localhost\/nuss\/?page_id=298"},"modified":"2025-08-10T14:49:52","modified_gmt":"2025-08-10T14:49:52","slug":"kundenbewertungen","status":"publish","type":"page","link":"https:\/\/shanghaitreasuryhotel.com\/de\/kundenbewertungen\/","title":{"rendered":"Kundenerfahrungen und Bewertungen"},"content":{"rendered":"<div data-elementor-type=\"wp-page\" data-elementor-id=\"2106\" class=\"elementor elementor-2106\">\n\t\t\t\t\t\t<section class=\"elementor-section elementor-top-section elementor-element elementor-element-1954ffc elementor-section-boxed elementor-section-gap-beside-yes elementor-section-height-default elementor-section-height-default elementor-section-column-vertical-align-stretch\" data-id=\"1954ffc\" data-element_type=\"section\" data-e-type=\"section\">\n\t\t\t\t\t\t<div class=\"elementor-container elementor-column-gap-extended\">\n\t\t\t\t\t<div class=\"elementor-column elementor-col-100 elementor-top-column elementor-element elementor-element-86aebc5\" data-id=\"86aebc5\" data-element_type=\"column\" data-e-type=\"column\">\n\t\t\t<div class=\"elementor-widget-wrap elementor-element-populated\">\n\t\t\t\t\t\t<div class=\"elementor-element elementor-element-11803d1 elementor-widget__width-initial elementor-invisible elementor-widget elementor-widget-text-editor\" data-id=\"11803d1\" data-element_type=\"widget\" data-e-type=\"widget\" data-settings=\"{&quot;_animation&quot;:&quot;nussFadeInUp&quot;}\" data-widget_type=\"text-editor.default\">\n\t\t\t\t\t\t\t\t\t<p><strong data-spm-anchor-id=\"0.0.0.i42.5e52c921RzvBHn\">Was G\u00e4ste auf TripAdvisor und Trip.com \u00fcber das Shanghai Bund Riverside Treasury Hotel sagen<\/strong><\/p>\t\t\t\t\t\t\t\t<\/div>\n\t\t\t\t\t<\/div>\n\t\t<\/div>\n\t\t\t\t\t<\/div>\n\t\t<\/section>\n\t\t<div class=\"elementor-element elementor-element-a52973a e-flex e-con-boxed e-con e-parent\" data-id=\"a52973a\" data-element_type=\"container\" data-e-type=\"container\">\n\t\t\t\t\t<div class=\"e-con-inner\">\n\t\t\t\t<div class=\"elementor-element elementor-element-98f1357 elementor-widget elementor-widget-text-editor\" data-id=\"98f1357\" data-element_type=\"widget\" data-e-type=\"widget\" data-widget_type=\"text-editor.default\">\n\t\t\t\t\t\t\t\t\t<p data-spm-anchor-id=\"0.0.0.i41.5e52c921RzvBHn\">Eingebettet an den malerischen Ufern des Huangpu-Flusses bei <strong>988 Dongdaming Road, Bezirk Hongkou, Shanghai, China (200086)<\/strong>, Die <strong>Shanghai Bund Riverside Treasury Hotel<\/strong> hat sich zu einem der renommiertesten Boutique-Luxusziele der Stadt entwickelt \u2013 gelobt nicht nur f\u00fcr seine atemberaubende historische Architektur und den Panoramablick auf den Fluss, sondern auch f\u00fcr die durchweg herausragenden Erlebnisse, die G\u00e4ste auf f\u00fchrenden Reiseplattformen wie <strong>TripAdvisor<\/strong> Und <strong>Trip.com<\/strong>. Mit einer stetig wachsenden Sammlung begeisterter Rezensionen, hoher Bewertungen von Reisenden und herzlichen Erfahrungsberichten von Besuchern aus aller Welt hat dieses 5-Sterne-Juwel seinen Ruf als Top-Adresse f\u00fcr anspruchsvolle Reisende gefestigt, die Eleganz, Komfort und authentischen Shanghaier Charme suchen.<\/p><p>An <strong>TripAdvisor<\/strong>, wo das Hotel eine starke Pr\u00e4senz und konstant hohe Bewertungen aufweist, heben G\u00e4ste h\u00e4ufig hervor, <strong>atemberaubende Ausblicke auf die Skyline von Bund und Pudong<\/strong> als ein pr\u00e4gendes Merkmal ihres Aufenthalts. Viele Reisende beschreiben, wie sie mit goldenen Sonnenaufg\u00e4ngen, die sich im Huangpu-Fluss spiegelten, aufwachten und ihre Abende mit einem romantischen Blick auf die beleuchtete Skyline ausklingen lie\u00dfen \u2013 ein visuelles Spektakel, das unz\u00e4hlige 5-Sterne-Bewertungen inspiriert hat. Eine ausf\u00fchrliche Bewertung eines Reisenden aus den USA schw\u00e4rmt:, <em>\u201cDer Ausblick aus unserem Zimmer war jeden Cent wert. Es f\u00fchlte sich an, als w\u00fcrden wir in einer lebendigen Postkarte von Shanghai wohnen.\u201d<\/em> Die einzigartige Umwandlung des Hotels von einem historischen Schatzhaus in ein Luxushotel wird ebenfalls weithin bewundert, wobei die G\u00e4ste die nahtlose Verbindung von ... loben. <strong>Art-Deco-Eleganz und moderne Raffinesse<\/strong>, und nannte es \u201cein Meisterwerk der Denkmalpflege\u201d.\u201d<\/p><p>Die Zufriedenheit der G\u00e4ste geht weit \u00fcber die Landschaft hinaus. Ein wiederkehrendes Thema in der gesamten Region <strong>Trip.com-Bewertungen<\/strong> ist die <strong>au\u00dfergew\u00f6hnliches Serviceniveau<\/strong> Das aufmerksame und mehrsprachige Personal des Hotels sorgt f\u00fcr einen au\u00dfergew\u00f6hnlichen Service. Vom herzlichen Empfang beim Check-in bis hin zu pers\u00f6nlichen Empfehlungen f\u00fcr Restaurants und Geheimtipps in der Stadt \u2013 G\u00e4ste loben immer wieder den au\u00dfergew\u00f6hnlichen Einsatz des Teams. Ein Stammgast aus Australien teilte mit:, <em>\u201cDies war mein dritter Aufenthalt, und die Angestellten kannten meinen Namen und meine Vorlieben. Solch eine pers\u00f6nliche Note ist selten und etwas ganz Besonderes.\u201d<\/em> Viele Rezensenten, darunter Gesch\u00e4ftsreisende aus Europa und Asien, loben die <strong>Effizienz, Sauberkeit und ruhiger Komfort<\/strong> Mehrere Personen lobten die Zimmer und hoben hervor, dass die Schalld\u00e4mmung das Hotel zu einem der ruhigsten Hotels mache, die sie je in einer pulsierenden Metropole wie Shanghai erlebt h\u00e4tten.<\/p><p>Familien, Paare und Alleinreisende loben gleicherma\u00dfen die <strong>ger\u00e4umige, gut ausgestattete Unterk\u00fcnfte<\/strong>\u2014ein herausragendes Merkmal in einer Stadt, in der Platz oft Mangelware ist. Auf beiden Seiten <strong>TripAdvisor und Trip.com<\/strong>, G\u00e4ste erw\u00e4hnen h\u00e4ufig die <strong>Luxuri\u00f6se Betten, moderne Badezimmer mit hochwertiger Ausstattung, Highspeed-WLAN und intuitive Zimmeraufteilung<\/strong> Das macht l\u00e4ngere Aufenthalte komfortabel und angenehm. Reisende mit Kindern sch\u00e4tzen die familienfreundliche Atmosph\u00e4re, w\u00e4hrend Hochzeitsreisende und Paare, die ihren Jahrestag feiern, ihren Aufenthalt oft als \u201cromantisch\u201d und \u201cunvergesslich\u201d beschreiben, insbesondere wenn sie einen privaten Moment am Flussufer oder ein ruhiges Fr\u00fchst\u00fcck mit Aussicht genie\u00dfen.<\/p><p data-spm-anchor-id=\"0.0.0.i40.5e52c921RzvBHn\">\u00a0<\/p>\t\t\t\t\t\t\t\t<\/div>\n\t\t\t\t\t<\/div>\n\t\t\t\t<\/div>\n\t\t<div class=\"elementor-element elementor-element-0799a66 e-flex e-con-boxed e-con e-parent\" data-id=\"0799a66\" data-element_type=\"container\" data-e-type=\"container\">\n\t\t\t\t\t<div class=\"e-con-inner\">\n\t\t\t\t<div class=\"elementor-element elementor-element-01eed77 elementor-widget elementor-widget-image\" data-id=\"01eed77\" data-element_type=\"widget\" data-e-type=\"widget\" data-widget_type=\"image.default\">\n\t\t\t\t\t\t\t\t\t\t\t\t\t\t\t<img fetchpriority=\"high\" decoding=\"async\" width=\"1024\" height=\"272\" src=\"https:\/\/shanghaitreasuryhotel.com\/wp-content\/uploads\/2025\/08\/reviews-1024x272.jpg\" class=\"attachment-large size-large wp-image-5691\" alt=\"\" srcset=\"https:\/\/shanghaitreasuryhotel.com\/wp-content\/uploads\/2025\/08\/reviews-1024x272.jpg 1024w, https:\/\/shanghaitreasuryhotel.com\/wp-content\/uploads\/2025\/08\/reviews-300x80.jpg 300w, https:\/\/shanghaitreasuryhotel.com\/wp-content\/uploads\/2025\/08\/reviews-768x204.jpg 768w, https:\/\/shanghaitreasuryhotel.com\/wp-content\/uploads\/2025\/08\/reviews.jpg 1267w\" sizes=\"(max-width: 1024px) 100vw, 1024px\" \/>\t\t\t\t\t\t\t\t\t\t\t\t\t\t\t<\/div>\n\t\t\t\t\t<\/div>\n\t\t\t\t<\/div>\n\t\t<div class=\"elementor-element elementor-element-c316aaa e-flex e-con-boxed e-con e-parent\" data-id=\"c316aaa\" data-element_type=\"container\" data-e-type=\"container\">\n\t\t\t\t\t<div class=\"e-con-inner\">\n\t\t\t\t<div class=\"elementor-element elementor-element-90b0d5c elementor-widget elementor-widget-text-editor\" data-id=\"90b0d5c\" data-element_type=\"widget\" data-e-type=\"widget\" data-widget_type=\"text-editor.default\">\n\t\t\t\t\t\t\t\t\t<p>Der <strong>unschlagbare Lage des Hotels<\/strong> ist ein weiterer wichtiger Punkt, der im G\u00e4stefeedback hervorgehoben wird. Nur wenige Minuten von der historischen Altstadt entfernt gelegen. <strong>Der Bund<\/strong>, in unmittelbarer N\u00e4he von <strong>Finanzviertel von Lujiazui<\/strong>, und eine kurze U-Bahn-Fahrt von <strong>Nanjing Stra\u00dfe<\/strong> Und <strong>Volksplatz<\/strong>, Das Shanghai Bund Riverside Treasury Hotel bietet die perfekte Balance zwischen guter Erreichbarkeit und Ruhe. Rezensenten auf <strong>Trip.com<\/strong> H\u00e4ufig wird erw\u00e4hnt, wie einfach es ist, die Top-Attraktionen zu erkunden, wobei viele die N\u00e4he zu loben. <strong>U-Bahn-Station Dongbaoxing Road (Linien 10 und 12)<\/strong>, das nahtlos mit dem Rest der Stadt verbunden ist. Gleichzeitig sch\u00e4tzen die G\u00e4ste, dass sich das Hotel wie ein ... anf\u00fchlt. <strong>ruhiger R\u00fcckzugsort<\/strong>\u2014eine Oase der Ruhe nach einem Tag auf Shanghais pulsierenden Stra\u00dfen.<\/p><p>Auch die kulinarischen Erlebnisse wurden hoch gelobt. <strong>t\u00e4glich Fr\u00fchst\u00fccksbuffet<\/strong> wird f\u00fcr seine gro\u00dfe Vielfalt, Frische und die Einbeziehung chinesischer Spezialit\u00e4ten \u2013 wie zum Beispiel \u2013 durchweg gelobt. <em>Xiao Long Bao<\/em> und Reisbrei \u2013 sowie internationale Optionen wie Eier, Geb\u00e4ck und frisches Obst. Mehrere <strong>TripAdvisor-Rezensenten<\/strong> insbesondere erw\u00e4hnen <strong>Nachmittagstee-Service<\/strong> und abendliche Cocktails in der Lounge am Flussufer, die sie als \u201cperfekte Art zum Entspannen mit Aussicht\u201d bezeichnen. Gesch\u00e4ftsreisende sch\u00e4tzen die rund um die Uhr ge\u00f6ffnete Kaffeestation und den effizienten Zimmerservice, w\u00e4hrend Urlauber die individuellen Restaurantempfehlungen des Concierges genie\u00dfen.<\/p><p>Nachhaltigkeit und Liebe zum Detail werden in aktuellen Bewertungen immer h\u00e4ufiger hervorgehoben. Umweltbewusste G\u00e4ste sch\u00e4tzen die Bem\u00fchungen des Hotels, Plastikm\u00fcll zu reduzieren, nachf\u00fcllbare Badezimmerartikel anzubieten und umweltfreundliche Praktiken zu f\u00f6rdern, ohne dabei auf Luxus zu verzichten. Sauberkeit hat weiterhin h\u00f6chste Priorit\u00e4t, was zahlreiche G\u00e4ste best\u00e4tigen. <strong>Trip.com<\/strong> Er betonte, dass die Zimmer und \u00f6ffentlichen Bereiche \u201cmakellos\u201d und \u201csauber wie in einem Krankenhaus\u201d seien \u2013 ein entscheidender Faktor f\u00fcr internationale Reisende.<\/p><p>Mit einer wachsenden Zahl von <strong>verifizierte positive Bewertungen<\/strong> auf beiden Seiten <strong>TripAdvisor<\/strong> Und <strong>Trip.com<\/strong>, einschlie\u00dflich Auszeichnungen wie dem Status \u201cPremium-Hotel\u201d und der h\u00f6chsten G\u00e4stebewertung, <strong>Shanghai Bund Riverside Treasury Hotel<\/strong> Das Hotel hat sich zu einem Ma\u00dfstab f\u00fcr exzellente Gastfreundschaft in Shanghai entwickelt. Ob das historische Ambiente, der makellose Service oder die unvergessliche Lage am Flussufer \u2013 die Stimmen der G\u00e4ste sprechen f\u00fcr sich: Es ist mehr als nur ein Ort zum Schlafen, es ist ein Reiseziel f\u00fcr sich.<\/p><p data-spm-anchor-id=\"0.0.0.i40.5e52c921RzvBHn\"><strong>Entdecken Sie, warum Reisende aus aller Welt immer wiederkommen. Lassen Sie sich von den authentischen und herzlichen Bewertungen bei Ihrer n\u00e4chsten Luxusreise ins Herz von Shanghai inspirieren. Erleben Sie Tradition, Eleganz und unvergleichliche G\u00e4stezufriedenheit im Shanghai Bund Riverside Treasury Hotel \u2013 wo jeder Aufenthalt zu einer unvergesslichen Erinnerung wird.<\/strong><\/p>\t\t\t\t\t\t\t\t<\/div>\n\t\t\t\t\t<\/div>\n\t\t\t\t<\/div>\n\t\t\t\t<section class=\"elementor-section elementor-top-section elementor-element elementor-element-34cda49b elementor-section-stretched elementor-section-boxed elementor-section-gap-beside-yes elementor-section-height-default elementor-section-height-default elementor-section-column-vertical-align-stretch\" data-id=\"34cda49b\" data-element_type=\"section\" data-e-type=\"section\" data-settings=\"{&quot;background_background&quot;:&quot;classic&quot;,&quot;stretch_section&quot;:&quot;section-stretched&quot;}\">\n\t\t\t\t\t\t<div class=\"elementor-container elementor-column-gap-extended\">\n\t\t\t\t\t<div class=\"elementor-column elementor-col-100 elementor-top-column elementor-element elementor-element-25dc9fca\" data-id=\"25dc9fca\" data-element_type=\"column\" data-e-type=\"column\">\n\t\t\t<div class=\"elementor-widget-wrap elementor-element-populated\">\n\t\t\t\t\t\t<div class=\"elementor-element elementor-element-6ca0e86d elementor-widget elementor-widget-heading\" data-id=\"6ca0e86d\" data-element_type=\"widget\" data-e-type=\"widget\" data-widget_type=\"heading.default\">\n\t\t\t\t\t<h2 class=\"elementor-heading-title elementor-size-default\">TOP 10: Ausgew\u00e4hlte 4-Sterne-Hotels in Shanghai\n<\/h2>\t\t\t\t<\/div>\n\t\t\t\t<div class=\"elementor-element elementor-element-4e1bd965 elementor-widget elementor-widget-text-editor\" data-id=\"4e1bd965\" data-element_type=\"widget\" data-e-type=\"widget\" data-widget_type=\"text-editor.default\">\n\t\t\t\t\t\t\t\t\t<iframe border=\"0\" src=\"https:\/\/www.trip.com\/partners\/ad\/S4819257?Allianceid=4590391&#038;SID=246906724&#038;trip_sub1=\" style=\"width:900px;height:200px\" frameborder=\"0\" scrolling=\"no\" id=\"S4819257\"><\/iframe>\t\t\t\t\t\t\t\t<\/div>\n\t\t\t\t\t<\/div>\n\t\t<\/div>\n\t\t\t\t\t<\/div>\n\t\t<\/section>\n\t\t\t\t<\/div>","protected":false},"excerpt":{"rendered":"<p>What Guests Are Saying About Shanghai Bund Riverside Treasury Hotel on TripAdvisor and Trip.com Nestled along the scenic banks of the Huangpu River at 988 Dongdaming Road, Hongkou District, Shanghai, China (200086), the Shanghai Bund Riverside Treasury Hotel has emerged as one of the city\u2019s most celebrated boutique luxury destinations\u2014praised not only for its stunning [&hellip;]<\/p>\n","protected":false},"author":1,"featured_media":0,"parent":0,"menu_order":0,"comment_status":"closed","ping_status":"closed","template":"","meta":{"footnotes":""},"class_list":["post-2106","page","type-page","status-publish","hentry","post-no-thumbnail"],"_links":{"self":[{"href":"https:\/\/shanghaitreasuryhotel.com\/de\/wp-json\/wp\/v2\/pages\/2106","targetHints":{"allow":["GET"]}}],"collection":[{"href":"https:\/\/shanghaitreasuryhotel.com\/de\/wp-json\/wp\/v2\/pages"}],"about":[{"href":"https:\/\/shanghaitreasuryhotel.com\/de\/wp-json\/wp\/v2\/types\/page"}],"author":[{"embeddable":true,"href":"https:\/\/shanghaitreasuryhotel.com\/de\/wp-json\/wp\/v2\/users\/1"}],"replies":[{"embeddable":true,"href":"https:\/\/shanghaitreasuryhotel.com\/de\/wp-json\/wp\/v2\/comments?post=2106"}],"version-history":[{"count":0,"href":"https:\/\/shanghaitreasuryhotel.com\/de\/wp-json\/wp\/v2\/pages\/2106\/revisions"}],"wp:attachment":[{"href":"https:\/\/shanghaitreasuryhotel.com\/de\/wp-json\/wp\/v2\/media?parent=2106"}],"curies":[{"name":"wp","href":"https:\/\/api.w.org\/{rel}","templated":true}]}}