{"id":2109,"date":"2021-03-26T08:35:58","date_gmt":"2021-03-26T08:35:58","guid":{"rendered":"http:\/\/localhost\/nuss\/?page_id=536"},"modified":"2025-08-10T15:15:06","modified_gmt":"2025-08-10T15:15:06","slug":"geschaftseinrichtungen","status":"publish","type":"page","link":"https:\/\/shanghaitreasuryhotel.com\/de\/geschaftseinrichtungen\/","title":{"rendered":"Gesch\u00e4ftseinrichtungen"},"content":{"rendered":"<div data-elementor-type=\"wp-page\" data-elementor-id=\"2109\" class=\"elementor elementor-2109\">\n\t\t\t\t\t\t<section class=\"elementor-section elementor-top-section elementor-element elementor-element-bb2901b elementor-section-boxed elementor-section-gap-beside-yes elementor-section-height-default elementor-section-height-default elementor-section-column-vertical-align-stretch\" data-id=\"bb2901b\" data-element_type=\"section\" data-e-type=\"section\">\n\t\t\t\t\t\t<div class=\"elementor-container elementor-column-gap-extended\">\n\t\t\t\t\t<div class=\"elementor-column elementor-col-100 elementor-top-column elementor-element elementor-element-1919db9\" data-id=\"1919db9\" data-element_type=\"column\" data-e-type=\"column\">\n\t\t\t<div class=\"elementor-widget-wrap elementor-element-populated\">\n\t\t\t\t\t\t<div class=\"elementor-element elementor-element-41a7b9c elementor-widget__width-initial elementor-invisible elementor-widget elementor-widget-text-editor\" data-id=\"41a7b9c\" data-element_type=\"widget\" data-e-type=\"widget\" data-settings=\"{&quot;_animation&quot;:&quot;nussFadeInUp&quot;}\" data-widget_type=\"text-editor.default\">\n\t\t\t\t\t\t\t\t\tSteigern Sie Ihre berufliche Erfahrung: Gesch\u00e4ftseinrichtungen im Shanghai Bund Riverside Treasury Hotel \u2013 Wo Tradition auf H\u00f6chstleistung im Herzen von Shanghai trifft \t\t\t\t\t\t\t\t<\/div>\n\t\t\t\t\t<\/div>\n\t\t<\/div>\n\t\t\t\t\t<\/div>\n\t\t<\/section>\n\t\t<div class=\"elementor-element elementor-element-4b9a022 e-flex e-con-boxed e-con e-parent\" data-id=\"4b9a022\" data-element_type=\"container\" data-e-type=\"container\">\n\t\t\t\t\t<div class=\"e-con-inner\">\n\t\t\t\t<div class=\"elementor-element elementor-element-4cd91dc elementor-widget elementor-widget-image\" data-id=\"4cd91dc\" data-element_type=\"widget\" data-e-type=\"widget\" data-widget_type=\"image.default\">\n\t\t\t\t\t\t\t\t\t\t\t\t\t\t\t<img fetchpriority=\"high\" decoding=\"async\" width=\"1024\" height=\"682\" src=\"https:\/\/shanghaitreasuryhotel.com\/wp-content\/uploads\/2025\/08\/Shanghai-Bund-Riverside-Treasury-Hotel-15-1024x682.webp\" class=\"attachment-large size-large wp-image-5557\" alt=\"\" srcset=\"https:\/\/shanghaitreasuryhotel.com\/wp-content\/uploads\/2025\/08\/Shanghai-Bund-Riverside-Treasury-Hotel-15-1024x682.webp 1024w, https:\/\/shanghaitreasuryhotel.com\/wp-content\/uploads\/2025\/08\/Shanghai-Bund-Riverside-Treasury-Hotel-15-300x200.webp 300w, https:\/\/shanghaitreasuryhotel.com\/wp-content\/uploads\/2025\/08\/Shanghai-Bund-Riverside-Treasury-Hotel-15-768x512.webp 768w, https:\/\/shanghaitreasuryhotel.com\/wp-content\/uploads\/2025\/08\/Shanghai-Bund-Riverside-Treasury-Hotel-15.webp 1280w\" sizes=\"(max-width: 1024px) 100vw, 1024px\" \/>\t\t\t\t\t\t\t\t\t\t\t\t\t\t\t<\/div>\n\t\t\t\t\t<\/div>\n\t\t\t\t<\/div>\n\t\t<div class=\"elementor-element elementor-element-9a3a851 e-flex e-con-boxed e-con e-parent\" data-id=\"9a3a851\" data-element_type=\"container\" data-e-type=\"container\">\n\t\t\t\t\t<div class=\"e-con-inner\">\n\t\t\t\t<div class=\"elementor-element elementor-element-93784ef elementor-widget elementor-widget-text-editor\" data-id=\"93784ef\" data-element_type=\"widget\" data-e-type=\"widget\" data-widget_type=\"text-editor.default\">\n\t\t\t\t\t\t\t\t\t<p data-spm-anchor-id=\"0.0.0.i50.5e52c921RzvBHn\">F\u00fcr Gesch\u00e4ftsreisende und Unternehmensplaner, die eine nahtlose Verbindung von Eleganz, Effizienz und modernster Funktionalit\u00e4t suchen, <strong>Shanghai Bund Riverside Treasury Hotel<\/strong> bei <strong>988 Dongdaming Road, Bezirk Hongkou, Shanghai, China (200086)<\/strong> Das Hotel gilt als erstklassige Adresse f\u00fcr professionelle Exzellenz. Untergebracht in einem sorgf\u00e4ltig restaurierten historischen Schatzhaus, das einst eine zentrale Rolle im Finanzwesen Shanghais spielte, hat das Hotel sein Erbe in ein modernes, voll ausgestattetes Business-Zentrum verwandelt, das den Bed\u00fcrfnissen globaler Fachkr\u00e4fte von heute gerecht wird.<\/p><div class=\"my-2\">\u00a0<\/div><p>Strategisch g\u00fcnstig am malerischen Huangpu-Fluss gelegen und nur wenige Minuten von wichtigen Gesch\u00e4ftszentren entfernt wie <strong>Lujiazui, The Bund und das Finanzviertel North Bund<\/strong>, Das Hotel bietet den idealen Rahmen f\u00fcr Gesch\u00e4ftstreffen, F\u00fchrungskr\u00e4fte-Retreats, Firmenveranstaltungen und internationale Konferenzen. Ob Sie Einzelunternehmer, F\u00fchrungskraft sind oder eine gro\u00dfe Firmenveranstaltung organisieren \u2013 unser Hotel bietet Ihnen den passenden Rahmen. <strong>umfassende Gesch\u00e4ftseinrichtungen<\/strong> Sie sind durchdacht gestaltet, um Produktivit\u00e4t anzuregen, die Zusammenarbeit zu f\u00f6rdern und eine makellose Ausf\u00fchrung zu gew\u00e4hrleisten \u2013 und das alles in einer Atmosph\u00e4re zeitloser Eleganz.<\/p><div class=\"my-2\">\u00a0<\/div><h3><strong>Modernste Tagungs- und Konferenzr\u00e4ume<\/strong><\/h3><p>Das Hotel bietet eine Auswahl an <strong>elegante, flexible Tagungsr\u00e4ume und Veranstaltungsorte<\/strong> insgesamt \u00fcber <strong>500 Quadratmeter<\/strong>, Die R\u00e4umlichkeiten eignen sich f\u00fcr Veranstaltungen jeder Gr\u00f6\u00dfe \u2013 von intimen Vorstandssitzungen mit 10 G\u00e4sten bis hin zu gro\u00dfen Firmenveranstaltungen mit bis zu 200 Teilnehmern. Jeder Raum ist lichtdurchflutet, mit einer raffinierten Einrichtung versehen, die Art-d\u00e9co-Elemente mit modernem Minimalismus verbindet, und ausgestattet mit \u2026 <strong>fortschrittliche audiovisuelle Technologie<\/strong>, einschlie\u00dflich hochaufl\u00f6sender Projektoren, LED-Bildschirme, drahtloser Pr\u00e4sentationssysteme, eingebauter Mikrofone und mehrsprachiger Dolmetscherger\u00e4te f\u00fcr internationale Konferenzen.<\/p><div class=\"my-2\">\u00a0<\/div><p>Unser Flaggschiff <strong>Treasury Ballroom<\/strong> ist ein Meisterwerk an Design und Funktion \u2013 perfekt f\u00fcr Produkteinf\u00fchrungen, Hauptversammlungen oder hochkar\u00e4tige Gesch\u00e4ftsbankette. <strong>Schalldichte W\u00e4nde, Verdunkelungsvorh\u00e4nge und individuell anpassbare Beleuchtung<\/strong>, Der Raum gew\u00e4hrleistet Privatsph\u00e4re und Flexibilit\u00e4t f\u00fcr jeden Anlass. F\u00fcr kleinere, strategisch ausgerichtete Meetings bieten wir Ihnen <strong>Konferenzraum und Executive-Suiten<\/strong> bieten eine private, ablenkungsfreie Umgebung mit Panoramablick auf den Fluss, die Klarheit und Zuversicht vermittelt.<\/p><div class=\"my-2\">\u00a0<\/div><h3><strong>Eigenes Business Center &amp; 24\/7-Support<\/strong><\/h3><p>Das Hotel versteht die Unvorhersehbarkeit des globalen Gesch\u00e4ftslebens und bietet daher eine <strong>24-Stunden-Businesscenter mit umfassendem Service<\/strong> Ausgestattet mit Highspeed-Internet, ergonomischen Arbeitspl\u00e4tzen, Druck-, Scan- und Faxger\u00e4ten sowie Sekretariatsunterst\u00fctzung. Ob Sie um Mitternacht eine Pr\u00e4sentation fertigstellen, Vertr\u00e4ge f\u00fcr eine Unterzeichnung am Morgen ausdrucken oder ein virtuelles Meeting mit Ihrem Team im Ausland abhalten m\u00fcssen \u2013 unsere <strong>mehrsprachiges Personal<\/strong> stehen Ihnen professionell und diskret zur Seite.<\/p><div class=\"my-2\">\u00a0<\/div><p>Alle G\u00e4stezimmer und Suiten dienen gleichzeitig als private B\u00fcros und sind ausgestattet mit <strong>ergonomische Schreibtische, Telefone mit zwei Leitungen, Universalsteckdosen und ultraschnelles WLAN.<\/strong> Optimiert f\u00fcr Videokonferenzplattformen wie Zoom, Microsoft Teams und Tencent Meeting. Die nahtlose Verbindung sorgt daf\u00fcr, dass Sie Ihre Agenda unabh\u00e4ngig von Ihrer Zeitzone stets im Griff haben.<\/p><div class=\"my-2\">\u00a0<\/div><h3><strong>Nahtlose Konnektivit\u00e4t und strategische Lage<\/strong><\/h3><p>Die Lage des Hotels in <strong>Hongkou-Bezirk<\/strong> Es versetzt Sie an den Schnittpunkt von Innovation und Tradition. Nur ein <strong>10 Autominuten von Lujiazui entfernt<\/strong>Das Hotel liegt im finanziellen Zentrum Shanghais und in unmittelbarer N\u00e4he zu Hauptsitzen multinationaler Konzerne, Botschaften und Handelszentren und ist somit ein strategischer Ausgangspunkt f\u00fcr Gesch\u00e4ftsreisende verschiedenster Branchen. <strong>U-Bahn-Station Dongbaoxing Road (Linien 10 und 12)<\/strong> nur 10 Gehminuten entfernt, die Reise nach <strong>Pudong, Jing&#039;an oder Xintiandi<\/strong> ist m\u00fchelos und effizient.<\/p><div class=\"my-2\">\u00a0<\/div><p>F\u00fcr internationale Delegierte ist das Hotel <strong>35 Minuten vom internationalen Flughafen Shanghai Hongqiao entfernt<\/strong> Und <strong>50 Minuten vom internationalen Flughafen Pudong entfernt<\/strong>, mit <strong>Limousinentransfer-Service<\/strong> Wir stehen zur Verf\u00fcgung, um P\u00fcnktlichkeit und Komfort zu gew\u00e4hrleisten.<\/p><div class=\"my-2\">\u00a0<\/div><h3><strong>Ma\u00dfgeschneiderte Firmendienstleistungen &amp; Eventplanung<\/strong><\/h3><p>Unser <strong>engagiertes Event- und Business-Services-Team<\/strong> Wir bieten Firmenkunden umfassende Unterst\u00fctzung, von individuellem Catering \u00fcber Markenbeschilderung und Sitzplatzplanung bis hin zu technischen Proben und Fehlerbehebung in Echtzeit. In enger Zusammenarbeit mit unseren Kunden gestalten wir Erlebnisse, die ihre Markenidentit\u00e4t widerspiegeln \u2013 sei es eine mitrei\u00dfende Produkteinf\u00fchrung, ein formelles Galadinner oder ein Teambuilding-Retreat mit Networking am Flussufer.<\/p><div class=\"my-2\">\u00a0<\/div><p>Das Catering wird von unserem preisgekr\u00f6nten K\u00fcchenteam zusammengestellt und bietet Folgendes: <strong>elegante Gesch\u00e4ftsessen, Kaffeepausen mit regionalem Geb\u00e4ck und Gourmet-Dinnerempf\u00e4nge<\/strong> Eine Fusion aus Shanghaier Aromen und internationaler K\u00fcche \u2013 alles serviert mit tadellosem Service.<\/p><div class=\"my-2\">\u00a0<\/div><h3><strong>Ein Verm\u00e4chtnis des Vertrauens, neu interpretiert f\u00fcr das moderne Gesch\u00e4ft<\/strong><\/h3><p>Einst ein Symbol finanzieller Autorit\u00e4t im Shanghai des fr\u00fchen 20. Jahrhunderts, nutzt das Geb\u00e4ude dieses Erbe heute, um die Wirtschaftsf\u00fchrer von heute zu st\u00e4rken. <strong>Shanghai Bund Riverside Treasury Hotel<\/strong> bietet nicht nur Raum \u2013 es schafft ein Umfeld, in dem Ideen gedeihen, Gesch\u00e4fte abgeschlossen und dauerhafte berufliche Beziehungen aufgebaut werden.<\/p><div class=\"my-2\">\u00a0<\/div><p>Von der prachtvollen historischen Architektur bis zur pr\u00e4zisen technologischen Infrastruktur wurde jedes Detail so gestaltet, dass es Ihren Erfolg unterst\u00fctzt. Ob Sie einen Millionen-Dollar-Deal abschlie\u00dfen, einen regionalen Gipfel ausrichten oder einfach nur ein ruhiges, gut vernetztes Zimmer zum Arbeiten ben\u00f6tigen \u2013 das Hotel vereint all dies. <strong>Luxus, Lage und logistische Exzellenz<\/strong> den Standard f\u00fcr Gesch\u00e4ftsgastfreundschaft in Shanghai neu zu definieren.<\/p><div class=\"my-2\">\u00a0<\/div><p data-spm-anchor-id=\"0.0.0.i52.5e52c921RzvBHn\"><strong>Entscheiden Sie sich f\u00fcr das Shanghai Bund Riverside Treasury Hotel \u2013 wo Geschichte auf Innovation trifft und jede Tagung zu einem Meilenstein wird.<\/strong><\/p>\t\t\t\t\t\t\t\t<\/div>\n\t\t\t\t\t<\/div>\n\t\t\t\t<\/div>\n\t\t\t\t<section class=\"elementor-section elementor-top-section elementor-element elementor-element-4eb93d05 elementor-section-stretched elementor-section-boxed elementor-section-gap-beside-yes elementor-section-height-default elementor-section-height-default elementor-section-column-vertical-align-stretch\" data-id=\"4eb93d05\" data-element_type=\"section\" data-e-type=\"section\" data-settings=\"{&quot;background_background&quot;:&quot;classic&quot;,&quot;stretch_section&quot;:&quot;section-stretched&quot;}\">\n\t\t\t\t\t\t<div class=\"elementor-container elementor-column-gap-extended\">\n\t\t\t\t\t<div class=\"elementor-column elementor-col-100 elementor-top-column elementor-element elementor-element-64151dfa\" data-id=\"64151dfa\" data-element_type=\"column\" data-e-type=\"column\">\n\t\t\t<div class=\"elementor-widget-wrap elementor-element-populated\">\n\t\t\t\t\t\t<div class=\"elementor-element elementor-element-49b3f69b elementor-widget elementor-widget-heading\" data-id=\"49b3f69b\" data-element_type=\"widget\" data-e-type=\"widget\" data-widget_type=\"heading.default\">\n\t\t\t\t\t<h2 class=\"elementor-heading-title elementor-size-default\">Platz 8 der 4-Sterne-Select-Hotels in Shanghai\n<\/h2>\t\t\t\t<\/div>\n\t\t\t\t<div class=\"elementor-element elementor-element-7f6d9363 elementor-widget elementor-widget-text-editor\" data-id=\"7f6d9363\" data-element_type=\"widget\" data-e-type=\"widget\" data-widget_type=\"text-editor.default\">\n\t\t\t\t\t\t\t\t\t<iframe border=\"0\" src=\"https:\/\/www.trip.com\/partners\/ad\/S4819257?Allianceid=4590391&#038;SID=246906724&#038;trip_sub1=\" style=\"width:900px;height:200px\" frameborder=\"0\" scrolling=\"no\" id=\"S4819257\"><\/iframe>\t\t\t\t\t\t\t\t<\/div>\n\t\t\t\t\t<\/div>\n\t\t<\/div>\n\t\t\t\t\t<\/div>\n\t\t<\/section>\n\t\t\t\t<\/div>","protected":false},"excerpt":{"rendered":"<p>Elevate Your Professional Experience: Business Facilities at Shanghai Bund Riverside Treasury Hotel \u2013 Where Heritage Meets High-Performance in the Heart of Shanghai For business travelers and corporate planners seeking a seamless blend of elegance, efficiency, and cutting-edge functionality, the Shanghai Bund Riverside Treasury Hotel at 988 Dongdaming Road, Hongkou District, Shanghai, China (200086) stands as [&hellip;]<\/p>\n","protected":false},"author":1,"featured_media":0,"parent":0,"menu_order":0,"comment_status":"closed","ping_status":"closed","template":"","meta":{"footnotes":""},"class_list":["post-2109","page","type-page","status-publish","hentry","post-no-thumbnail"],"_links":{"self":[{"href":"https:\/\/shanghaitreasuryhotel.com\/de\/wp-json\/wp\/v2\/pages\/2109","targetHints":{"allow":["GET"]}}],"collection":[{"href":"https:\/\/shanghaitreasuryhotel.com\/de\/wp-json\/wp\/v2\/pages"}],"about":[{"href":"https:\/\/shanghaitreasuryhotel.com\/de\/wp-json\/wp\/v2\/types\/page"}],"author":[{"embeddable":true,"href":"https:\/\/shanghaitreasuryhotel.com\/de\/wp-json\/wp\/v2\/users\/1"}],"replies":[{"embeddable":true,"href":"https:\/\/shanghaitreasuryhotel.com\/de\/wp-json\/wp\/v2\/comments?post=2109"}],"version-history":[{"count":0,"href":"https:\/\/shanghaitreasuryhotel.com\/de\/wp-json\/wp\/v2\/pages\/2109\/revisions"}],"wp:attachment":[{"href":"https:\/\/shanghaitreasuryhotel.com\/de\/wp-json\/wp\/v2\/media?parent=2109"}],"curies":[{"name":"wp","href":"https:\/\/api.w.org\/{rel}","templated":true}]}}