{"id":612,"date":"2021-03-26T10:04:13","date_gmt":"2021-03-26T10:04:13","guid":{"rendered":"http:\/\/localhost\/nuss\/?page_id=612"},"modified":"2025-08-10T15:06:50","modified_gmt":"2025-08-10T15:06:50","slug":"restaurant","status":"publish","type":"page","link":"https:\/\/shanghaitreasuryhotel.com\/de\/restaurant\/","title":{"rendered":"Restaurant"},"content":{"rendered":"<div data-elementor-type=\"wp-page\" data-elementor-id=\"612\" class=\"elementor elementor-612\">\n\t\t\t\t\t\t<section class=\"elementor-section elementor-top-section elementor-element elementor-element-e2effe8 elementor-section-boxed elementor-section-gap-beside-yes elementor-section-height-default elementor-section-height-default elementor-section-column-vertical-align-stretch\" data-id=\"e2effe8\" data-element_type=\"section\" data-e-type=\"section\">\n\t\t\t\t\t\t<div class=\"elementor-container elementor-column-gap-extended\">\n\t\t\t\t\t<div class=\"elementor-column elementor-col-100 elementor-top-column elementor-element elementor-element-e18f688\" data-id=\"e18f688\" data-element_type=\"column\" data-e-type=\"column\">\n\t\t\t<div class=\"elementor-widget-wrap elementor-element-populated\">\n\t\t\t\t\t\t<div class=\"elementor-element elementor-element-6db146d elementor-widget__width-initial elementor-invisible elementor-widget elementor-widget-text-editor\" data-id=\"6db146d\" data-element_type=\"widget\" data-e-type=\"widget\" data-settings=\"{&quot;_animation&quot;:&quot;nussFadeInUp&quot;}\" data-widget_type=\"text-editor.default\">\n\t\t\t\t\t\t\t\t\t<p>Sich gesund und wohl zu f\u00fchlen ist kein Luxus, sondern eine absolute Notwendigkeit. Heilen Sie K\u00f6rper und Seele mit unseren wohltuenden Behandlungen und kehren Sie wie neugeboren, ruhig und erfrischt nach Hause zur\u00fcck.<\/p>\t\t\t\t\t\t\t\t<\/div>\n\t\t\t\t\t<\/div>\n\t\t<\/div>\n\t\t\t\t\t<\/div>\n\t\t<\/section>\n\t\t<div class=\"elementor-element elementor-element-87d6007 e-flex e-con-boxed e-con e-parent\" data-id=\"87d6007\" data-element_type=\"container\" data-e-type=\"container\">\n\t\t\t\t\t<div class=\"e-con-inner\">\n\t\t\t\t<div class=\"elementor-element elementor-element-c789e9a elementor-widget elementor-widget-image\" data-id=\"c789e9a\" data-element_type=\"widget\" data-e-type=\"widget\" data-widget_type=\"image.default\">\n\t\t\t\t\t\t\t\t\t\t\t\t\t\t\t<img fetchpriority=\"high\" decoding=\"async\" width=\"1024\" height=\"682\" src=\"https:\/\/shanghaitreasuryhotel.com\/wp-content\/uploads\/2025\/08\/Shanghai-Bund-Riverside-Treasury-Hotel-30-1024x682.webp\" class=\"attachment-large size-large wp-image-5572\" alt=\"\" srcset=\"https:\/\/shanghaitreasuryhotel.com\/wp-content\/uploads\/2025\/08\/Shanghai-Bund-Riverside-Treasury-Hotel-30-1024x682.webp 1024w, https:\/\/shanghaitreasuryhotel.com\/wp-content\/uploads\/2025\/08\/Shanghai-Bund-Riverside-Treasury-Hotel-30-300x200.webp 300w, https:\/\/shanghaitreasuryhotel.com\/wp-content\/uploads\/2025\/08\/Shanghai-Bund-Riverside-Treasury-Hotel-30-768x512.webp 768w, https:\/\/shanghaitreasuryhotel.com\/wp-content\/uploads\/2025\/08\/Shanghai-Bund-Riverside-Treasury-Hotel-30.webp 1280w\" sizes=\"(max-width: 1024px) 100vw, 1024px\" \/>\t\t\t\t\t\t\t\t\t\t\t\t\t\t\t<\/div>\n\t\t\t\t\t<\/div>\n\t\t\t\t<\/div>\n\t\t<div class=\"elementor-element elementor-element-9807a84 e-flex e-con-boxed e-con e-parent\" data-id=\"9807a84\" data-element_type=\"container\" data-e-type=\"container\">\n\t\t\t\t\t<div class=\"e-con-inner\">\n\t\t\t\t<div class=\"elementor-element elementor-element-3bca171 elementor-widget elementor-widget-text-editor\" data-id=\"3bca171\" data-element_type=\"widget\" data-e-type=\"widget\" data-widget_type=\"text-editor.default\">\n\t\t\t\t\t\t\t\t\t<p data-spm-anchor-id=\"0.0.0.i62.5e52c921RzvBHn\">Eingebettet in die historische Eleganz des <strong>Shanghai Bund Riverside Treasury Hotel<\/strong> bei <strong>988 Dongdaming Road, Bezirk Hongkou, Shanghai, China, 200086<\/strong>, Hier befindet sich ein kulinarisches Reiseziel, das das Gew\u00f6hnliche \u00fcbersteigt \u2013 das Markenzeichen des Hotels. <strong>Restaurant vor Ort<\/strong>, Hier vereinen sich Tradition, Kunst und Geschmack zu vollkommener Harmonie. Mehr als nur ein Restaurant \u2013 unser Lokal ist eine Hommage an Shanghais reiche Gastronomie, neu interpretiert durch moderne Eleganz und romantisches Flair am Flussufer.<\/p><p>Beim Betreten des elegant eingerichteten Speisesaals umf\u00e4ngt Sie sofort eine Atmosph\u00e4re zeitlosen Charmes. Hohe Decken, Details im Art-d\u00e9co-Stil und bodentiefe Fenster rahmen atemberaubende Panoramablicke ein. <strong>Huangpu-Fluss<\/strong>, mit der glitzernden Skyline von <strong>Pudong<\/strong> Wie eine lebendige Leinwand glitzert es auf dem Wasser. Ob im goldenen Schein des Sonnenaufgangs oder im schillernden Lichtermeer der Stadt \u2013 jede Mahlzeit wird zu einem sinnlichen Meisterwerk, einem Erlebnis, das noch lange nach dem letzten Bissen in Erinnerung bleibt.<\/p><h3><strong>Eine kulinarische Philosophie, die in Tradition und Innovation verwurzelt ist<\/strong><\/h3><p>Im Mittelpunkt unseres Restaurants steht ein tiefer Respekt vor <strong>Shanghaier K\u00fcche<\/strong>, bekannt f\u00fcr seine feine Balance aus s\u00fc\u00dfen, herzhaften und Umami-Aromen. Unser preisgekr\u00f6ntes K\u00fcchenteam, angef\u00fchrt von erfahrenen K\u00f6chen mit jahrzehntelanger Erfahrung in der regionalen und internationalen Gastronomie, pflegt klassische Rezepte, die \u00fcber Generationen weitergegeben wurden \u2013 wie zum Beispiel <em>hongshao rou<\/em> (geschmorter Schweinebauch), <em>Xiao Long Bao<\/em> (Suppenkn\u00f6del), und <em>betrunkenes Huhn<\/em>\u2014und gleichzeitig werden subtile, zeitgen\u00f6ssische Techniken eingef\u00fchrt, die jedes Gericht auf ein neues Niveau heben.<\/p><p>Doch unsere Speisekarte kennt keine Grenzen. Wir lassen uns von der ganzen Welt inspirieren. <strong>China und die Welt<\/strong>, Wir bieten eine sorgf\u00e4ltig zusammengestellte Auswahl an <strong>Kantonesische K\u00f6stlichkeiten, Sichuan-Gew\u00fcrze, nordchinesische Spezialit\u00e4ten und raffinierte westliche Gerichte<\/strong>, So wird ein abwechslungsreiches und genussvolles Geschmackserlebnis f\u00fcr jeden Gaumen garantiert. Von frischesten Meeresfr\u00fcchten aus der Region bis hin zu hochwertigen importierten Zutaten \u2013 jede Komponente wird unter Ber\u00fccksichtigung von Nachhaltigkeit und Qualit\u00e4t ausgew\u00e4hlt.<\/p><h3><strong>Exklusive kulinarische Erlebnisse<\/strong><\/h3><p>Beginnen Sie Ihren Tag mit unserem <strong>legend\u00e4res Fr\u00fchst\u00fccksbuffet<\/strong>, Ein \u00fcppiges Buffet, das den Ton f\u00fcr Exzellenz angibt. Die G\u00e4ste genie\u00dfen eine Fusion aus \u00f6stlichen und westlichen K\u00f6stlichkeiten: dampfende Bambusk\u00f6rbe mit Dim Sum, handgezogene Nudeln, Congee mit Jahrhundert-Ei und Schweinefleisch, dazu handwerklich hergestelltes Brot, Bio-Obst, erstklassige Wurstwaren und frisch gebr\u00fchter Kaffee von Plantagen aus Yunnan. Es ist die perfekte St\u00e4rkung f\u00fcr eine Erkundungstour durch Shanghais pulsierende Stra\u00dfen und ber\u00fchmte Sehensw\u00fcrdigkeiten.<\/p><p data-spm-anchor-id=\"0.0.0.i63.5e52c921RzvBHn\">Zum Mittag- und Abendessen bieten wir <strong>\u00c0-la-carte- und Degustationsmen\u00fcs<\/strong> Wir laden Sie zu einer sorgf\u00e4ltig zusammengestellten Reise ein. Zu den Highlights geh\u00f6ren unsere <strong>Flussgarnelen mit Shaoxing-Wein<\/strong>, <strong>Pekingente mit knuspriger Haut<\/strong> geschnitzt am Tischrand, und <strong>Shengjianbao mit schwarzem Tr\u00fcffel<\/strong>\u2014eine moderne Interpretation eines Shanghaier Klassikers. Vegetarische und gesundheitsbewusste Gerichte werden sorgf\u00e4ltig zubereitet, sodass sich jeder Gast willkommen f\u00fchlt.<\/p>\t\t\t\t\t\t\t\t<\/div>\n\t\t\t\t\t<\/div>\n\t\t\t\t<\/div>\n\t\t<div class=\"elementor-element elementor-element-c6f3feb e-flex e-con-boxed e-con e-parent\" data-id=\"c6f3feb\" data-element_type=\"container\" data-e-type=\"container\">\n\t\t\t\t\t<div class=\"e-con-inner\">\n\t\t\t\t<div class=\"elementor-element elementor-element-462e267 elementor-widget elementor-widget-image\" data-id=\"462e267\" data-element_type=\"widget\" data-e-type=\"widget\" data-widget_type=\"image.default\">\n\t\t\t\t\t\t\t\t\t\t\t\t\t\t\t<img decoding=\"async\" width=\"828\" height=\"516\" src=\"https:\/\/shanghaitreasuryhotel.com\/wp-content\/uploads\/2025\/08\/Shanghai-Bund-Riverside-Treasury-Hotel-22.webp\" class=\"attachment-large size-large wp-image-5564\" alt=\"\" srcset=\"https:\/\/shanghaitreasuryhotel.com\/wp-content\/uploads\/2025\/08\/Shanghai-Bund-Riverside-Treasury-Hotel-22.webp 828w, https:\/\/shanghaitreasuryhotel.com\/wp-content\/uploads\/2025\/08\/Shanghai-Bund-Riverside-Treasury-Hotel-22-300x187.webp 300w, https:\/\/shanghaitreasuryhotel.com\/wp-content\/uploads\/2025\/08\/Shanghai-Bund-Riverside-Treasury-Hotel-22-768x479.webp 768w\" sizes=\"(max-width: 828px) 100vw, 828px\" \/>\t\t\t\t\t\t\t\t\t\t\t\t\t\t\t<\/div>\n\t\t\t\t\t<\/div>\n\t\t\t\t<\/div>\n\t\t<div class=\"elementor-element elementor-element-2a71058 e-flex e-con-boxed e-con e-parent\" data-id=\"2a71058\" data-element_type=\"container\" data-e-type=\"container\">\n\t\t\t\t\t<div class=\"e-con-inner\">\n\t\t\t\t<div class=\"elementor-element elementor-element-9e6d8a5 elementor-widget elementor-widget-text-editor\" data-id=\"9e6d8a5\" data-element_type=\"widget\" data-e-type=\"widget\" data-widget_type=\"text-editor.default\">\n\t\t\t\t\t\t\t\t\t<p data-spm-anchor-id=\"0.0.0.i66.5e52c921RzvBHn\">Abends verwandelt sich die Atmosph\u00e4re in etwas wahrhaft Magisches. <strong>Lounge und Bar am Flussufer<\/strong> Hier werden handgemachte Cocktails mit chinesischen Kr\u00e4utern wie Litschi, Goji-Beere und Osmanthus serviert, begleitet von erlesenen Weinen, gereiftem Baijiu und seltenen Teesorten. Es ist der ideale Ort f\u00fcr ein romantisches Abendessen, einen Gesch\u00e4ftsansto\u00df oder einen ruhigen Ausklang des Tages unter dem Sternenhimmel.<\/p><h3><strong>Kulinarische Events, Private Dining &amp; Kulturelles Eintauchen<\/strong><\/h3><p>Unser Restaurant ist mehr als nur ein Ort zum t\u00e4glichen Essen \u2013 es ist eine B\u00fchne f\u00fcr <strong>Kulinarisches Storytelling und kulturelle Verbindung<\/strong>. Wir veranstalten saisonale Verkostungen, wie zum Beispiel <strong>Bankette zum Mondneujahr<\/strong>, <strong>Mondkuchen-Kombinationen zum Mittherbstfest<\/strong>, Und <strong>Weinbegleitende Abendessen<\/strong> mit Gast-Sommeliers. G\u00e4ste k\u00f6nnen auch unsere <strong>private Speiser\u00e4ume<\/strong>, perfekt f\u00fcr intime Zusammenk\u00fcnfte, Firmenessen oder Jubil\u00e4umsfeiern, wo personalisierte Men\u00fcs und ein engagierter Service unvergessliche Momente schaffen.<\/p><p>Wir glauben, dass Essen eine Br\u00fccke zwischen Menschen und Orten schl\u00e4gt. Deshalb bieten wir an <strong>interaktive Erlebnisse<\/strong> wie <strong>Kurse zur Herstellung von Teigtaschen<\/strong>, <strong>Teezeremonien<\/strong>, Und <strong>Abende, an denen man den K\u00fcchenchef kennenlernt<\/strong>, Dadurch k\u00f6nnen die G\u00e4ste tiefer in die Traditionen hinter den Aromen eintauchen.<\/p><h3><strong>Ein Reiseziel, das f\u00fcr Exzellenz ausgezeichnet wurde<\/strong><\/h3><p>Durchweg gelobt auf <strong>TripAdvisor-, Trip.com- und Google-Rezensionen<\/strong>, Unser Restaurant ist nicht nur f\u00fcr seine <strong>hervorragende K\u00fcche<\/strong> aber auch wegen seiner <strong>Tadelloser Service, elegantes Ambiente und unvergleichliche Lage direkt am Flussufer<\/strong>. Reisende aus aller Welt beschreiben ihre Mahlzeiten hier als \u201cden H\u00f6hepunkt ihrer Reise nach Shanghai\u201d, viele kehren einfach zur\u00fcck, um den Zauber eines Abendessens bei Sonnenuntergang am Wasser erneut zu erleben.<\/p><h3><strong>Speisen Sie dort, wo Geschichte auf Horizont trifft<\/strong><\/h3><p>Am <strong>Restaurant des Shanghai Bund Riverside Treasury Hotels<\/strong>, Jede Mahlzeit ist eine Einladung \u2013 zum Genie\u00dfen, zum Austausch, zum Feiern. Ob Sie Hotelgast sind oder als Besucher von der Aussicht auf erstklassige Gastronomie angelockt werden, wir hei\u00dfen Sie herzlich willkommen. <strong>Shanghai auf einem Teller<\/strong>, serviert mit Anmut, Leidenschaft und einem Ausblick, der den Geist der Stadt perfekt einf\u00e4ngt.<\/p><p data-spm-anchor-id=\"0.0.0.i61.5e52c921RzvBHn\"><strong>Kommen Sie wegen des Essens. Verweilen Sie im Augenblick. Lassen Sie Ihre Sinne die Seele Shanghais entdecken \u2013 Gericht f\u00fcr Gericht.<\/strong><\/p>\t\t\t\t\t\t\t\t<\/div>\n\t\t\t\t\t<\/div>\n\t\t\t\t<\/div>\n\t\t\t\t<section class=\"elementor-section elementor-top-section elementor-element elementor-element-7542869c elementor-section-stretched elementor-section-boxed elementor-section-gap-beside-yes elementor-section-height-default elementor-section-height-default elementor-section-column-vertical-align-stretch\" data-id=\"7542869c\" data-element_type=\"section\" data-e-type=\"section\" data-settings=\"{&quot;background_background&quot;:&quot;classic&quot;,&quot;stretch_section&quot;:&quot;section-stretched&quot;}\">\n\t\t\t\t\t\t<div class=\"elementor-container elementor-column-gap-extended\">\n\t\t\t\t\t<div class=\"elementor-column elementor-col-100 elementor-top-column elementor-element elementor-element-1c1f414a\" data-id=\"1c1f414a\" data-element_type=\"column\" data-e-type=\"column\">\n\t\t\t<div class=\"elementor-widget-wrap elementor-element-populated\">\n\t\t\t\t\t\t<div class=\"elementor-element elementor-element-4210b994 elementor-widget elementor-widget-heading\" data-id=\"4210b994\" data-element_type=\"widget\" data-e-type=\"widget\" data-widget_type=\"heading.default\">\n\t\t\t\t\t<h2 class=\"elementor-heading-title elementor-size-default\">Platz 8 der 4-Sterne-Select-Hotels in Shanghai\n<\/h2>\t\t\t\t<\/div>\n\t\t\t\t<div class=\"elementor-element elementor-element-7556a649 elementor-widget elementor-widget-text-editor\" data-id=\"7556a649\" data-element_type=\"widget\" data-e-type=\"widget\" data-widget_type=\"text-editor.default\">\n\t\t\t\t\t\t\t\t\t<iframe border=\"0\" src=\"https:\/\/www.trip.com\/partners\/ad\/S4819257?Allianceid=4590391&#038;SID=246906724&#038;trip_sub1=\" style=\"width:900px;height:200px\" frameborder=\"0\" scrolling=\"no\" id=\"S4819257\"><\/iframe>\t\t\t\t\t\t\t\t<\/div>\n\t\t\t\t\t<\/div>\n\t\t<\/div>\n\t\t\t\t\t<\/div>\n\t\t<\/section>\n\t\t\t\t<\/div>","protected":false},"excerpt":{"rendered":"<p>Feeling healthy and well is not a luxury but an absolute necessity. Heal both your soul and body with our miraculous treatments and return home as a new person, calm and refreshed. Nestled within the historic elegance of the Shanghai Bund Riverside Treasury Hotel at 988 Dongdaming Road, Hongkou District, Shanghai, China, 200086, lies a [&hellip;]<\/p>\n","protected":false},"author":1,"featured_media":0,"parent":0,"menu_order":0,"comment_status":"closed","ping_status":"closed","template":"","meta":{"footnotes":""},"class_list":["post-612","page","type-page","status-publish","hentry","post-no-thumbnail"],"_links":{"self":[{"href":"https:\/\/shanghaitreasuryhotel.com\/de\/wp-json\/wp\/v2\/pages\/612","targetHints":{"allow":["GET"]}}],"collection":[{"href":"https:\/\/shanghaitreasuryhotel.com\/de\/wp-json\/wp\/v2\/pages"}],"about":[{"href":"https:\/\/shanghaitreasuryhotel.com\/de\/wp-json\/wp\/v2\/types\/page"}],"author":[{"embeddable":true,"href":"https:\/\/shanghaitreasuryhotel.com\/de\/wp-json\/wp\/v2\/users\/1"}],"replies":[{"embeddable":true,"href":"https:\/\/shanghaitreasuryhotel.com\/de\/wp-json\/wp\/v2\/comments?post=612"}],"version-history":[{"count":0,"href":"https:\/\/shanghaitreasuryhotel.com\/de\/wp-json\/wp\/v2\/pages\/612\/revisions"}],"wp:attachment":[{"href":"https:\/\/shanghaitreasuryhotel.com\/de\/wp-json\/wp\/v2\/media?parent=612"}],"curies":[{"name":"wp","href":"https:\/\/api.w.org\/{rel}","templated":true}]}}