{"id":647,"date":"2021-03-29T02:13:52","date_gmt":"2021-03-29T02:13:52","guid":{"rendered":"http:\/\/localhost\/nuss\/?page_id=647"},"modified":"2025-08-10T15:11:53","modified_gmt":"2025-08-10T15:11:53","slug":"dienstleistungen","status":"publish","type":"page","link":"https:\/\/shanghaitreasuryhotel.com\/de\/dienstleistungen\/","title":{"rendered":"Dienstleistungen"},"content":{"rendered":"<div data-elementor-type=\"wp-page\" data-elementor-id=\"647\" class=\"elementor elementor-647\">\n\t\t\t\t\t\t<section class=\"elementor-section elementor-top-section elementor-element elementor-element-3353bc8 elementor-section-boxed elementor-section-gap-beside-yes elementor-section-height-default elementor-section-height-default elementor-section-column-vertical-align-stretch\" data-id=\"3353bc8\" data-element_type=\"section\" data-e-type=\"section\">\n\t\t\t\t\t\t<div class=\"elementor-container elementor-column-gap-extended\">\n\t\t\t\t\t<div class=\"elementor-column elementor-col-100 elementor-top-column elementor-element elementor-element-0a2bc64\" data-id=\"0a2bc64\" data-element_type=\"column\" data-e-type=\"column\">\n\t\t\t<div class=\"elementor-widget-wrap elementor-element-populated\">\n\t\t\t\t\t\t<div class=\"elementor-element elementor-element-447e3ef elementor-widget__width-initial elementor-invisible elementor-widget elementor-widget-text-editor\" data-id=\"447e3ef\" data-element_type=\"widget\" data-e-type=\"widget\" data-settings=\"{&quot;_animation&quot;:&quot;nussFadeInUp&quot;}\" data-widget_type=\"text-editor.default\">\n\t\t\t\t\t\t\t\t\t<p><strong data-spm-anchor-id=\"0.0.0.i71.5e52c921RzvBHn\">Entdecken Sie die umfassenden Serviceleistungen im Shanghai Bund Riverside Treasury Hotel<\/strong><\/p>\t\t\t\t\t\t\t\t<\/div>\n\t\t\t\t\t<\/div>\n\t\t<\/div>\n\t\t\t\t\t<\/div>\n\t\t<\/section>\n\t\t<div class=\"elementor-element elementor-element-5316ab3 e-flex e-con-boxed e-con e-parent\" data-id=\"5316ab3\" data-element_type=\"container\" data-e-type=\"container\">\n\t\t\t\t\t<div class=\"e-con-inner\">\n\t\t\t\t<div class=\"elementor-element elementor-element-217485b elementor-widget elementor-widget-text-editor\" data-id=\"217485b\" data-element_type=\"widget\" data-e-type=\"widget\" data-widget_type=\"text-editor.default\">\n\t\t\t\t\t\t\t\t\t<p data-spm-anchor-id=\"0.0.0.i70.5e52c921RzvBHn\">Eingebettet an den malerischen Ufern des Huangpu-Flusses bei <strong>988 Dongdaming Road, Bezirk Hongkou, Shanghai, China (200086)<\/strong>, Die <strong>Shanghai Bund Riverside Treasury Hotel<\/strong> Es pr\u00e4sentiert sich als ein exklusives Refugium, in dem historische Eleganz auf modernen Luxus trifft. Mehr als nur eine Unterkunft \u2013 dieses 5-Sterne-Boutique-Hotel bietet seinen G\u00e4sten ein gehobenes Erlebnis durch eine sorgf\u00e4ltig zusammengestellte Suite. <strong>Premium-Dienstleistungen<\/strong> Entwickelt, um den Bed\u00fcrfnissen anspruchsvoller Reisender gerecht zu werden \u2013 egal ob sie gesch\u00e4ftlich, privat oder kulturell unterwegs sind. Basierend auf echten G\u00e4steerfahrungen und verifiziertem Feedback von Reisenden auf f\u00fchrenden Plattformen wie <strong>Trip.com<\/strong>, Das Hotel hat sich weithin Anerkennung f\u00fcr seine <strong>aufmerksames Personal, reibungsloser Ablauf und durchdachte Annehmlichkeiten<\/strong> die die Erwartungen \u00fcbertreffen.<\/p><h3><strong>Herzlicher, pers\u00f6nlicher G\u00e4steservice von der Ankunft bis zur Abreise<\/strong><\/h3><p>Schon beim Betreten der prachtvollen, historisch inspirierten Lobby werden Sie mit herzlicher Gastfreundschaft und Professionalit\u00e4t empfangen. Das Hotel <strong>24-Stunden-Rezeption in mehreren Sprachen<\/strong> stellt sicher, dass G\u00e4ste aus aller Welt \u2013 von Nordamerika und Europa bis S\u00fcdostasien und Australien \u2013 eine reibungslose Kommunikation erhalten in <strong>Mandarin, Englisch und ausgew\u00e4hlte andere Sprachen<\/strong>. Ob Sie sp\u00e4t abends einchecken oder sofortige Hilfe bei der Suche nach lokalen Empfehlungen ben\u00f6tigen, das engagierte Team steht Ihnen jederzeit zur Verf\u00fcgung, um Ihnen prompte, zuvorkommende und individuelle Unterst\u00fctzung zu bieten.<\/p><p>G\u00e4ste loben h\u00e4ufig die <strong>Effizienz und Freundlichkeit des Personals<\/strong>, Zahlreiche Bewertungen auf Trip.com heben hervor, wie gut sich die Teammitglieder an wiederkehrende G\u00e4ste erinnern, deren Bed\u00fcrfnisse antizipieren und hilfreiche Tipps geben \u2013 von versteckten Restaurants bis hin zu den besten Fotospots am Bund. Dieses hohe Ma\u00df an Servicebereitschaft zeichnet die Mitarbeiter aus. <strong>menschenzentrierte Gastfreundschaft<\/strong> verwandelt einen gew\u00f6hnlichen Hotelaufenthalt in eine unvergessliche Reise.<\/p><h3><strong>Concierge-Service &amp; Reiseassistenz \u2013 Ihr pers\u00f6nlicher Shanghai-Reisef\u00fchrer<\/strong><\/h3><p>Das Hotel <strong>professioneller Concierge-Service<\/strong> ist ein Eckpfeiler des G\u00e4steerlebnisses. Ob Sie eine private Tour planen <strong>Tempel, die von Angkor Wat inspiriert wurden<\/strong>, auf der Suche nach Tickets f\u00fcr eine traditionelle <strong>Kunqu-Opernauff\u00fchrung<\/strong>, oder die Organisation eines <strong>Luxus-Flusskreuzfahrt entlang des Huangpu<\/strong>, Das Concierge-Team k\u00fcmmert sich pr\u00e4zise um jedes Detail. Sie k\u00f6nnen Ihnen auch behilflich sein bei: <strong>Tischreservierungen in von Michelin empfohlenen Restaurants<\/strong>, die Sicherung des Transports und die Buchung stark nachgefragter Attraktionen wie der <strong>Aussichtsplattform des Shanghai Tower<\/strong> oder <strong>Yu-Garten<\/strong>.<\/p><p>F\u00fcr Gesch\u00e4ftsreisende bietet der Concierge-Service folgende Dienstleistungen an: <strong>Buchung von Besprechungsr\u00e4umen, Kurierdienste, Druckauftr\u00e4ge und kurzfristige \u00c4nderungen des Reiseplans<\/strong>, wodurch sichergestellt wird, dass berufliche Verpflichtungen mit Leichtigkeit und Eleganz erf\u00fcllt werden.<\/p><h3><strong>Luxuri\u00f6se Annehmlichkeiten und Komfort im Zimmer<\/strong><\/h3><p>Jedes G\u00e4stezimmer und jede Suite im Shanghai Bund Riverside Treasury Hotel ist als Oase der Ruhe gestaltet und mit einer Reihe von Annehmlichkeiten ausgestattet. <strong>sorgf\u00e4ltig ausgew\u00e4hlte Serviceleistungen im Zimmer<\/strong>. Hohe Geschwindigkeit, <strong>kostenloses WLAN<\/strong> Gew\u00e4hrleistet unterbrechungsfreie Konnektivit\u00e4t f\u00fcr mobiles Arbeiten, Videoanrufe oder Streaming. Die Zimmer sind ausgestattet mit <strong>Intelligente Klimatisierung, schallisolierte Fenster, ergonomische Arbeitspl\u00e4tze und hochwertige Betten<\/strong> f\u00fcr einen erholsamen Schlaf.<\/p><p>Die G\u00e4ste sch\u00e4tzen die <strong>t\u00e4glicher Reinigungsservice<\/strong>, das w\u00e4hrend des gesamten Aufenthalts f\u00fcr makellose Sauberkeit und Ordnung sorgt. Zu den weiteren Annehmlichkeiten geh\u00f6ren <strong>Zimmersafes, Minibars mit lokalen und internationalen Getr\u00e4nken, Wasserkocher mit einer Auswahl an hochwertigen Tee- und Kaffeespezialit\u00e4ten<\/strong>, Und <strong>luxuri\u00f6se Badezimmerartikel<\/strong> mit nat\u00fcrlichen Inhaltsstoffen.<\/p><h3><strong>Wellness- und Freizeitangebote f\u00fcr K\u00f6rper und Geist<\/strong><\/h3><p>Wellness ist fester Bestandteil des G\u00e4steerlebnisses. Das Hotel verf\u00fcgt \u00fcber ein <strong>voll ausgestattetes Fitnesscenter<\/strong> Rund um die Uhr ge\u00f6ffnet und mit modernen Cardio- und Krafttrainingsger\u00e4ten ausgestattet \u2013 ideal f\u00fcr G\u00e4ste, die auch unterwegs ihr Trainingsprogramm beibehalten m\u00f6chten. Angrenzend befindet sich ein <strong>beheiztes Hallenbad<\/strong>, wo raumhohe Fenster einen ruhigen Blick auf den Fluss bieten und so eine friedliche Atmosph\u00e4re f\u00fcr morgendliche Schwimmrunden oder ein abendliches Bad bei sanfter Umgebungsbeleuchtung schaffen.<\/p><p>F\u00fcr ultimative Entspannung k\u00f6nnen G\u00e4ste Folgendes genie\u00dfen: <strong>Massageservice im Zimmer<\/strong> oder entspannen Sie sich im <strong>elegante Loungebereiche<\/strong> Das Hotel ist mit traditioneller chinesischer Kunst und sanfter Beleuchtung ausgestattet. Obwohl derzeit kein eigenes Spa vorhanden ist, arbeitet das Hotel mit erstklassigen Wellnessanbietern zusammen, um entsprechende Arrangements zu erm\u00f6glichen. <strong>therapeutische Behandlungen und Sch\u00f6nheitsdienstleistungen<\/strong> auf Anfrage.<\/p><h3><strong>Gastronomie und kulinarische Dienstleistungen mit Aussicht<\/strong><\/h3><p>Das Essen im Hotel ist f\u00fcr viele G\u00e4ste ein H\u00f6hepunkt. <strong>Restaurant vor Ort<\/strong> dient als Fusion von <strong>authentische Shanghaier K\u00fcche und internationale Spezialit\u00e4ten<\/strong>, mit Schwerpunkt auf frischen, saisonalen Zutaten. <strong>t\u00e4glich Fr\u00fchst\u00fccksbuffet<\/strong>\u2014h\u00e4ufig in Trip.com-Bewertungen erw\u00e4hnt \u2014 ist ein opulentes Erlebnis mit dampfenden Dim Sum, handgezogenen Nudeln, westlichen Fr\u00fchst\u00fccksklassikern und Bio-Obstplatten.<\/p><p>Der Zimmerservice steht rund um die Uhr zur Verf\u00fcgung, sodass G\u00e4ste Gourmetgerichte in der Privatsph\u00e4re ihrer Zimmer genie\u00dfen k\u00f6nnen \u2013 perfekt f\u00fcr den n\u00e4chtlichen Hei\u00dfhunger oder einen ruhigen Morgen. <strong>Bar am Flussufer<\/strong> bietet handgemachte Cocktails, edle Weine und seltene chinesische Teesorten und ist damit der ideale Ort f\u00fcr abendliche Netzwerkveranstaltungen oder romantische Treffen.<\/p><h3><strong>Gesch\u00e4fts- und Veranstaltungsunterst\u00fctzungsdienste<\/strong><\/h3><p>Das Hotel richtet sich an Gesch\u00e4ftsreisende und Veranstaltungsplaner und bietet Folgendes: <strong>umfassende Gesch\u00e4ftsdienstleistungen<\/strong>, einschlie\u00dflich eines <strong>24-Stunden-Businesscenter<\/strong> mit Druck-, Scan-, Fax- und Sekretariatsdiensten. Flexibel <strong>Tagungs- und Bankettr\u00e4ume<\/strong> sind ausgestattet mit <strong>Hochaufl\u00f6sende audiovisuelle Systeme, drahtlose Pr\u00e4sentationswerkzeuge und mehrsprachige Dolmetschfunktionen<\/strong>, Ideal f\u00fcr Konferenzen, Produkteinf\u00fchrungen und F\u00fchrungskr\u00e4fte-Retreats.<\/p><p>Engagierte Eventkoordinatoren k\u00fcmmern sich um jeden Aspekt Ihrer Veranstaltung \u2013 von Catering und Sitzordnung bis hin zu Blumendesign und Branding \u2013 und gew\u00e4hrleisten so ein reibungsloses und professionelles Erlebnis.<\/p><h3><strong>Komfort und praktische Dienstleistungen<\/strong><\/h3><p>Das Hotel versteht die praktischen Bed\u00fcrfnisse moderner Reisender und bietet daher eine breite Palette an <strong>wesentliche Dienstleistungen<\/strong>, einschlie\u00dflich:<\/p><ul><li><strong>Flughafentransfers<\/strong> (Privatwagen- oder Shuttleservice auf Anfrage verf\u00fcgbar)<\/li><li><strong>Sichere Tiefgarage<\/strong> f\u00fcr G\u00e4ste mit eigenem Fahrzeug<\/li><li><strong>Gep\u00e4ckaufbewahrung<\/strong> vor dem Einchecken oder nach dem Auschecken<\/li><li><strong>W\u00e4scherei- und Reinigungsdienste<\/strong> mit Bearbeitungszeit am selben oder am n\u00e4chsten Tag<\/li><li><strong>Unterst\u00fctzung beim W\u00e4hrungsumtausch<\/strong> und Reiseversicherungsunterst\u00fctzung<\/li><li><strong>Umweltfreundliche Initiativen<\/strong>, einschlie\u00dflich der Reduzierung von Einwegplastik und nachhaltiger Beschaffung<\/li><\/ul><p>Das Hotel ist auch <strong>100% Nichtraucher<\/strong>, Mit ausgewiesenen Raucherbereichen im Au\u00dfenbereich wird eine saubere und gesunde Umgebung f\u00fcr alle G\u00e4ste gew\u00e4hrleistet.<\/p><h3><strong>Eine Servicekultur, die auf Tradition und Herz basiert<\/strong><\/h3><p>Was wirklich ausmacht <strong>Shanghai Bund Riverside Treasury Hotel<\/strong> Das Besondere ist nicht nur die Bandbreite der angebotenen Dienstleistungen, sondern auch die <strong>Geist, in dem sie \u00fcberbracht werden<\/strong>. Das Geb\u00e4ude, einst ein historisches Schatzamt, Symbol f\u00fcr Vertrauen und verantwortungsvolles Handeln, f\u00fchrt dieses Erbe als Hotel fort. <strong>Das Wohlbefinden und die Zufriedenheit jedes Gastes gew\u00e4hrleisten.<\/strong>. Jede Interaktion, von einem herzlichen Empfang bis hin zu einem \u00fcberraschenden Zimmer-Upgrade, spiegelt das Engagement f\u00fcr Exzellenz, Sorgfalt und kulturelle Authentizit\u00e4t wider.<\/p><p>Ob Sie Shanghais pulsierende Stra\u00dfen erkunden, an einem wichtigen Meeting teilnehmen oder einfach nur einen ruhigen R\u00fcckzugsort mit Aussicht suchen, das Hotel bietet Ihnen die perfekte Umgebung. <strong>umfassende, gastorientierte Dienstleistungen<\/strong> sorgen daf\u00fcr, dass jedes Bed\u00fcrfnis vorausgesehen, jedes Detail perfektioniert und jeder Moment m\u00fchelos wirkt.<\/p><p data-spm-anchor-id=\"0.0.0.i69.5e52c921RzvBHn\"><strong>Erleben Sie Gastfreundschaft auf h\u00f6chstem Niveau. Im Shanghai Bund Riverside Treasury Hotel servieren wir nicht nur \u2013 wir k\u00fcmmern uns um Sie, erinnern uns an Sie und machen jeden Aufenthalt zu einem unvergesslichen Erlebnis.<\/strong><\/p>\t\t\t\t\t\t\t\t<\/div>\n\t\t\t\t\t<\/div>\n\t\t\t\t<\/div>\n\t\t\t\t<section class=\"elementor-section elementor-top-section elementor-element elementor-element-4adf8e1c elementor-section-stretched elementor-section-boxed elementor-section-gap-beside-yes elementor-section-height-default elementor-section-height-default elementor-section-column-vertical-align-stretch\" data-id=\"4adf8e1c\" data-element_type=\"section\" data-e-type=\"section\" data-settings=\"{&quot;background_background&quot;:&quot;classic&quot;,&quot;stretch_section&quot;:&quot;section-stretched&quot;}\">\n\t\t\t\t\t\t<div class=\"elementor-container elementor-column-gap-extended\">\n\t\t\t\t\t<div class=\"elementor-column elementor-col-100 elementor-top-column elementor-element elementor-element-2a7d0c78\" data-id=\"2a7d0c78\" data-element_type=\"column\" data-e-type=\"column\">\n\t\t\t<div class=\"elementor-widget-wrap elementor-element-populated\">\n\t\t\t\t\t\t<div class=\"elementor-element elementor-element-6c040767 elementor-widget elementor-widget-heading\" data-id=\"6c040767\" data-element_type=\"widget\" data-e-type=\"widget\" data-widget_type=\"heading.default\">\n\t\t\t\t\t<h2 class=\"elementor-heading-title elementor-size-default\">Platz 8 der 4-Sterne-Select-Hotels in Shanghai\n<\/h2>\t\t\t\t<\/div>\n\t\t\t\t<div class=\"elementor-element elementor-element-2e891d01 elementor-widget elementor-widget-text-editor\" data-id=\"2e891d01\" data-element_type=\"widget\" data-e-type=\"widget\" data-widget_type=\"text-editor.default\">\n\t\t\t\t\t\t\t\t\t<iframe border=\"0\" src=\"https:\/\/www.trip.com\/partners\/ad\/S4819257?Allianceid=4590391&#038;SID=246906724&#038;trip_sub1=\" style=\"width:900px;height:200px\" frameborder=\"0\" scrolling=\"no\" id=\"S4819257\"><\/iframe>\t\t\t\t\t\t\t\t<\/div>\n\t\t\t\t\t<\/div>\n\t\t<\/div>\n\t\t\t\t\t<\/div>\n\t\t<\/section>\n\t\t\t\t<\/div>","protected":false},"excerpt":{"rendered":"<p>Discover the Comprehensive Services at Shanghai Bund Riverside Treasury Hotel Nestled along the scenic banks of the Huangpu River at 988 Dongdaming Road, Hongkou District, Shanghai, China (200086), the Shanghai Bund Riverside Treasury Hotel stands as a refined sanctuary where historic elegance meets modern luxury. More than just a place to stay, this 5-star boutique [&hellip;]<\/p>\n","protected":false},"author":1,"featured_media":0,"parent":0,"menu_order":0,"comment_status":"closed","ping_status":"closed","template":"","meta":{"footnotes":""},"class_list":["post-647","page","type-page","status-publish","hentry","post-no-thumbnail"],"_links":{"self":[{"href":"https:\/\/shanghaitreasuryhotel.com\/de\/wp-json\/wp\/v2\/pages\/647","targetHints":{"allow":["GET"]}}],"collection":[{"href":"https:\/\/shanghaitreasuryhotel.com\/de\/wp-json\/wp\/v2\/pages"}],"about":[{"href":"https:\/\/shanghaitreasuryhotel.com\/de\/wp-json\/wp\/v2\/types\/page"}],"author":[{"embeddable":true,"href":"https:\/\/shanghaitreasuryhotel.com\/de\/wp-json\/wp\/v2\/users\/1"}],"replies":[{"embeddable":true,"href":"https:\/\/shanghaitreasuryhotel.com\/de\/wp-json\/wp\/v2\/comments?post=647"}],"version-history":[{"count":0,"href":"https:\/\/shanghaitreasuryhotel.com\/de\/wp-json\/wp\/v2\/pages\/647\/revisions"}],"wp:attachment":[{"href":"https:\/\/shanghaitreasuryhotel.com\/de\/wp-json\/wp\/v2\/media?parent=647"}],"curies":[{"name":"wp","href":"https:\/\/api.w.org\/{rel}","templated":true}]}}