{"id":2106,"date":"2021-03-25T04:08:26","date_gmt":"2021-03-25T04:08:26","guid":{"rendered":"http:\/\/localhost\/nuss\/?page_id=298"},"modified":"2025-08-10T14:49:52","modified_gmt":"2025-08-10T14:49:52","slug":"resenas-de-la-experiencia-del-cliente","status":"publish","type":"page","link":"https:\/\/shanghaitreasuryhotel.com\/es\/resenas-de-la-experiencia-del-cliente\/","title":{"rendered":"Experiencia y opiniones de clientes"},"content":{"rendered":"<div data-elementor-type=\"wp-page\" data-elementor-id=\"2106\" class=\"elementor elementor-2106\">\n\t\t\t\t\t\t<section class=\"elementor-section elementor-top-section elementor-element elementor-element-1954ffc elementor-section-boxed elementor-section-gap-beside-yes elementor-section-height-default elementor-section-height-default elementor-section-column-vertical-align-stretch\" data-id=\"1954ffc\" data-element_type=\"section\" data-e-type=\"section\">\n\t\t\t\t\t\t<div class=\"elementor-container elementor-column-gap-extended\">\n\t\t\t\t\t<div class=\"elementor-column elementor-col-100 elementor-top-column elementor-element elementor-element-86aebc5\" data-id=\"86aebc5\" data-element_type=\"column\" data-e-type=\"column\">\n\t\t\t<div class=\"elementor-widget-wrap elementor-element-populated\">\n\t\t\t\t\t\t<div class=\"elementor-element elementor-element-11803d1 elementor-widget__width-initial elementor-invisible elementor-widget elementor-widget-text-editor\" data-id=\"11803d1\" data-element_type=\"widget\" data-e-type=\"widget\" data-settings=\"{&quot;_animation&quot;:&quot;nussFadeInUp&quot;}\" data-widget_type=\"text-editor.default\">\n\t\t\t\t\t\t\t\t\t<p><strong data-spm-anchor-id=\"0.0.0.i42.5e52c921RzvBHn\">Opiniones de los hu\u00e9spedes sobre el Shanghai Bund Riverside Treasury Hotel en TripAdvisor y Trip.com<\/strong><\/p>\t\t\t\t\t\t\t\t<\/div>\n\t\t\t\t\t<\/div>\n\t\t<\/div>\n\t\t\t\t\t<\/div>\n\t\t<\/section>\n\t\t<div class=\"elementor-element elementor-element-a52973a e-flex e-con-boxed e-con e-parent\" data-id=\"a52973a\" data-element_type=\"container\" data-e-type=\"container\">\n\t\t\t\t\t<div class=\"e-con-inner\">\n\t\t\t\t<div class=\"elementor-element elementor-element-98f1357 elementor-widget elementor-widget-text-editor\" data-id=\"98f1357\" data-element_type=\"widget\" data-e-type=\"widget\" data-widget_type=\"text-editor.default\">\n\t\t\t\t\t\t\t\t\t<p data-spm-anchor-id=\"0.0.0.i41.5e52c921RzvBHn\">Ubicado a lo largo de las pintorescas orillas del r\u00edo Huangpu en <strong>988 Dongdaming Road, distrito de Hongkou, Shangh\u00e1i, China (200086)<\/strong>, el <strong>Hotel Shanghai Bund Riverside Treasury<\/strong> se ha convertido en uno de los destinos boutique de lujo m\u00e1s famosos de la ciudad, elogiado no solo por su impresionante arquitectura patrimonial y vistas panor\u00e1micas del r\u00edo, sino tambi\u00e9n por las experiencias consistentemente sobresalientes que comparten los hu\u00e9spedes en las principales plataformas de viajes como <strong>TripAdvisor<\/strong> y <strong>Trip.com<\/strong>Con una creciente colecci\u00f3n de excelentes cr\u00edticas, altas calificaciones de viajeros y sinceros testimonios de visitantes de todo el mundo, esta joya de 5 estrellas ha consolidado su reputaci\u00f3n como una excelente opci\u00f3n para viajeros exigentes que buscan elegancia, comodidad y el aut\u00e9ntico encanto de Shangh\u00e1i.<\/p><p>En <strong>TripAdvisor<\/strong>, donde el hotel mantiene una fuerte presencia y calificaciones consistentemente altas, los hu\u00e9spedes frecuentemente destacan el <strong>Impresionantes vistas del horizonte del Bund y Pudong<\/strong> como un rasgo distintivo de su estancia. Muchos viajeros describen despertarse con amaneceres dorados reflej\u00e1ndose en el r\u00edo Huangpu y terminar sus noches con rom\u00e1nticas vistas del horizonte iluminado, un espect\u00e1culo visual que ha inspirado innumerables rese\u00f1as de 5 estrellas. Una rese\u00f1a extensa de un viajero estadounidense exclama: <em>La vista desde nuestra habitaci\u00f3n vali\u00f3 cada centavo. Nos sentimos como si estuvi\u00e9ramos en una postal viviente de Shangh\u00e1i.<\/em> La transformaci\u00f3n \u00fanica del hotel, de un edificio hist\u00f3rico de tesorer\u00eda a un hotel de lujo, tambi\u00e9n es ampliamente admirada, y los hu\u00e9spedes elogian la combinaci\u00f3n perfecta de <strong>Elegancia Art Dec\u00f3 y sofisticaci\u00f3n moderna<\/strong>, calific\u00e1ndolo de &quot;una obra maestra de preservaci\u00f3n del patrimonio&quot;.<\/p><p>La satisfacci\u00f3n del hu\u00e9sped va mucho m\u00e1s all\u00e1 del paisaje. Un tema recurrente en <strong>Rese\u00f1as de Trip.com<\/strong> es el <strong>nivel excepcional de servicio<\/strong> Atendido por el atento y multiling\u00fce personal del hotel. Desde la c\u00e1lida bienvenida al registrarse hasta las recomendaciones personalizadas de restaurantes locales y lugares escondidos en la ciudad, los hu\u00e9spedes siempre destacan que el equipo se esfuerza al m\u00e1ximo. Un visitante habitual de Australia coment\u00f3: <em>Esta fue mi tercera estancia y el personal record\u00f3 mi nombre y mis preferencias. Ese tipo de trato personal es excepcional y realmente especial.<\/em> Numerosos cr\u00edticos, incluidos viajeros de negocios de Europa y Asia, elogian el <strong>eficiencia, limpieza y confort tranquilo<\/strong> de las habitaciones, y varios comentan que la insonorizaci\u00f3n lo convierte en uno de los hoteles m\u00e1s tranquilos que han experimentado en una metr\u00f3polis bulliciosa como Shanghai.<\/p><p>Tanto las familias, como las parejas y los exploradores en solitario elogian el <strong>Alojamiento espacioso y bien equipado<\/strong>\u2014una caracter\u00edstica destacada en una ciudad donde el espacio suele ser escaso. En ambos <strong>TripAdvisor y Trip.com<\/strong>Los hu\u00e9spedes mencionan con frecuencia la <strong>Ropa de cama de lujo, ba\u00f1os modernos con art\u00edculos de tocador premium, Wi-Fi de alta velocidad y dise\u00f1os de habitaciones intuitivos.<\/strong> que hacen que las estancias prolongadas sean c\u00f3modas y pr\u00e1cticas. Los viajeros con ni\u00f1os aprecian el ambiente familiar, mientras que quienes est\u00e1n de luna de miel o celebran un aniversario suelen describir su estancia como &quot;rom\u00e1ntica&quot; e &quot;inolvidable&quot;, especialmente al disfrutar de un momento privado junto al r\u00edo o durante un tranquilo desayuno con vistas.<\/p><p data-spm-anchor-id=\"0.0.0.i40.5e52c921RzvBHn\">\u00a0<\/p>\t\t\t\t\t\t\t\t<\/div>\n\t\t\t\t\t<\/div>\n\t\t\t\t<\/div>\n\t\t<div class=\"elementor-element elementor-element-0799a66 e-flex e-con-boxed e-con e-parent\" data-id=\"0799a66\" data-element_type=\"container\" data-e-type=\"container\">\n\t\t\t\t\t<div class=\"e-con-inner\">\n\t\t\t\t<div class=\"elementor-element elementor-element-01eed77 elementor-widget elementor-widget-image\" data-id=\"01eed77\" data-element_type=\"widget\" data-e-type=\"widget\" data-widget_type=\"image.default\">\n\t\t\t\t\t\t\t\t\t\t\t\t\t\t\t<img fetchpriority=\"high\" decoding=\"async\" width=\"1024\" height=\"272\" src=\"https:\/\/shanghaitreasuryhotel.com\/wp-content\/uploads\/2025\/08\/reviews-1024x272.jpg\" class=\"attachment-large size-large wp-image-5691\" alt=\"\" srcset=\"https:\/\/shanghaitreasuryhotel.com\/wp-content\/uploads\/2025\/08\/reviews-1024x272.jpg 1024w, https:\/\/shanghaitreasuryhotel.com\/wp-content\/uploads\/2025\/08\/reviews-300x80.jpg 300w, https:\/\/shanghaitreasuryhotel.com\/wp-content\/uploads\/2025\/08\/reviews-768x204.jpg 768w, https:\/\/shanghaitreasuryhotel.com\/wp-content\/uploads\/2025\/08\/reviews.jpg 1267w\" sizes=\"(max-width: 1024px) 100vw, 1024px\" \/>\t\t\t\t\t\t\t\t\t\t\t\t\t\t\t<\/div>\n\t\t\t\t\t<\/div>\n\t\t\t\t<\/div>\n\t\t<div class=\"elementor-element elementor-element-c316aaa e-flex e-con-boxed e-con e-parent\" data-id=\"c316aaa\" data-element_type=\"container\" data-e-type=\"container\">\n\t\t\t\t\t<div class=\"e-con-inner\">\n\t\t\t\t<div class=\"elementor-element elementor-element-90b0d5c elementor-widget elementor-widget-text-editor\" data-id=\"90b0d5c\" data-element_type=\"widget\" data-e-type=\"widget\" data-widget_type=\"text-editor.default\">\n\t\t\t\t\t\t\t\t\t<p>El <strong>La inmejorable ubicaci\u00f3n del hotel<\/strong> es otro punto destacado en las opiniones de los hu\u00e9spedes. Situado a pocos minutos del centro hist\u00f3rico <strong>El Bund<\/strong>, a poca distancia de <strong>Distrito financiero de Lujiazui<\/strong>, y un corto viaje en metro desde <strong>Calle Nanjing<\/strong> y <strong>Plaza del Pueblo<\/strong>El Shanghai Bund Riverside Treasury Hotel ofrece el equilibrio perfecto entre accesibilidad y serenidad. Opiniones sobre <strong>Trip.com<\/strong> Con frecuencia se menciona lo f\u00e1cil que es explorar las principales atracciones y muchos aplauden la proximidad a ellas. <strong>Estaci\u00f3n de metro de Dongbaoxing Road (l\u00edneas 10 y 12)<\/strong>, que conecta a la perfecci\u00f3n con el resto de la ciudad. Al mismo tiempo, a los hu\u00e9spedes les encanta que el hotel se sienta como un... <strong>refugio tranquilo<\/strong>\u2014un remanso de paz despu\u00e9s de un d\u00eda recorriendo las vibrantes calles de Shanghai.<\/p><p>Las experiencias gastron\u00f3micas tambi\u00e9n han recibido grandes elogios. <strong>desayuno buffet diario<\/strong> recibe elogios constantes por su amplia variedad, frescura e inclusi\u00f3n de especialidades chinas, como <em>xiao largo bao<\/em> y congee, y opciones internacionales como huevos, pasteles y fruta fresca. Varios <strong>Cr\u00edticos de TripAdvisor<\/strong> Mencionar espec\u00edficamente el <strong>servicio de t\u00e9 de la tarde<\/strong> y c\u00f3cteles por la noche en el sal\u00f3n junto al r\u00edo, que lo describe como &quot;la manera perfecta de relajarse con vistas&quot;. Los viajeros de negocios aprecian la estaci\u00f3n de caf\u00e9 disponible las 24 horas y el eficiente servicio de habitaciones, mientras que los hu\u00e9spedes de ocio disfrutan de las recomendaciones gastron\u00f3micas del conserje.<\/p><p>La sostenibilidad y la atenci\u00f3n al detalle se mencionan cada vez m\u00e1s en las rese\u00f1as recientes. Los hu\u00e9spedes con conciencia ecol\u00f3gica aprecian los esfuerzos del hotel por reducir los residuos pl\u00e1sticos, ofrecer art\u00edculos de tocador recargables y promover pr\u00e1cticas ecol\u00f3gicas sin comprometer el lujo. La limpieza sigue siendo una prioridad absoluta, y numerosos hu\u00e9spedes... <strong>Trip.com<\/strong> destacando que las habitaciones y \u00e1reas p\u00fablicas estaban \u201cimpecables\u201d y \u201climpias como en un hospital\u201d, un factor crucial para los viajeros internacionales.<\/p><p>Con un n\u00famero creciente de <strong>rese\u00f1as positivas verificadas<\/strong> en ambos <strong>TripAdvisor<\/strong> y <strong>Trip.com<\/strong>, incluyendo galardones como el estatus de \u201cHotel Premium\u201d y \u201cPuntuaci\u00f3n de rese\u00f1as de hu\u00e9spedes superior\u201d, el <strong>Hotel Shanghai Bund Riverside Treasury<\/strong> Se ha convertido en un referente de excelencia en la hospitalidad de Shangh\u00e1i. Ya sea por su ambiente hist\u00f3rico, su servicio impecable o su inolvidable ubicaci\u00f3n junto al r\u00edo, las voces de hu\u00e9spedes reales cuentan una historia impactante: este es m\u00e1s que un simple lugar para dormir; es un destino en s\u00ed mismo.<\/p><p data-spm-anchor-id=\"0.0.0.i40.5e52c921RzvBHn\"><strong>Descubra por qu\u00e9 viajeros de todo el mundo vuelven una y otra vez. Deje que las aut\u00e9nticas y sinceras rese\u00f1as gu\u00eden su pr\u00f3xima escapada de lujo al coraz\u00f3n de Shangh\u00e1i. Experimente el legado, la elegancia y la inigualable satisfacci\u00f3n del hu\u00e9sped en el Shanghai Bund Riverside Treasury Hotel, donde cada estancia se convierte en un recuerdo imborrable.<\/strong><\/p>\t\t\t\t\t\t\t\t<\/div>\n\t\t\t\t\t<\/div>\n\t\t\t\t<\/div>\n\t\t\t\t<section class=\"elementor-section elementor-top-section elementor-element elementor-element-34cda49b elementor-section-stretched elementor-section-boxed elementor-section-gap-beside-yes elementor-section-height-default elementor-section-height-default elementor-section-column-vertical-align-stretch\" data-id=\"34cda49b\" data-element_type=\"section\" data-e-type=\"section\" data-settings=\"{&quot;background_background&quot;:&quot;classic&quot;,&quot;stretch_section&quot;:&quot;section-stretched&quot;}\">\n\t\t\t\t\t\t<div class=\"elementor-container elementor-column-gap-extended\">\n\t\t\t\t\t<div class=\"elementor-column elementor-col-100 elementor-top-column elementor-element elementor-element-25dc9fca\" data-id=\"25dc9fca\" data-element_type=\"column\" data-e-type=\"column\">\n\t\t\t<div class=\"elementor-widget-wrap elementor-element-populated\">\n\t\t\t\t\t\t<div class=\"elementor-element elementor-element-6ca0e86d elementor-widget elementor-widget-heading\" data-id=\"6ca0e86d\" data-element_type=\"widget\" data-e-type=\"widget\" data-widget_type=\"heading.default\">\n\t\t\t\t\t<h2 class=\"elementor-heading-title elementor-size-default\">TOP 10: Hoteles selectos de 4 estrellas en Shangh\u00e1i\n<\/h2>\t\t\t\t<\/div>\n\t\t\t\t<div class=\"elementor-element elementor-element-4e1bd965 elementor-widget elementor-widget-text-editor\" data-id=\"4e1bd965\" data-element_type=\"widget\" data-e-type=\"widget\" data-widget_type=\"text-editor.default\">\n\t\t\t\t\t\t\t\t\t<iframe border=\"0\" src=\"https:\/\/www.trip.com\/partners\/ad\/S4819257?Allianceid=4590391&#038;SID=246906724&#038;trip_sub1=\" style=\"width:900px;height:200px\" frameborder=\"0\" scrolling=\"no\" id=\"S4819257\"><\/iframe>\t\t\t\t\t\t\t\t<\/div>\n\t\t\t\t\t<\/div>\n\t\t<\/div>\n\t\t\t\t\t<\/div>\n\t\t<\/section>\n\t\t\t\t<\/div>","protected":false},"excerpt":{"rendered":"<p>What Guests Are Saying About Shanghai Bund Riverside Treasury Hotel on TripAdvisor and Trip.com Nestled along the scenic banks of the Huangpu River at 988 Dongdaming Road, Hongkou District, Shanghai, China (200086), the Shanghai Bund Riverside Treasury Hotel has emerged as one of the city\u2019s most celebrated boutique luxury destinations\u2014praised not only for its stunning [&hellip;]<\/p>\n","protected":false},"author":1,"featured_media":0,"parent":0,"menu_order":0,"comment_status":"closed","ping_status":"closed","template":"","meta":{"footnotes":""},"class_list":["post-2106","page","type-page","status-publish","hentry","post-no-thumbnail"],"_links":{"self":[{"href":"https:\/\/shanghaitreasuryhotel.com\/es\/wp-json\/wp\/v2\/pages\/2106","targetHints":{"allow":["GET"]}}],"collection":[{"href":"https:\/\/shanghaitreasuryhotel.com\/es\/wp-json\/wp\/v2\/pages"}],"about":[{"href":"https:\/\/shanghaitreasuryhotel.com\/es\/wp-json\/wp\/v2\/types\/page"}],"author":[{"embeddable":true,"href":"https:\/\/shanghaitreasuryhotel.com\/es\/wp-json\/wp\/v2\/users\/1"}],"replies":[{"embeddable":true,"href":"https:\/\/shanghaitreasuryhotel.com\/es\/wp-json\/wp\/v2\/comments?post=2106"}],"version-history":[{"count":0,"href":"https:\/\/shanghaitreasuryhotel.com\/es\/wp-json\/wp\/v2\/pages\/2106\/revisions"}],"wp:attachment":[{"href":"https:\/\/shanghaitreasuryhotel.com\/es\/wp-json\/wp\/v2\/media?parent=2106"}],"curies":[{"name":"gracias","href":"https:\/\/api.w.org\/{rel}","templated":true}]}}