{"id":2109,"date":"2021-03-26T08:35:58","date_gmt":"2021-03-26T08:35:58","guid":{"rendered":"http:\/\/localhost\/nuss\/?page_id=536"},"modified":"2025-08-10T15:15:06","modified_gmt":"2025-08-10T15:15:06","slug":"instalaciones-comerciales","status":"publish","type":"page","link":"https:\/\/shanghaitreasuryhotel.com\/es\/instalaciones-comerciales\/","title":{"rendered":"Instalaciones comerciales"},"content":{"rendered":"<div data-elementor-type=\"wp-page\" data-elementor-id=\"2109\" class=\"elementor elementor-2109\">\n\t\t\t\t\t\t<section class=\"elementor-section elementor-top-section elementor-element elementor-element-bb2901b elementor-section-boxed elementor-section-gap-beside-yes elementor-section-height-default elementor-section-height-default elementor-section-column-vertical-align-stretch\" data-id=\"bb2901b\" data-element_type=\"section\" data-e-type=\"section\">\n\t\t\t\t\t\t<div class=\"elementor-container elementor-column-gap-extended\">\n\t\t\t\t\t<div class=\"elementor-column elementor-col-100 elementor-top-column elementor-element elementor-element-1919db9\" data-id=\"1919db9\" data-element_type=\"column\" data-e-type=\"column\">\n\t\t\t<div class=\"elementor-widget-wrap elementor-element-populated\">\n\t\t\t\t\t\t<div class=\"elementor-element elementor-element-41a7b9c elementor-widget__width-initial elementor-invisible elementor-widget elementor-widget-text-editor\" data-id=\"41a7b9c\" data-element_type=\"widget\" data-e-type=\"widget\" data-settings=\"{&quot;_animation&quot;:&quot;nussFadeInUp&quot;}\" data-widget_type=\"text-editor.default\">\n\t\t\t\t\t\t\t\t\tMejore su experiencia profesional: Instalaciones empresariales en el Shanghai Bund Riverside Treasury Hotel: donde la tradici\u00f3n se fusiona con el alto rendimiento en el coraz\u00f3n de Shangh\u00e1i \t\t\t\t\t\t\t\t<\/div>\n\t\t\t\t\t<\/div>\n\t\t<\/div>\n\t\t\t\t\t<\/div>\n\t\t<\/section>\n\t\t<div class=\"elementor-element elementor-element-4b9a022 e-flex e-con-boxed e-con e-parent\" data-id=\"4b9a022\" data-element_type=\"container\" data-e-type=\"container\">\n\t\t\t\t\t<div class=\"e-con-inner\">\n\t\t\t\t<div class=\"elementor-element elementor-element-4cd91dc elementor-widget elementor-widget-image\" data-id=\"4cd91dc\" data-element_type=\"widget\" data-e-type=\"widget\" data-widget_type=\"image.default\">\n\t\t\t\t\t\t\t\t\t\t\t\t\t\t\t<img fetchpriority=\"high\" decoding=\"async\" width=\"1024\" height=\"682\" src=\"https:\/\/shanghaitreasuryhotel.com\/wp-content\/uploads\/2025\/08\/Shanghai-Bund-Riverside-Treasury-Hotel-15-1024x682.webp\" class=\"attachment-large size-large wp-image-5557\" alt=\"\" srcset=\"https:\/\/shanghaitreasuryhotel.com\/wp-content\/uploads\/2025\/08\/Shanghai-Bund-Riverside-Treasury-Hotel-15-1024x682.webp 1024w, https:\/\/shanghaitreasuryhotel.com\/wp-content\/uploads\/2025\/08\/Shanghai-Bund-Riverside-Treasury-Hotel-15-300x200.webp 300w, https:\/\/shanghaitreasuryhotel.com\/wp-content\/uploads\/2025\/08\/Shanghai-Bund-Riverside-Treasury-Hotel-15-768x512.webp 768w, https:\/\/shanghaitreasuryhotel.com\/wp-content\/uploads\/2025\/08\/Shanghai-Bund-Riverside-Treasury-Hotel-15.webp 1280w\" sizes=\"(max-width: 1024px) 100vw, 1024px\" \/>\t\t\t\t\t\t\t\t\t\t\t\t\t\t\t<\/div>\n\t\t\t\t\t<\/div>\n\t\t\t\t<\/div>\n\t\t<div class=\"elementor-element elementor-element-9a3a851 e-flex e-con-boxed e-con e-parent\" data-id=\"9a3a851\" data-element_type=\"container\" data-e-type=\"container\">\n\t\t\t\t\t<div class=\"e-con-inner\">\n\t\t\t\t<div class=\"elementor-element elementor-element-93784ef elementor-widget elementor-widget-text-editor\" data-id=\"93784ef\" data-element_type=\"widget\" data-e-type=\"widget\" data-widget_type=\"text-editor.default\">\n\t\t\t\t\t\t\t\t\t<p data-spm-anchor-id=\"0.0.0.i50.5e52c921RzvBHn\">Para viajeros de negocios y planificadores corporativos que buscan una combinaci\u00f3n perfecta de elegancia, eficiencia y funcionalidad de vanguardia, el <strong>Hotel Shanghai Bund Riverside Treasury<\/strong> en <strong>988 Dongdaming Road, distrito de Hongkou, Shangh\u00e1i, China (200086)<\/strong> Se erige como un destino de primer nivel para la excelencia profesional. Ubicado en un hist\u00f3rico edificio del tesoro, meticulosamente restaurado, que en su d\u00eda desempe\u00f1\u00f3 un papel fundamental en el legado financiero de Shangh\u00e1i, el hotel ha reinventado su legado para convertirlo en un moderno centro de negocios totalmente equipado, dise\u00f1ado para satisfacer las demandas de los profesionales globales de hoy.<\/p><div class=\"my-2\">\u00a0<\/div><p>Ubicado estrat\u00e9gicamente a lo largo del pintoresco r\u00edo Huangpu y a solo minutos de centros comerciales clave como <strong>Lujiazui, el Bund y el distrito financiero del norte del Bund<\/strong>El hotel ofrece un entorno ideal para reuniones de negocios, retiros ejecutivos, eventos corporativos y conferencias internacionales. Ya sea un emprendedor individual, un alto ejecutivo o est\u00e9 organizando una gran reuni\u00f3n corporativa, nuestro <strong>instalaciones comerciales integrales<\/strong> Est\u00e1n cuidadosamente dise\u00f1ados para inspirar la productividad, fomentar la colaboraci\u00f3n y ofrecer una ejecuci\u00f3n impecable, todo dentro de una atm\u00f3sfera de sofisticaci\u00f3n atemporal.<\/p><div class=\"my-2\">\u00a0<\/div><h3><strong>Espacios de \u00faltima generaci\u00f3n para reuniones y conferencias<\/strong><\/h3><p>El hotel cuenta con una selecci\u00f3n de <strong>Salas de reuniones y lugares para eventos elegantes y flexibles<\/strong> totalizando m\u00e1s de <strong>500 metros cuadrados<\/strong>Con capacidad para albergar reuniones, desde reuniones \u00edntimas de 10 invitados en salas de juntas hasta grandes galas corporativas de hasta 200 asistentes. Cada espacio est\u00e1 ba\u00f1ado de luz natural, adornado con una decoraci\u00f3n refinada que combina la herencia Art D\u00e9co con el minimalismo contempor\u00e1neo, y equipado con... <strong>tecnolog\u00eda audiovisual avanzada<\/strong>, incluyendo proyectores de alta definici\u00f3n, pantallas LED, sistemas de presentaci\u00f3n inal\u00e1mbricos, micr\u00f3fonos incorporados y equipos de interpretaci\u00f3n en varios idiomas para conferencias internacionales.<\/p><div class=\"my-2\">\u00a0<\/div><p>Nuestro buque insignia <strong>Sal\u00f3n del Tesoro<\/strong> es una obra maestra de dise\u00f1o y funcionalidad, perfecta para lanzamientos de productos, reuniones de accionistas o banquetes empresariales de alto perfil. Con <strong>Paredes insonorizadas, cortinas opacas e iluminaci\u00f3n personalizable.<\/strong>El espacio garantiza privacidad y adaptabilidad para cualquier ocasi\u00f3n. Para reuniones m\u00e1s peque\u00f1as y estrat\u00e9gicas, nuestro... <strong>Salas de juntas y suites ejecutivas<\/strong> Ofrecemos un entorno privado y libre de distracciones con vistas panor\u00e1micas al r\u00edo que inspiran claridad y confianza.<\/p><div class=\"my-2\">\u00a0<\/div><h3><strong>Centro de negocios dedicado y soporte 24\/7<\/strong><\/h3><p>Al comprender la naturaleza impredecible de los negocios globales, el hotel ofrece una <strong>Centro de negocios con servicio completo abierto las 24 horas<\/strong> Equipado con internet de alta velocidad, estaciones de trabajo ergon\u00f3micas, impresi\u00f3n, escaneo, fax y soporte de secretar\u00eda. Ya sea que necesite finalizar una presentaci\u00f3n a medianoche, imprimir contratos para firmarlos por la ma\u00f1ana o celebrar una reuni\u00f3n virtual con su equipo en el extranjero, nuestro <strong>personal multiling\u00fce<\/strong> Estamos a su disposici\u00f3n para ayudarle con profesionalismo y discreci\u00f3n.<\/p><div class=\"my-2\">\u00a0<\/div><p>Todas las habitaciones y suites tambi\u00e9n funcionan como oficinas privadas, con <strong>Escritorios ergon\u00f3micos, tel\u00e9fonos de dos l\u00edneas, tomas de corriente universales y Wi-Fi ultrarr\u00e1pido.<\/strong> Optimizado para plataformas de videoconferencia como Zoom, Microsoft Teams y Tencent Meeting. La conectividad fluida te permite controlar tu agenda, sin importar tu zona horaria.<\/p><div class=\"my-2\">\u00a0<\/div><h3><strong>Conectividad perfecta y ubicaci\u00f3n estrat\u00e9gica<\/strong><\/h3><p>La ubicaci\u00f3n del hotel en <strong>Distrito de Hongkou<\/strong> te sit\u00faa en la encrucijada de la innovaci\u00f3n y la tradici\u00f3n. Solo un <strong>A 10 minutos en coche de Lujiazui<\/strong>\u2014Epicentro financiero de Shangh\u00e1i\u2014 y con f\u00e1cil acceso a sedes corporativas multinacionales, embajadas y centros comerciales, el hotel es una base estrat\u00e9gica para negocios en todas las industrias. Con <strong>Estaci\u00f3n de metro de Dongbaoxing Road (l\u00edneas 10 y 12)<\/strong> A solo 10 minutos a pie, viajando a <strong>Pudong, Jing&#039;an o Xintiandi<\/strong> Es sencillo y eficiente.<\/p><div class=\"my-2\">\u00a0<\/div><p>Para los delegados internacionales, el hotel es <strong>A 35 minutos del Aeropuerto Internacional de Shangh\u00e1i Hongqiao<\/strong> y <strong>A 50 minutos del Aeropuerto Internacional de Pudong<\/strong>, con <strong>servicios de traslado en limusina<\/strong> Disponible para garantizar puntualidad y comodidad.<\/p><div class=\"my-2\">\u00a0<\/div><h3><strong>Servicios corporativos personalizados y planificaci\u00f3n de eventos<\/strong><\/h3><p>Nuestro <strong>Equipo dedicado a eventos y servicios empresariales<\/strong> Ofrecemos soporte integral para clientes corporativos, incluyendo catering personalizado, se\u00f1alizaci\u00f3n de marca, distribuci\u00f3n de asientos, ensayos t\u00e9cnicos y resoluci\u00f3n de problemas en tiempo real. Colaboramos estrechamente con nuestros clientes para dise\u00f1ar experiencias que reflejen su identidad de marca, ya sea un lanzamiento de producto din\u00e1mico, una cena formal de premios o un retiro de team building con networking a orillas del r\u00edo.<\/p><div class=\"my-2\">\u00a0<\/div><p>El catering est\u00e1 a cargo de nuestro galardonado equipo culinario y ofrece <strong>Almuerzos de negocios elegantes, pausas para el caf\u00e9 con pasteles locales y recepciones con cenas gourmet.<\/strong> con una fusi\u00f3n de sabores de Shangh\u00e1i y cocina internacional, todo servido con un servicio impecable.<\/p><div class=\"my-2\">\u00a0<\/div><h3><strong>Un legado de confianza, reinventado para las empresas modernas<\/strong><\/h3><p>El edificio, que en su d\u00eda fue un s\u00edmbolo de autoridad financiera en Shangh\u00e1i a principios del siglo XX, ahora canaliza ese legado para empoderar a los l\u00edderes empresariales de la actualidad. <strong>Hotel Shanghai Bund Riverside Treasury<\/strong> No solo proporciona espacio: ofrece un entorno donde las ideas florecen, se cierran acuerdos y se construyen relaciones profesionales duraderas.<\/p><div class=\"my-2\">\u00a0<\/div><p>Desde la majestuosidad de su arquitectura hist\u00f3rica hasta la precisi\u00f3n de su infraestructura tecnol\u00f3gica, cada detalle ha sido dise\u00f1ado para impulsar su \u00e9xito. Ya sea que est\u00e9 cerrando un acuerdo multimillonario, organizando una cumbre regional o simplemente necesita una sala tranquila y bien conectada para trabajar, el hotel combina <strong>Lujo, ubicaci\u00f3n y excelencia log\u00edstica<\/strong> Redefinir el est\u00e1ndar de la hospitalidad empresarial en Shanghai.<\/p><div class=\"my-2\">\u00a0<\/div><p data-spm-anchor-id=\"0.0.0.i52.5e52c921RzvBHn\"><strong>Elija Shanghai Bund Riverside Treasury Hotel, donde la historia se encuentra con la innovaci\u00f3n y cada reuni\u00f3n es un hito.<\/strong><\/p>\t\t\t\t\t\t\t\t<\/div>\n\t\t\t\t\t<\/div>\n\t\t\t\t<\/div>\n\t\t\t\t<section class=\"elementor-section elementor-top-section elementor-element elementor-element-4eb93d05 elementor-section-stretched elementor-section-boxed elementor-section-gap-beside-yes elementor-section-height-default elementor-section-height-default elementor-section-column-vertical-align-stretch\" data-id=\"4eb93d05\" data-element_type=\"section\" data-e-type=\"section\" data-settings=\"{&quot;background_background&quot;:&quot;classic&quot;,&quot;stretch_section&quot;:&quot;section-stretched&quot;}\">\n\t\t\t\t\t\t<div class=\"elementor-container elementor-column-gap-extended\">\n\t\t\t\t\t<div class=\"elementor-column elementor-col-100 elementor-top-column elementor-element elementor-element-64151dfa\" data-id=\"64151dfa\" data-element_type=\"column\" data-e-type=\"column\">\n\t\t\t<div class=\"elementor-widget-wrap elementor-element-populated\">\n\t\t\t\t\t\t<div class=\"elementor-element elementor-element-49b3f69b elementor-widget elementor-widget-heading\" data-id=\"49b3f69b\" data-element_type=\"widget\" data-e-type=\"widget\" data-widget_type=\"heading.default\">\n\t\t\t\t\t<h2 class=\"elementor-heading-title elementor-size-default\">Hotel n\u00famero 8 de 4 estrellas Select en Shangh\u00e1i\n<\/h2>\t\t\t\t<\/div>\n\t\t\t\t<div class=\"elementor-element elementor-element-7f6d9363 elementor-widget elementor-widget-text-editor\" data-id=\"7f6d9363\" data-element_type=\"widget\" data-e-type=\"widget\" data-widget_type=\"text-editor.default\">\n\t\t\t\t\t\t\t\t\t<iframe border=\"0\" src=\"https:\/\/www.trip.com\/partners\/ad\/S4819257?Allianceid=4590391&#038;SID=246906724&#038;trip_sub1=\" style=\"width:900px;height:200px\" frameborder=\"0\" scrolling=\"no\" id=\"S4819257\"><\/iframe>\t\t\t\t\t\t\t\t<\/div>\n\t\t\t\t\t<\/div>\n\t\t<\/div>\n\t\t\t\t\t<\/div>\n\t\t<\/section>\n\t\t\t\t<\/div>","protected":false},"excerpt":{"rendered":"<p>Elevate Your Professional Experience: Business Facilities at Shanghai Bund Riverside Treasury Hotel \u2013 Where Heritage Meets High-Performance in the Heart of Shanghai For business travelers and corporate planners seeking a seamless blend of elegance, efficiency, and cutting-edge functionality, the Shanghai Bund Riverside Treasury Hotel at 988 Dongdaming Road, Hongkou District, Shanghai, China (200086) stands as [&hellip;]<\/p>\n","protected":false},"author":1,"featured_media":0,"parent":0,"menu_order":0,"comment_status":"closed","ping_status":"closed","template":"","meta":{"footnotes":""},"class_list":["post-2109","page","type-page","status-publish","hentry","post-no-thumbnail"],"_links":{"self":[{"href":"https:\/\/shanghaitreasuryhotel.com\/es\/wp-json\/wp\/v2\/pages\/2109","targetHints":{"allow":["GET"]}}],"collection":[{"href":"https:\/\/shanghaitreasuryhotel.com\/es\/wp-json\/wp\/v2\/pages"}],"about":[{"href":"https:\/\/shanghaitreasuryhotel.com\/es\/wp-json\/wp\/v2\/types\/page"}],"author":[{"embeddable":true,"href":"https:\/\/shanghaitreasuryhotel.com\/es\/wp-json\/wp\/v2\/users\/1"}],"replies":[{"embeddable":true,"href":"https:\/\/shanghaitreasuryhotel.com\/es\/wp-json\/wp\/v2\/comments?post=2109"}],"version-history":[{"count":0,"href":"https:\/\/shanghaitreasuryhotel.com\/es\/wp-json\/wp\/v2\/pages\/2109\/revisions"}],"wp:attachment":[{"href":"https:\/\/shanghaitreasuryhotel.com\/es\/wp-json\/wp\/v2\/media?parent=2109"}],"curies":[{"name":"gracias","href":"https:\/\/api.w.org\/{rel}","templated":true}]}}