{"id":612,"date":"2021-03-26T10:04:13","date_gmt":"2021-03-26T10:04:13","guid":{"rendered":"http:\/\/localhost\/nuss\/?page_id=612"},"modified":"2025-08-10T15:06:50","modified_gmt":"2025-08-10T15:06:50","slug":"restaurante","status":"publish","type":"page","link":"https:\/\/shanghaitreasuryhotel.com\/es\/restaurante\/","title":{"rendered":"Restaurante"},"content":{"rendered":"<div data-elementor-type=\"wp-page\" data-elementor-id=\"612\" class=\"elementor elementor-612\">\n\t\t\t\t\t\t<section class=\"elementor-section elementor-top-section elementor-element elementor-element-e2effe8 elementor-section-boxed elementor-section-gap-beside-yes elementor-section-height-default elementor-section-height-default elementor-section-column-vertical-align-stretch\" data-id=\"e2effe8\" data-element_type=\"section\" data-e-type=\"section\">\n\t\t\t\t\t\t<div class=\"elementor-container elementor-column-gap-extended\">\n\t\t\t\t\t<div class=\"elementor-column elementor-col-100 elementor-top-column elementor-element elementor-element-e18f688\" data-id=\"e18f688\" data-element_type=\"column\" data-e-type=\"column\">\n\t\t\t<div class=\"elementor-widget-wrap elementor-element-populated\">\n\t\t\t\t\t\t<div class=\"elementor-element elementor-element-6db146d elementor-widget__width-initial elementor-invisible elementor-widget elementor-widget-text-editor\" data-id=\"6db146d\" data-element_type=\"widget\" data-e-type=\"widget\" data-settings=\"{&quot;_animation&quot;:&quot;nussFadeInUp&quot;}\" data-widget_type=\"text-editor.default\">\n\t\t\t\t\t\t\t\t\t<p>Sentirse sano y bien no es un lujo, sino una necesidad absoluta. Sana tu alma y tu cuerpo con nuestros tratamientos milagrosos y regresa a casa como una persona renovada, tranquila y renovada.<\/p>\t\t\t\t\t\t\t\t<\/div>\n\t\t\t\t\t<\/div>\n\t\t<\/div>\n\t\t\t\t\t<\/div>\n\t\t<\/section>\n\t\t<div class=\"elementor-element elementor-element-87d6007 e-flex e-con-boxed e-con e-parent\" data-id=\"87d6007\" data-element_type=\"container\" data-e-type=\"container\">\n\t\t\t\t\t<div class=\"e-con-inner\">\n\t\t\t\t<div class=\"elementor-element elementor-element-c789e9a elementor-widget elementor-widget-image\" data-id=\"c789e9a\" data-element_type=\"widget\" data-e-type=\"widget\" data-widget_type=\"image.default\">\n\t\t\t\t\t\t\t\t\t\t\t\t\t\t\t<img fetchpriority=\"high\" decoding=\"async\" width=\"1024\" height=\"682\" src=\"https:\/\/shanghaitreasuryhotel.com\/wp-content\/uploads\/2025\/08\/Shanghai-Bund-Riverside-Treasury-Hotel-30-1024x682.webp\" class=\"attachment-large size-large wp-image-5572\" alt=\"\" srcset=\"https:\/\/shanghaitreasuryhotel.com\/wp-content\/uploads\/2025\/08\/Shanghai-Bund-Riverside-Treasury-Hotel-30-1024x682.webp 1024w, https:\/\/shanghaitreasuryhotel.com\/wp-content\/uploads\/2025\/08\/Shanghai-Bund-Riverside-Treasury-Hotel-30-300x200.webp 300w, https:\/\/shanghaitreasuryhotel.com\/wp-content\/uploads\/2025\/08\/Shanghai-Bund-Riverside-Treasury-Hotel-30-768x512.webp 768w, https:\/\/shanghaitreasuryhotel.com\/wp-content\/uploads\/2025\/08\/Shanghai-Bund-Riverside-Treasury-Hotel-30.webp 1280w\" sizes=\"(max-width: 1024px) 100vw, 1024px\" \/>\t\t\t\t\t\t\t\t\t\t\t\t\t\t\t<\/div>\n\t\t\t\t\t<\/div>\n\t\t\t\t<\/div>\n\t\t<div class=\"elementor-element elementor-element-9807a84 e-flex e-con-boxed e-con e-parent\" data-id=\"9807a84\" data-element_type=\"container\" data-e-type=\"container\">\n\t\t\t\t\t<div class=\"e-con-inner\">\n\t\t\t\t<div class=\"elementor-element elementor-element-3bca171 elementor-widget elementor-widget-text-editor\" data-id=\"3bca171\" data-element_type=\"widget\" data-e-type=\"widget\" data-widget_type=\"text-editor.default\">\n\t\t\t\t\t\t\t\t\t<p data-spm-anchor-id=\"0.0.0.i62.5e52c921RzvBHn\">Ubicado dentro de la elegancia hist\u00f3rica de la <strong>Hotel Shanghai Bund Riverside Treasury<\/strong> en <strong>988 Dongdaming Road, distrito de Hongkou, Shanghai, China, 200086<\/strong>, se encuentra un destino culinario que trasciende lo ordinario: el restaurante insignia del hotel. <strong>restaurante en el lugar<\/strong>Donde la tradici\u00f3n, el arte y el sabor convergen en perfecta armon\u00eda. M\u00e1s que un simple lugar para comer, nuestro restaurante es una celebraci\u00f3n de la rica esencia gastron\u00f3mica de Shangh\u00e1i, reimaginada a trav\u00e9s de la sofisticaci\u00f3n moderna y el romanticismo ribere\u00f1o.<\/p><p>Al entrar en el elegante comedor, se sentir\u00e1 inmediatamente envuelto en una atm\u00f3sfera de encanto atemporal. Techos altos, detalles de inspiraci\u00f3n art d\u00e9co y ventanales de suelo a techo enmarcan impresionantes vistas panor\u00e1micas del... <strong>R\u00edo Huangpu<\/strong>, con el brillante horizonte de <strong>Pudong<\/strong> Resplandeciendo sobre el agua como un lienzo viviente. Ya sea ba\u00f1ado por el resplandor dorado del amanecer o iluminado por las deslumbrantes luces nocturnas de la ciudad, cada comida se convierte en una obra maestra para los sentidos, una experiencia que perdura en la memoria mucho despu\u00e9s del \u00faltimo bocado.<\/p><h3><strong>Una filosof\u00eda culinaria arraigada en la tradici\u00f3n y la innovaci\u00f3n<\/strong><\/h3><p>En el coraz\u00f3n de nuestro restaurante hay un profundo respeto por <strong>cocina de Shangh\u00e1i<\/strong>, reconocido por su delicado equilibrio de sabores dulces, salados y umami. Nuestro galardonado equipo culinario, liderado por chefs experimentados con d\u00e9cadas de experiencia en gastronom\u00eda regional e internacional, rinde homenaje a recetas cl\u00e1sicas transmitidas de generaci\u00f3n en generaci\u00f3n, como <em>Hongshao Rou<\/em> (panceta de cerdo estofada), <em>xiao largo bao<\/em> (empanadillas de sopa), y <em>pollo borracho<\/em>\u2014al tiempo que introducimos sutiles t\u00e9cnicas contempor\u00e1neas que elevan cada plato a nuevas alturas.<\/p><p>Pero nuestro men\u00fa no tiene fronteras. Nos inspiramos en todo el mundo. <strong>China y el mundo<\/strong>Ofrecemos una selecci\u00f3n cuidadosamente seleccionada de <strong>Delicias cantonesas, especias de Sichuan, especialidades del norte de China y refinados platos occidentales.<\/strong>Garantizamos una experiencia diversa y satisfactoria para todos los paladares. Desde los mariscos locales m\u00e1s frescos hasta ingredientes importados de primera calidad, cada ingrediente se obtiene con la sostenibilidad y la calidad en mente.<\/p><h3><strong>Experiencias gastron\u00f3micas exclusivas<\/strong><\/h3><p>Empieza tu d\u00eda con nuestro <strong>legendario buffet de desayuno<\/strong>Un suntuoso banquete que marca la pauta de la excelencia. Los comensales se deleitan con una fusi\u00f3n de platos orientales y occidentales: humeantes cestas de bamb\u00fa con dim sum, fideos artesanales, gachas de avena con huevo centenario y cerdo, adem\u00e1s de panes artesanales, frutas org\u00e1nicas, embutidos premium y caf\u00e9 reci\u00e9n hecho de las plantaciones de Yunnan. Es la manera perfecta de iniciarse en la exploraci\u00f3n de las vibrantes calles y lugares emblem\u00e1ticos de Shangh\u00e1i.<\/p><p data-spm-anchor-id=\"0.0.0.i63.5e52c921RzvBHn\">Para el almuerzo y la cena, nuestro <strong>Men\u00fas a la carta y degustaci\u00f3n<\/strong> Te invitamos a embarcarte en un viaje personalizado. Lo m\u00e1s destacado incluye nuestro <strong>Langostinos de r\u00edo con vino Shaoxing<\/strong>, <strong>pato pekin\u00e9s de piel crujiente<\/strong> mesa tallada y <strong>Shengjianbao con infusi\u00f3n de trufa negra<\/strong>\u2014Una versi\u00f3n moderna de un cl\u00e1sico de Shangh\u00e1i. Opciones vegetarianas y saludables elaboradas con esmero, para que cada comensal se sienta celebrado.<\/p>\t\t\t\t\t\t\t\t<\/div>\n\t\t\t\t\t<\/div>\n\t\t\t\t<\/div>\n\t\t<div class=\"elementor-element elementor-element-c6f3feb e-flex e-con-boxed e-con e-parent\" data-id=\"c6f3feb\" data-element_type=\"container\" data-e-type=\"container\">\n\t\t\t\t\t<div class=\"e-con-inner\">\n\t\t\t\t<div class=\"elementor-element elementor-element-462e267 elementor-widget elementor-widget-image\" data-id=\"462e267\" data-element_type=\"widget\" data-e-type=\"widget\" data-widget_type=\"image.default\">\n\t\t\t\t\t\t\t\t\t\t\t\t\t\t\t<img decoding=\"async\" width=\"828\" height=\"516\" src=\"https:\/\/shanghaitreasuryhotel.com\/wp-content\/uploads\/2025\/08\/Shanghai-Bund-Riverside-Treasury-Hotel-22.webp\" class=\"attachment-large size-large wp-image-5564\" alt=\"\" srcset=\"https:\/\/shanghaitreasuryhotel.com\/wp-content\/uploads\/2025\/08\/Shanghai-Bund-Riverside-Treasury-Hotel-22.webp 828w, https:\/\/shanghaitreasuryhotel.com\/wp-content\/uploads\/2025\/08\/Shanghai-Bund-Riverside-Treasury-Hotel-22-300x187.webp 300w, https:\/\/shanghaitreasuryhotel.com\/wp-content\/uploads\/2025\/08\/Shanghai-Bund-Riverside-Treasury-Hotel-22-768x479.webp 768w\" sizes=\"(max-width: 828px) 100vw, 828px\" \/>\t\t\t\t\t\t\t\t\t\t\t\t\t\t\t<\/div>\n\t\t\t\t\t<\/div>\n\t\t\t\t<\/div>\n\t\t<div class=\"elementor-element elementor-element-2a71058 e-flex e-con-boxed e-con e-parent\" data-id=\"2a71058\" data-element_type=\"container\" data-e-type=\"container\">\n\t\t\t\t\t<div class=\"e-con-inner\">\n\t\t\t\t<div class=\"elementor-element elementor-element-9e6d8a5 elementor-widget elementor-widget-text-editor\" data-id=\"9e6d8a5\" data-element_type=\"widget\" data-e-type=\"widget\" data-widget_type=\"text-editor.default\">\n\t\t\t\t\t\t\t\t\t<p data-spm-anchor-id=\"0.0.0.i66.5e52c921RzvBHn\">Por las noches, el ambiente se transforma en algo verdaderamente m\u00e1gico. El <strong>sal\u00f3n y bar junto al r\u00edo<\/strong> Ofrece c\u00f3cteles artesanales con infusiones de plantas chinas, como lichi, bayas de goji y osmanto, acompa\u00f1ados de vinos finos, baijiu a\u00f1ejo y t\u00e9s excepcionales. Es el lugar ideal para una cena rom\u00e1ntica, un brindis de negocios o una tranquila reflexi\u00f3n con una copa nocturna bajo las estrellas.<\/p><h3><strong>Eventos culinarios, cenas privadas e inmersi\u00f3n cultural<\/strong><\/h3><p>Nuestro restaurante es m\u00e1s que un lugar para comer a diario: es un escenario para <strong>Narraci\u00f3n culinaria y conexi\u00f3n cultural<\/strong>Organizamos eventos de cata de temporada, como <strong>Banquetes del A\u00f1o Nuevo Lunar<\/strong>, <strong>Maridajes de pasteles de luna de mediados de oto\u00f1o<\/strong>, y <strong>cenas con maridaje de vinos<\/strong> con sumilleres invitados. Los hu\u00e9spedes tambi\u00e9n pueden reservar nuestro <strong>comedores privados<\/strong>, perfecto para reuniones \u00edntimas, cenas corporativas o celebraciones importantes, donde los men\u00fas personalizados y el servicio dedicado crean momentos inolvidables.<\/p><p>Creemos que la comida es un puente entre las personas y los lugares. Por eso ofrecemos <strong>experiencias interactivas<\/strong> como <strong>clases de preparaci\u00f3n de dumplings<\/strong>, <strong>ceremonias del t\u00e9<\/strong>, y <strong>noches de encuentro con el chef<\/strong>, permitiendo a los hu\u00e9spedes sumergirse m\u00e1s profundamente en las tradiciones detr\u00e1s de los sabores.<\/p><h3><strong>Un destino reconocido por su excelencia<\/strong><\/h3><p>Constantemente elogiado en <strong>TripAdvisor, Trip.com y rese\u00f1as de Google<\/strong>Nuestro restaurante es famoso no solo por su <strong>cocina excepcional<\/strong> pero tambi\u00e9n por su <strong>Servicio impecable, ambiente elegante y ubicaci\u00f3n incomparable frente al r\u00edo.<\/strong>Viajeros de todo el mundo describen sus comidas aqu\u00ed como &quot;lo mejor de su viaje a Shangh\u00e1i&quot;, y muchos regresan simplemente para revivir la magia de una cena al atardecer junto al agua.<\/p><h3><strong>Cene donde la historia se encuentra con el horizonte<\/strong><\/h3><p>Al <strong>Restaurante del Shanghai Bund Riverside Treasury Hotel<\/strong>Cada comida es una invitaci\u00f3n a saborear, conectar y celebrar. Ya sea hu\u00e9sped del hotel o visitante atra\u00eddo por la promesa de una gastronom\u00eda de primera clase, le invitamos a experimentar <strong>Shangh\u00e1i en un plato<\/strong>, servido con gracia, pasi\u00f3n y una vista que captura el esp\u00edritu mismo de la ciudad.<\/p><p data-spm-anchor-id=\"0.0.0.i61.5e52c921RzvBHn\"><strong>Ven por la comida. Qu\u00e9date por el momento. Deja que tus sentidos descubran el alma de Shangh\u00e1i, un plato exquisito a la vez.<\/strong><\/p>\t\t\t\t\t\t\t\t<\/div>\n\t\t\t\t\t<\/div>\n\t\t\t\t<\/div>\n\t\t\t\t<section class=\"elementor-section elementor-top-section elementor-element elementor-element-7542869c elementor-section-stretched elementor-section-boxed elementor-section-gap-beside-yes elementor-section-height-default elementor-section-height-default elementor-section-column-vertical-align-stretch\" data-id=\"7542869c\" data-element_type=\"section\" data-e-type=\"section\" data-settings=\"{&quot;background_background&quot;:&quot;classic&quot;,&quot;stretch_section&quot;:&quot;section-stretched&quot;}\">\n\t\t\t\t\t\t<div class=\"elementor-container elementor-column-gap-extended\">\n\t\t\t\t\t<div class=\"elementor-column elementor-col-100 elementor-top-column elementor-element elementor-element-1c1f414a\" data-id=\"1c1f414a\" data-element_type=\"column\" data-e-type=\"column\">\n\t\t\t<div class=\"elementor-widget-wrap elementor-element-populated\">\n\t\t\t\t\t\t<div class=\"elementor-element elementor-element-4210b994 elementor-widget elementor-widget-heading\" data-id=\"4210b994\" data-element_type=\"widget\" data-e-type=\"widget\" data-widget_type=\"heading.default\">\n\t\t\t\t\t<h2 class=\"elementor-heading-title elementor-size-default\">Hotel n\u00famero 8 de 4 estrellas Select en Shangh\u00e1i\n<\/h2>\t\t\t\t<\/div>\n\t\t\t\t<div class=\"elementor-element elementor-element-7556a649 elementor-widget elementor-widget-text-editor\" data-id=\"7556a649\" data-element_type=\"widget\" data-e-type=\"widget\" data-widget_type=\"text-editor.default\">\n\t\t\t\t\t\t\t\t\t<iframe border=\"0\" src=\"https:\/\/www.trip.com\/partners\/ad\/S4819257?Allianceid=4590391&#038;SID=246906724&#038;trip_sub1=\" style=\"width:900px;height:200px\" frameborder=\"0\" scrolling=\"no\" id=\"S4819257\"><\/iframe>\t\t\t\t\t\t\t\t<\/div>\n\t\t\t\t\t<\/div>\n\t\t<\/div>\n\t\t\t\t\t<\/div>\n\t\t<\/section>\n\t\t\t\t<\/div>","protected":false},"excerpt":{"rendered":"<p>Feeling healthy and well is not a luxury but an absolute necessity. Heal both your soul and body with our miraculous treatments and return home as a new person, calm and refreshed. Nestled within the historic elegance of the Shanghai Bund Riverside Treasury Hotel at 988 Dongdaming Road, Hongkou District, Shanghai, China, 200086, lies a [&hellip;]<\/p>\n","protected":false},"author":1,"featured_media":0,"parent":0,"menu_order":0,"comment_status":"closed","ping_status":"closed","template":"","meta":{"footnotes":""},"class_list":["post-612","page","type-page","status-publish","hentry","post-no-thumbnail"],"_links":{"self":[{"href":"https:\/\/shanghaitreasuryhotel.com\/es\/wp-json\/wp\/v2\/pages\/612","targetHints":{"allow":["GET"]}}],"collection":[{"href":"https:\/\/shanghaitreasuryhotel.com\/es\/wp-json\/wp\/v2\/pages"}],"about":[{"href":"https:\/\/shanghaitreasuryhotel.com\/es\/wp-json\/wp\/v2\/types\/page"}],"author":[{"embeddable":true,"href":"https:\/\/shanghaitreasuryhotel.com\/es\/wp-json\/wp\/v2\/users\/1"}],"replies":[{"embeddable":true,"href":"https:\/\/shanghaitreasuryhotel.com\/es\/wp-json\/wp\/v2\/comments?post=612"}],"version-history":[{"count":0,"href":"https:\/\/shanghaitreasuryhotel.com\/es\/wp-json\/wp\/v2\/pages\/612\/revisions"}],"wp:attachment":[{"href":"https:\/\/shanghaitreasuryhotel.com\/es\/wp-json\/wp\/v2\/media?parent=612"}],"curies":[{"name":"gracias","href":"https:\/\/api.w.org\/{rel}","templated":true}]}}