{"id":647,"date":"2021-03-29T02:13:52","date_gmt":"2021-03-29T02:13:52","guid":{"rendered":"http:\/\/localhost\/nuss\/?page_id=647"},"modified":"2025-08-10T15:11:53","modified_gmt":"2025-08-10T15:11:53","slug":"servicios","status":"publish","type":"page","link":"https:\/\/shanghaitreasuryhotel.com\/es\/servicios\/","title":{"rendered":"Servicios"},"content":{"rendered":"<div data-elementor-type=\"wp-page\" data-elementor-id=\"647\" class=\"elementor elementor-647\">\n\t\t\t\t\t\t<section class=\"elementor-section elementor-top-section elementor-element elementor-element-3353bc8 elementor-section-boxed elementor-section-gap-beside-yes elementor-section-height-default elementor-section-height-default elementor-section-column-vertical-align-stretch\" data-id=\"3353bc8\" data-element_type=\"section\" data-e-type=\"section\">\n\t\t\t\t\t\t<div class=\"elementor-container elementor-column-gap-extended\">\n\t\t\t\t\t<div class=\"elementor-column elementor-col-100 elementor-top-column elementor-element elementor-element-0a2bc64\" data-id=\"0a2bc64\" data-element_type=\"column\" data-e-type=\"column\">\n\t\t\t<div class=\"elementor-widget-wrap elementor-element-populated\">\n\t\t\t\t\t\t<div class=\"elementor-element elementor-element-447e3ef elementor-widget__width-initial elementor-invisible elementor-widget elementor-widget-text-editor\" data-id=\"447e3ef\" data-element_type=\"widget\" data-e-type=\"widget\" data-settings=\"{&quot;_animation&quot;:&quot;nussFadeInUp&quot;}\" data-widget_type=\"text-editor.default\">\n\t\t\t\t\t\t\t\t\t<p><strong data-spm-anchor-id=\"0.0.0.i71.5e52c921RzvBHn\">Descubra los servicios integrales del Shanghai Bund Riverside Treasury Hotel<\/strong><\/p>\t\t\t\t\t\t\t\t<\/div>\n\t\t\t\t\t<\/div>\n\t\t<\/div>\n\t\t\t\t\t<\/div>\n\t\t<\/section>\n\t\t<div class=\"elementor-element elementor-element-5316ab3 e-flex e-con-boxed e-con e-parent\" data-id=\"5316ab3\" data-element_type=\"container\" data-e-type=\"container\">\n\t\t\t\t\t<div class=\"e-con-inner\">\n\t\t\t\t<div class=\"elementor-element elementor-element-217485b elementor-widget elementor-widget-text-editor\" data-id=\"217485b\" data-element_type=\"widget\" data-e-type=\"widget\" data-widget_type=\"text-editor.default\">\n\t\t\t\t\t\t\t\t\t<p data-spm-anchor-id=\"0.0.0.i70.5e52c921RzvBHn\">Ubicado a lo largo de las pintorescas orillas del r\u00edo Huangpu en <strong>988 Dongdaming Road, distrito de Hongkou, Shangh\u00e1i, China (200086)<\/strong>, el <strong>Hotel Shanghai Bund Riverside Treasury<\/strong> Se alza como un santuario refinado donde la elegancia hist\u00f3rica se fusiona con el lujo moderno. M\u00e1s que un simple alojamiento, este hotel boutique de 5 estrellas ofrece una experiencia superior a sus hu\u00e9spedes a trav\u00e9s de una suite de... <strong>servicios premium<\/strong> Dise\u00f1ado para satisfacer las necesidades de viajeros exigentes, ya sea por negocios, placer o exploraci\u00f3n cultural. Basado en experiencias reales de hu\u00e9spedes y comentarios verificados de viajeros en plataformas l\u00edderes como <strong>Trip.com<\/strong>El hotel se ha ganado un amplio reconocimiento por su <strong>Personal atento, operaciones fluidas y comodidades pensadas para usted<\/strong> que van m\u00e1s all\u00e1 de las expectativas.<\/p><h3><strong>Servicio al hu\u00e9sped c\u00e1lido y personalizado desde la llegada hasta la salida<\/strong><\/h3><p>Desde el momento en que entra al gran vest\u00edbulo de inspiraci\u00f3n hist\u00f3rica, ser\u00e1 recibido con genuina calidez y profesionalismo. El hotel... <strong>Recepci\u00f3n multiling\u00fce las 24 horas<\/strong> garantiza que los hu\u00e9spedes de todo el mundo (desde Am\u00e9rica del Norte y Europa hasta el Sudeste Asi\u00e1tico y Australia) reciban una comunicaci\u00f3n fluida en <strong>Mandar\u00edn, ingl\u00e9s y otros idiomas seleccionados<\/strong>Ya sea que se registre tarde por la noche o necesite asistencia inmediata con recomendaciones locales, nuestro equipo dedicado siempre est\u00e1 disponible para brindarle atenci\u00f3n r\u00e1pida, cort\u00e9s y personalizada.<\/p><p>Los hu\u00e9spedes elogian con frecuencia el <strong>eficiencia y amabilidad del personal<\/strong>, con muchas rese\u00f1as en Trip.com que destacan c\u00f3mo los miembros del equipo recuerdan a los visitantes que regresan, anticipan sus necesidades y ofrecen sugerencias perspicaces para todo, desde restaurantes locales escondidos hasta los mejores lugares para tomar fotos en el Bund. Este nivel de <strong>hospitalidad centrada en el ser humano<\/strong> transforma una estad\u00eda est\u00e1ndar en un hotel en un viaje profundamente memorable.<\/p><h3><strong>Conserjer\u00eda y asistencia en viajes: su gu\u00eda personal de Shangh\u00e1i<\/strong><\/h3><p>El hotel <strong>servicio de conserjer\u00eda profesional<\/strong> es una piedra angular de la experiencia del hu\u00e9sped. Ya sea que est\u00e9 planeando un recorrido privado por <strong>Templos inspirados en Angkor Wat<\/strong>, buscando entradas para un tradicional <strong>Representaci\u00f3n de \u00f3pera Kunqu<\/strong>, o organizar una <strong>Crucero de lujo por el r\u00edo Huangpu<\/strong>El equipo de conserjer\u00eda gestiona cada detalle con precisi\u00f3n. Tambi\u00e9n pueden ayudar con <strong>reservas para cenar en restaurantes recomendados por Michelin<\/strong>, asegurar el transporte y reservar atracciones de alta demanda como el <strong>Plataforma de observaci\u00f3n de la Torre de Shangh\u00e1i<\/strong> o <strong>Jard\u00edn Yu<\/strong>.<\/p><p>Para los viajeros de negocios, el conserje facilita <strong>Reservas de salas de reuniones, servicios de mensajer\u00eda, impresi\u00f3n y ajustes de itinerario de \u00faltimo momento.<\/strong>, garantizando que las obligaciones profesionales se cumplan con facilidad y elegancia.<\/p><h3><strong>Servicios y comodidades de lujo en la habitaci\u00f3n<\/strong><\/h3><p>Todas las habitaciones y suites del Shanghai Bund Riverside Treasury Hotel est\u00e1n dise\u00f1adas como un remanso de tranquilidad, realzado por una variedad de <strong>Servicios en la habitaci\u00f3n cuidadosamente seleccionados<\/strong>. Alta velocidad, <strong>Wi-Fi gratuito<\/strong> garantiza una conectividad ininterrumpida para teletrabajo, videollamadas o streaming. Las salas est\u00e1n equipadas con <strong>Control de climatizaci\u00f3n inteligente, ventanas insonorizadas, espacios de trabajo ergon\u00f3micos y ropa de cama de primera calidad.<\/strong> Para un sue\u00f1o reparador.<\/p><p>Los hu\u00e9spedes aprecian la <strong>servicio de limpieza diario<\/strong>, que mantiene una limpieza y un orden impecables durante toda su estancia. Entre las comodidades adicionales se incluyen <strong>Cajas fuertes en la habitaci\u00f3n, minibares con bebidas locales e internacionales, hervidores el\u00e9ctricos con selecciones de t\u00e9 y caf\u00e9 premium<\/strong>, y <strong>art\u00edculos de ba\u00f1o de lujo<\/strong> con ingredientes naturales.<\/p><h3><strong>Servicios de bienestar y ocio para el cuerpo y la mente<\/strong><\/h3><p>El bienestar es parte integral de la experiencia del hu\u00e9sped. El hotel cuenta con un <strong>gimnasio totalmente equipado<\/strong> Abierto las 24 horas, los 7 d\u00edas de la semana, con modernos equipos de cardio y entrenamiento de fuerza, ideal para que los hu\u00e9spedes mantengan sus rutinas mientras viajan. Junto a \u00e9l se encuentra un <strong>piscina cubierta climatizada<\/strong>, donde las ventanas de piso a techo ofrecen vistas serenas del r\u00edo, creando una atm\u00f3sfera tranquila para nadar por la ma\u00f1ana o darse un chapuz\u00f3n al atardecer bajo una suave iluminaci\u00f3n ambiental.<\/p><p>Para una relajaci\u00f3n total, los hu\u00e9spedes pueden disfrutar <strong>servicios de masajes en la habitaci\u00f3n<\/strong> o relajarse en el <strong>elegantes \u00e1reas de sal\u00f3n<\/strong> Decorado con arte tradicional chino e iluminaci\u00f3n tenue. Si bien actualmente no cuenta con un spa exclusivo, el hotel colabora con proveedores de bienestar premium para organizar... <strong>tratamientos terap\u00e9uticos y servicios de belleza<\/strong> a pedido.<\/p><h3><strong>Servicios culinarios y de restauraci\u00f3n con vistas<\/strong><\/h3><p>Cenar en el hotel es un momento destacado para muchos hu\u00e9spedes. <strong>restaurante en el lugar<\/strong> Sirve una fusi\u00f3n de <strong>Aut\u00e9ntica cocina de Shangh\u00e1i y platos internacionales favoritos.<\/strong>, con \u00e9nfasis en ingredientes frescos y de temporada. El <strong>desayuno buffet diario<\/strong>\u2014mencionado frecuentemente en las rese\u00f1as de Trip.com\u2014 es un evento lujoso, que ofrece dim sum humeante, fideos hechos a mano, cl\u00e1sicos desayunos occidentales y platos de frutas org\u00e1nicas.<\/p><p>El servicio de habitaciones est\u00e1 disponible las 24 horas, lo que permite a los hu\u00e9spedes disfrutar de comidas gourmet en la privacidad de sus habitaciones, perfecto para antojos nocturnos o una ma\u00f1ana tranquila en casa. <strong>bar junto al r\u00edo<\/strong> Ofrece c\u00f3cteles artesanales, vinos finos y t\u00e9s chinos exclusivos, lo que lo convierte en el lugar ideal para reuniones de networking por la noche o brindis rom\u00e1nticos.<\/p><h3><strong>Servicios de apoyo para empresas y eventos<\/strong><\/h3><p>Dirigido a viajeros corporativos y organizadores de eventos, el hotel ofrece <strong>servicios empresariales integrales<\/strong>, incluyendo un <strong>Centro de negocios abierto las 24 horas<\/strong> Con impresi\u00f3n, escaneo, fax y soporte secretarial. Flexible. <strong>espacios para reuniones y banquetes<\/strong> est\u00e1n equipados con <strong>sistemas audiovisuales de alta definici\u00f3n, herramientas de presentaci\u00f3n inal\u00e1mbricas y capacidades de interpretaci\u00f3n en varios idiomas<\/strong>, ideal para conferencias, lanzamientos de productos y retiros ejecutivos.<\/p><p>Los coordinadores de eventos dedicados gestionan cada aspecto de su reuni\u00f3n, desde el catering y la disposici\u00f3n de los asientos hasta el dise\u00f1o floral y la marca, garantizando una experiencia impecable y profesional.<\/p><h3><strong>Servicios pr\u00e1cticos y de conveniencia<\/strong><\/h3><p>Comprendiendo las necesidades pr\u00e1cticas de los viajeros modernos, el hotel ofrece una amplia gama de <strong>servicios esenciales<\/strong>, incluido:<\/p><ul><li><strong>Traslados al aeropuerto<\/strong> (coche privado o servicio de transporte disponible bajo petici\u00f3n)<\/li><li><strong>Aparcamiento subterr\u00e1neo seguro<\/strong> para hu\u00e9spedes que viajan solos<\/li><li><strong>Consigna de equipaje<\/strong> antes del check-in o despu\u00e9s del check-out<\/li><li><strong>Servicios de lavander\u00eda y tintorer\u00eda<\/strong> con entrega el mismo d\u00eda o al d\u00eda siguiente<\/li><li><strong>Asistencia para el cambio de divisas<\/strong> y soporte de seguro de viaje<\/li><li><strong>Iniciativas ecol\u00f3gicas<\/strong>, incluyendo la reducci\u00f3n de pl\u00e1sticos de un solo uso y el abastecimiento sostenible<\/li><\/ul><p>El hotel tambi\u00e9n es <strong>100% para no fumadores<\/strong>, con \u00e1reas designadas para fumar ubicadas en el exterior, lo que garantiza un ambiente limpio y saludable para todos los hu\u00e9spedes.<\/p><h3><strong>Una cultura de servicio arraigada en la herencia y el coraz\u00f3n<\/strong><\/h3><p>Lo que realmente distingue a la <strong>Hotel Shanghai Bund Riverside Treasury<\/strong> Lo que lo distingue no es solo la amplitud de los servicios ofrecidos, sino la <strong>esp\u00edritu con el que se entregan<\/strong>. Antiguamente un edificio hist\u00f3rico de tesorer\u00eda que simbolizaba la confianza y la administraci\u00f3n, el hotel contin\u00faa ese legado al... <strong>salvaguardar el bienestar y la satisfacci\u00f3n de cada hu\u00e9sped<\/strong>Cada interacci\u00f3n, desde un c\u00e1lido saludo hasta una mejora de habitaci\u00f3n sorpresa, refleja un compromiso con la excelencia, la atenci\u00f3n y la autenticidad cultural.<\/p><p>Ya sea que est\u00e9 explorando las bulliciosas calles de Shangh\u00e1i, asistiendo a una reuni\u00f3n de alto riesgo o simplemente buscando un refugio tranquilo con vista, el hotel <strong>Servicios integrales que priorizan al hu\u00e9sped<\/strong> Aseg\u00farese de que cada necesidad sea anticipada, cada detalle sea pulido y cada momento se sienta sin esfuerzo.<\/p><p data-spm-anchor-id=\"0.0.0.i69.5e52c921RzvBHn\"><strong>Experimente el arte de la hospitalidad refinada. En el Shanghai Bund Riverside Treasury Hotel, no solo servimos: nos preocupamos, recordamos y hacemos que cada estancia sea extraordinaria.<\/strong><\/p>\t\t\t\t\t\t\t\t<\/div>\n\t\t\t\t\t<\/div>\n\t\t\t\t<\/div>\n\t\t\t\t<section class=\"elementor-section elementor-top-section elementor-element elementor-element-4adf8e1c elementor-section-stretched elementor-section-boxed elementor-section-gap-beside-yes elementor-section-height-default elementor-section-height-default elementor-section-column-vertical-align-stretch\" data-id=\"4adf8e1c\" data-element_type=\"section\" data-e-type=\"section\" data-settings=\"{&quot;background_background&quot;:&quot;classic&quot;,&quot;stretch_section&quot;:&quot;section-stretched&quot;}\">\n\t\t\t\t\t\t<div class=\"elementor-container elementor-column-gap-extended\">\n\t\t\t\t\t<div class=\"elementor-column elementor-col-100 elementor-top-column elementor-element elementor-element-2a7d0c78\" data-id=\"2a7d0c78\" data-element_type=\"column\" data-e-type=\"column\">\n\t\t\t<div class=\"elementor-widget-wrap elementor-element-populated\">\n\t\t\t\t\t\t<div class=\"elementor-element elementor-element-6c040767 elementor-widget elementor-widget-heading\" data-id=\"6c040767\" data-element_type=\"widget\" data-e-type=\"widget\" data-widget_type=\"heading.default\">\n\t\t\t\t\t<h2 class=\"elementor-heading-title elementor-size-default\">Hotel n\u00famero 8 de 4 estrellas Select en Shangh\u00e1i\n<\/h2>\t\t\t\t<\/div>\n\t\t\t\t<div class=\"elementor-element elementor-element-2e891d01 elementor-widget elementor-widget-text-editor\" data-id=\"2e891d01\" data-element_type=\"widget\" data-e-type=\"widget\" data-widget_type=\"text-editor.default\">\n\t\t\t\t\t\t\t\t\t<iframe border=\"0\" src=\"https:\/\/www.trip.com\/partners\/ad\/S4819257?Allianceid=4590391&#038;SID=246906724&#038;trip_sub1=\" style=\"width:900px;height:200px\" frameborder=\"0\" scrolling=\"no\" id=\"S4819257\"><\/iframe>\t\t\t\t\t\t\t\t<\/div>\n\t\t\t\t\t<\/div>\n\t\t<\/div>\n\t\t\t\t\t<\/div>\n\t\t<\/section>\n\t\t\t\t<\/div>","protected":false},"excerpt":{"rendered":"<p>Discover the Comprehensive Services at Shanghai Bund Riverside Treasury Hotel Nestled along the scenic banks of the Huangpu River at 988 Dongdaming Road, Hongkou District, Shanghai, China (200086), the Shanghai Bund Riverside Treasury Hotel stands as a refined sanctuary where historic elegance meets modern luxury. More than just a place to stay, this 5-star boutique [&hellip;]<\/p>\n","protected":false},"author":1,"featured_media":0,"parent":0,"menu_order":0,"comment_status":"closed","ping_status":"closed","template":"","meta":{"footnotes":""},"class_list":["post-647","page","type-page","status-publish","hentry","post-no-thumbnail"],"_links":{"self":[{"href":"https:\/\/shanghaitreasuryhotel.com\/es\/wp-json\/wp\/v2\/pages\/647","targetHints":{"allow":["GET"]}}],"collection":[{"href":"https:\/\/shanghaitreasuryhotel.com\/es\/wp-json\/wp\/v2\/pages"}],"about":[{"href":"https:\/\/shanghaitreasuryhotel.com\/es\/wp-json\/wp\/v2\/types\/page"}],"author":[{"embeddable":true,"href":"https:\/\/shanghaitreasuryhotel.com\/es\/wp-json\/wp\/v2\/users\/1"}],"replies":[{"embeddable":true,"href":"https:\/\/shanghaitreasuryhotel.com\/es\/wp-json\/wp\/v2\/comments?post=647"}],"version-history":[{"count":0,"href":"https:\/\/shanghaitreasuryhotel.com\/es\/wp-json\/wp\/v2\/pages\/647\/revisions"}],"wp:attachment":[{"href":"https:\/\/shanghaitreasuryhotel.com\/es\/wp-json\/wp\/v2\/media?parent=647"}],"curies":[{"name":"gracias","href":"https:\/\/api.w.org\/{rel}","templated":true}]}}