{"id":2109,"date":"2021-03-26T08:35:58","date_gmt":"2021-03-26T08:35:58","guid":{"rendered":"http:\/\/localhost\/nuss\/?page_id=536"},"modified":"2025-08-10T15:15:06","modified_gmt":"2025-08-10T15:15:06","slug":"installations-commerciales","status":"publish","type":"page","link":"https:\/\/shanghaitreasuryhotel.com\/fr\/installations-commerciales\/","title":{"rendered":"Installations commerciales"},"content":{"rendered":"<div data-elementor-type=\"wp-page\" data-elementor-id=\"2109\" class=\"elementor elementor-2109\">\n\t\t\t\t\t\t<section class=\"elementor-section elementor-top-section elementor-element elementor-element-bb2901b elementor-section-boxed elementor-section-gap-beside-yes elementor-section-height-default elementor-section-height-default elementor-section-column-vertical-align-stretch\" data-id=\"bb2901b\" data-element_type=\"section\" data-e-type=\"section\">\n\t\t\t\t\t\t<div class=\"elementor-container elementor-column-gap-extended\">\n\t\t\t\t\t<div class=\"elementor-column elementor-col-100 elementor-top-column elementor-element elementor-element-1919db9\" data-id=\"1919db9\" data-element_type=\"column\" data-e-type=\"column\">\n\t\t\t<div class=\"elementor-widget-wrap elementor-element-populated\">\n\t\t\t\t\t\t<div class=\"elementor-element elementor-element-41a7b9c elementor-widget__width-initial elementor-invisible elementor-widget elementor-widget-text-editor\" data-id=\"41a7b9c\" data-element_type=\"widget\" data-e-type=\"widget\" data-settings=\"{&quot;_animation&quot;:&quot;nussFadeInUp&quot;}\" data-widget_type=\"text-editor.default\">\n\t\t\t\t\t\t\t\t\tAm\u00e9liorez votre exp\u00e9rience professionnelle\u00a0: les installations d&#039;affaires du Shanghai Bund Riverside Treasury Hotel \u2013 o\u00f9 l&#039;h\u00e9ritage rencontre la haute performance au c\u0153ur de Shanghai \t\t\t\t\t\t\t\t<\/div>\n\t\t\t\t\t<\/div>\n\t\t<\/div>\n\t\t\t\t\t<\/div>\n\t\t<\/section>\n\t\t<div class=\"elementor-element elementor-element-4b9a022 e-flex e-con-boxed e-con e-parent\" data-id=\"4b9a022\" data-element_type=\"container\" data-e-type=\"container\">\n\t\t\t\t\t<div class=\"e-con-inner\">\n\t\t\t\t<div class=\"elementor-element elementor-element-4cd91dc elementor-widget elementor-widget-image\" data-id=\"4cd91dc\" data-element_type=\"widget\" data-e-type=\"widget\" data-widget_type=\"image.default\">\n\t\t\t\t\t\t\t\t\t\t\t\t\t\t\t<img fetchpriority=\"high\" decoding=\"async\" width=\"1024\" height=\"682\" src=\"https:\/\/shanghaitreasuryhotel.com\/wp-content\/uploads\/2025\/08\/Shanghai-Bund-Riverside-Treasury-Hotel-15-1024x682.webp\" class=\"attachment-large size-large wp-image-5557\" alt=\"\" srcset=\"https:\/\/shanghaitreasuryhotel.com\/wp-content\/uploads\/2025\/08\/Shanghai-Bund-Riverside-Treasury-Hotel-15-1024x682.webp 1024w, https:\/\/shanghaitreasuryhotel.com\/wp-content\/uploads\/2025\/08\/Shanghai-Bund-Riverside-Treasury-Hotel-15-300x200.webp 300w, https:\/\/shanghaitreasuryhotel.com\/wp-content\/uploads\/2025\/08\/Shanghai-Bund-Riverside-Treasury-Hotel-15-768x512.webp 768w, https:\/\/shanghaitreasuryhotel.com\/wp-content\/uploads\/2025\/08\/Shanghai-Bund-Riverside-Treasury-Hotel-15.webp 1280w\" sizes=\"(max-width: 1024px) 100vw, 1024px\" \/>\t\t\t\t\t\t\t\t\t\t\t\t\t\t\t<\/div>\n\t\t\t\t\t<\/div>\n\t\t\t\t<\/div>\n\t\t<div class=\"elementor-element elementor-element-9a3a851 e-flex e-con-boxed e-con e-parent\" data-id=\"9a3a851\" data-element_type=\"container\" data-e-type=\"container\">\n\t\t\t\t\t<div class=\"e-con-inner\">\n\t\t\t\t<div class=\"elementor-element elementor-element-93784ef elementor-widget elementor-widget-text-editor\" data-id=\"93784ef\" data-element_type=\"widget\" data-e-type=\"widget\" data-widget_type=\"text-editor.default\">\n\t\t\t\t\t\t\t\t\t<p data-spm-anchor-id=\"0.0.0.i50.5e52c921RzvBHn\">Pour les voyageurs d&#039;affaires et les planificateurs d&#039;entreprise \u00e0 la recherche d&#039;un m\u00e9lange harmonieux d&#039;\u00e9l\u00e9gance, d&#039;efficacit\u00e9 et de fonctionnalit\u00e9s de pointe, le <strong>H\u00f4tel Shanghai Bund Riverside Treasury<\/strong> \u00e0 <strong>988 Dongdaming Road, district de Hongkou, Shanghai, Chine (200086)<\/strong> L&#039;h\u00f4tel est une destination de choix pour l&#039;excellence professionnelle. Install\u00e9 dans un b\u00e2timent historique du Tr\u00e9sor, m\u00e9ticuleusement restaur\u00e9 et ayant jou\u00e9 un r\u00f4le essentiel dans l&#039;h\u00e9ritage financier de Shanghai, l&#039;h\u00f4tel a r\u00e9invent\u00e9 son patrimoine pour en faire un centre d&#039;affaires moderne et enti\u00e8rement \u00e9quip\u00e9, con\u00e7u pour r\u00e9pondre aux exigences des professionnels internationaux d&#039;aujourd&#039;hui.<\/p><div class=\"my-2\">\u00a0<\/div><p>Id\u00e9alement situ\u00e9 le long de la pittoresque rivi\u00e8re Huangpu et \u00e0 quelques minutes des principaux centres commerciaux tels que <strong>Lujiazui, le Bund et le quartier financier du Bund Nord<\/strong>L&#039;h\u00f4tel offre un cadre id\u00e9al pour les r\u00e9unions d&#039;affaires, les s\u00e9minaires de cadres, les \u00e9v\u00e9nements d&#039;entreprise et les conf\u00e9rences internationales. Que vous soyez entrepreneur ind\u00e9pendant, cadre sup\u00e9rieur ou que vous organisiez un grand rassemblement d&#039;entreprise, notre <strong>installations commerciales compl\u00e8tes<\/strong> sont soigneusement con\u00e7us pour inspirer la productivit\u00e9, favoriser la collaboration et offrir une ex\u00e9cution sans faille, le tout dans une atmosph\u00e8re de sophistication intemporelle.<\/p><div class=\"my-2\">\u00a0<\/div><h3><strong>Espaces de r\u00e9union et de conf\u00e9rence \u00e0 la pointe de la technologie<\/strong><\/h3><p>L&#039;h\u00f4tel propose une s\u00e9lection de <strong>salles de r\u00e9union et lieux d&#039;\u00e9v\u00e9nements \u00e9l\u00e9gants et flexibles<\/strong> totalisant plus de <strong>500 m\u00e8tres carr\u00e9s<\/strong>, pouvant accueillir des r\u00e9unions allant d&#039;une r\u00e9union de conseil intime de 10 personnes \u00e0 un grand gala d&#039;entreprise pouvant accueillir jusqu&#039;\u00e0 200 personnes. Chaque espace est baign\u00e9 de lumi\u00e8re naturelle, orn\u00e9 d&#039;une d\u00e9coration raffin\u00e9e m\u00ealant h\u00e9ritage Art d\u00e9co et minimalisme contemporain, et \u00e9quip\u00e9 de <strong>technologie audiovisuelle avanc\u00e9e<\/strong>, y compris des projecteurs haute d\u00e9finition, des \u00e9crans LED, des syst\u00e8mes de pr\u00e9sentation sans fil, des microphones int\u00e9gr\u00e9s et des \u00e9quipements d&#039;interpr\u00e9tation multilingues pour les conf\u00e9rences internationales.<\/p><div class=\"my-2\">\u00a0<\/div><p>Notre produit phare <strong>Salle de bal du Tr\u00e9sor<\/strong> est un chef-d&#039;\u0153uvre de design et de fonctionnalit\u00e9, parfait pour les lancements de produits, les assembl\u00e9es g\u00e9n\u00e9rales d&#039;actionnaires ou les banquets d&#039;affaires prestigieux. <strong>murs insonoris\u00e9s, rideaux occultants et \u00e9clairage personnalisable<\/strong>, l&#039;espace garantit intimit\u00e9 et adaptabilit\u00e9 \u00e0 toutes les occasions. Pour les r\u00e9unions plus restreintes et ax\u00e9es sur la strat\u00e9gie, notre <strong>Salle de r\u00e9union et suites ex\u00e9cutives<\/strong> offrent un environnement priv\u00e9 et sans distraction avec des vues panoramiques sur la rivi\u00e8re qui inspirent clart\u00e9 et confiance.<\/p><div class=\"my-2\">\u00a0<\/div><h3><strong>Centre d&#039;affaires d\u00e9di\u00e9 et assistance 24h\/24 et 7j\/7<\/strong><\/h3><p>Conscient de la nature impr\u00e9visible du monde des affaires, l\u2019h\u00f4tel offre un <strong>centre d&#039;affaires \u00e0 service complet ouvert 24h\/24<\/strong> \u00c9quip\u00e9s d&#039;une connexion Internet haut d\u00e9bit, de postes de travail ergonomiques, de services d&#039;impression, de num\u00e9risation, de t\u00e9l\u00e9copie et d&#039;un service de secr\u00e9tariat. Que vous ayez besoin de finaliser une pr\u00e9sentation \u00e0 minuit, d&#039;imprimer des contrats pour une signature matinale ou d&#039;organiser une r\u00e9union virtuelle avec votre \u00e9quipe \u00e0 l&#039;\u00e9tranger, notre <strong>personnel multilingue<\/strong> sont \u00e0 votre disposition pour vous assister avec professionnalisme et discr\u00e9tion.<\/p><div class=\"my-2\">\u00a0<\/div><p>Toutes les chambres et suites font \u00e9galement office de bureaux priv\u00e9s, avec <strong>bureaux ergonomiques, t\u00e9l\u00e9phones \u00e0 deux lignes, prises de courant universelles et Wi-Fi ultra-rapide<\/strong> Optimis\u00e9 pour les plateformes de visioconf\u00e9rence comme Zoom, Microsoft Teams et Tencent Meeting. Sa connectivit\u00e9 fluide vous permet de garder le contr\u00f4le de votre agenda, quel que soit votre fuseau horaire.<\/p><div class=\"my-2\">\u00a0<\/div><h3><strong>Connectivit\u00e9 transparente et emplacement strat\u00e9gique<\/strong><\/h3><p>L&#039;emplacement de l&#039;h\u00f4tel dans <strong>District de Hongkou<\/strong> vous place au carrefour de l&#039;innovation et de la tradition. Juste un <strong>\u00c0 10 minutes en voiture de Lujiazui<\/strong>\u2014\u00c9picentre financier de Shanghai\u2014et \u00e0 proximit\u00e9 des si\u00e8ges sociaux des multinationales, des ambassades et des centres commerciaux, l&#039;h\u00f4tel est une base strat\u00e9gique pour les entreprises de tous les secteurs. <strong>Station de m\u00e9tro Dongbaoxing Road (lignes 10 et 12)<\/strong> \u00e0 seulement 10 minutes \u00e0 pied, en direction de <strong>Pudong, Jing&#039;an ou Xintiandi<\/strong> est sans effort et efficace.<\/p><div class=\"my-2\">\u00a0<\/div><p>Pour les d\u00e9l\u00e9gu\u00e9s internationaux, l&#039;h\u00f4tel est <strong>\u00c0 35 minutes de l&#039;a\u00e9roport international de Shanghai Hongqiao<\/strong> et <strong>\u00c0 50 minutes de l&#039;a\u00e9roport international de Pudong<\/strong>, avec <strong>services de transfert en limousine<\/strong> disponible pour assurer ponctualit\u00e9 et confort.<\/p><div class=\"my-2\">\u00a0<\/div><h3><strong>Services d&#039;entreprise sur mesure et planification d&#039;\u00e9v\u00e9nements<\/strong><\/h3><p>Notre <strong>\u00e9quipe d\u00e9di\u00e9e aux \u00e9v\u00e9nements et aux services aux entreprises<\/strong> Nous proposons un accompagnement complet aux entreprises clientes, incluant un service traiteur personnalis\u00e9, une signal\u00e9tique personnalis\u00e9e, la disposition des si\u00e8ges, des r\u00e9p\u00e9titions techniques et un d\u00e9pannage en temps r\u00e9el. Nous collaborons \u00e9troitement avec nos clients pour concevoir des exp\u00e9riences \u00e0 l&#039;image de leur marque, qu&#039;il s&#039;agisse d&#039;un lancement de produit dynamique, d&#039;un d\u00eener de remise de prix officiel ou d&#039;une retraite de team building avec r\u00e9seautage au bord de l&#039;eau.<\/p><div class=\"my-2\">\u00a0<\/div><p>La restauration est organis\u00e9e par notre \u00e9quipe culinaire prim\u00e9e, offrant <strong>d\u00e9jeuners d&#039;affaires \u00e9l\u00e9gants, pauses caf\u00e9 avec p\u00e2tisseries locales et d\u00eeners gastronomiques<\/strong> proposant une fusion de saveurs shangha\u00efennes et de cuisine internationale, le tout servi avec un service impeccable.<\/p><div class=\"my-2\">\u00a0<\/div><h3><strong>Un h\u00e9ritage de confiance, r\u00e9invent\u00e9 pour les entreprises modernes<\/strong><\/h3><p>Autrefois symbole de l&#039;autorit\u00e9 financi\u00e8re du Shanghai du d\u00e9but du XXe si\u00e8cle, le b\u00e2timent canalise aujourd&#039;hui cet h\u00e9ritage en donnant du pouvoir aux dirigeants d&#039;entreprise d&#039;aujourd&#039;hui. <strong>H\u00f4tel Shanghai Bund Riverside Treasury<\/strong> ne fournit pas seulement de l&#039;espace, mais offre un environnement o\u00f9 les id\u00e9es s&#039;\u00e9panouissent, les accords sont conclus et les relations professionnelles durables sont construites.<\/p><div class=\"my-2\">\u00a0<\/div><p>De la grandeur de son architecture patrimoniale \u00e0 la pr\u00e9cision de son infrastructure technologique, chaque d\u00e9tail a \u00e9t\u00e9 pens\u00e9 pour assurer votre r\u00e9ussite. Que vous concluiez un contrat de plusieurs millions de dollars, organisiez un sommet r\u00e9gional ou recherchiez simplement une salle de travail calme et bien connect\u00e9e, l&#039;h\u00f4tel allie <strong>luxe, emplacement et excellence logistique<\/strong> red\u00e9finir la norme de l&#039;h\u00f4tellerie d&#039;affaires \u00e0 Shanghai.<\/p><div class=\"my-2\">\u00a0<\/div><p data-spm-anchor-id=\"0.0.0.i52.5e52c921RzvBHn\"><strong>Choisissez le Shanghai Bund Riverside Treasury Hotel, o\u00f9 l&#039;histoire rencontre l&#039;innovation et o\u00f9 chaque r\u00e9union est une \u00e9tape importante.<\/strong><\/p>\t\t\t\t\t\t\t\t<\/div>\n\t\t\t\t\t<\/div>\n\t\t\t\t<\/div>\n\t\t\t\t<section class=\"elementor-section elementor-top-section elementor-element elementor-element-4eb93d05 elementor-section-stretched elementor-section-boxed elementor-section-gap-beside-yes elementor-section-height-default elementor-section-height-default elementor-section-column-vertical-align-stretch\" data-id=\"4eb93d05\" data-element_type=\"section\" data-e-type=\"section\" data-settings=\"{&quot;background_background&quot;:&quot;classic&quot;,&quot;stretch_section&quot;:&quot;section-stretched&quot;}\">\n\t\t\t\t\t\t<div class=\"elementor-container elementor-column-gap-extended\">\n\t\t\t\t\t<div class=\"elementor-column elementor-col-100 elementor-top-column elementor-element elementor-element-64151dfa\" data-id=\"64151dfa\" data-element_type=\"column\" data-e-type=\"column\">\n\t\t\t<div class=\"elementor-widget-wrap elementor-element-populated\">\n\t\t\t\t\t\t<div class=\"elementor-element elementor-element-49b3f69b elementor-widget elementor-widget-heading\" data-id=\"49b3f69b\" data-element_type=\"widget\" data-e-type=\"widget\" data-widget_type=\"heading.default\">\n\t\t\t\t\t<h2 class=\"elementor-heading-title elementor-size-default\">N\u00b0 8 des h\u00f4tels 4 \u00e9toiles Select de Shanghai\n<\/h2>\t\t\t\t<\/div>\n\t\t\t\t<div class=\"elementor-element elementor-element-7f6d9363 elementor-widget elementor-widget-text-editor\" data-id=\"7f6d9363\" data-element_type=\"widget\" data-e-type=\"widget\" data-widget_type=\"text-editor.default\">\n\t\t\t\t\t\t\t\t\t<iframe border=\"0\" src=\"https:\/\/www.trip.com\/partners\/ad\/S4819257?Allianceid=4590391&#038;SID=246906724&#038;trip_sub1=\" style=\"width:900px;height:200px\" frameborder=\"0\" scrolling=\"no\" id=\"S4819257\"><\/iframe>\t\t\t\t\t\t\t\t<\/div>\n\t\t\t\t\t<\/div>\n\t\t<\/div>\n\t\t\t\t\t<\/div>\n\t\t<\/section>\n\t\t\t\t<\/div>","protected":false},"excerpt":{"rendered":"<p>Elevate Your Professional Experience: Business Facilities at Shanghai Bund Riverside Treasury Hotel \u2013 Where Heritage Meets High-Performance in the Heart of Shanghai For business travelers and corporate planners seeking a seamless blend of elegance, efficiency, and cutting-edge functionality, the Shanghai Bund Riverside Treasury Hotel at 988 Dongdaming Road, Hongkou District, Shanghai, China (200086) stands as [&hellip;]<\/p>\n","protected":false},"author":1,"featured_media":0,"parent":0,"menu_order":0,"comment_status":"closed","ping_status":"closed","template":"","meta":{"footnotes":""},"class_list":["post-2109","page","type-page","status-publish","hentry","post-no-thumbnail"],"_links":{"self":[{"href":"https:\/\/shanghaitreasuryhotel.com\/fr\/wp-json\/wp\/v2\/pages\/2109","targetHints":{"allow":["GET"]}}],"collection":[{"href":"https:\/\/shanghaitreasuryhotel.com\/fr\/wp-json\/wp\/v2\/pages"}],"about":[{"href":"https:\/\/shanghaitreasuryhotel.com\/fr\/wp-json\/wp\/v2\/types\/page"}],"author":[{"embeddable":true,"href":"https:\/\/shanghaitreasuryhotel.com\/fr\/wp-json\/wp\/v2\/users\/1"}],"replies":[{"embeddable":true,"href":"https:\/\/shanghaitreasuryhotel.com\/fr\/wp-json\/wp\/v2\/comments?post=2109"}],"version-history":[{"count":0,"href":"https:\/\/shanghaitreasuryhotel.com\/fr\/wp-json\/wp\/v2\/pages\/2109\/revisions"}],"wp:attachment":[{"href":"https:\/\/shanghaitreasuryhotel.com\/fr\/wp-json\/wp\/v2\/media?parent=2109"}],"curies":[{"name":"wp","href":"https:\/\/api.w.org\/{rel}","templated":true}]}}