{"id":5266,"date":"2021-07-18T08:03:35","date_gmt":"2021-07-18T08:03:35","guid":{"rendered":"https:\/\/nuss.uxper.co\/luxury-resort\/?page_id=5266"},"modified":"2025-08-10T12:30:17","modified_gmt":"2025-08-10T12:30:17","slug":"a-propos-de-nous","status":"publish","type":"page","link":"https:\/\/shanghaitreasuryhotel.com\/fr\/a-propos-de-nous\/","title":{"rendered":"\u00c0 propos de nous"},"content":{"rendered":"<div data-elementor-type=\"wp-page\" data-elementor-id=\"5266\" class=\"elementor elementor-5266\">\n\t\t\t\t\t\t<section class=\"elementor-section elementor-top-section elementor-element elementor-element-10416953 elementor-section-boxed elementor-section-gap-beside-yes elementor-section-height-default elementor-section-height-default elementor-section-column-vertical-align-stretch\" data-id=\"10416953\" data-element_type=\"section\" data-e-type=\"section\">\n\t\t\t\t\t\t<div class=\"elementor-container elementor-column-gap-extended\">\n\t\t\t\t\t<div class=\"elementor-column elementor-col-100 elementor-top-column elementor-element elementor-element-29c6aa8\" data-id=\"29c6aa8\" data-element_type=\"column\" data-e-type=\"column\">\n\t\t\t<div class=\"elementor-widget-wrap elementor-element-populated\">\n\t\t\t\t\t\t<div class=\"elementor-element elementor-element-7be18fe7 elementor-widget__width-initial elementor-invisible elementor-widget elementor-widget-text-editor\" data-id=\"7be18fe7\" data-element_type=\"widget\" data-e-type=\"widget\" data-settings=\"{&quot;_animation&quot;:&quot;nussFadeInUp&quot;}\" data-widget_type=\"text-editor.default\">\n\t\t\t\t\t\t\t\t\t<p><strong data-spm-anchor-id=\"0.0.0.i28.5e52c921RzvBHn\">D\u00e9couvrez l&#039;\u00e9l\u00e9gance intemporelle et la grandeur du bord de la rivi\u00e8re au Shanghai Bund Riverside Treasury Hotel<\/strong><\/p>\t\t\t\t\t\t\t\t<\/div>\n\t\t\t\t\t<\/div>\n\t\t<\/div>\n\t\t\t\t\t<\/div>\n\t\t<\/section>\n\t\t\t\t<section class=\"elementor-section elementor-top-section elementor-element elementor-element-7d18327f elementor-section-boxed elementor-section-gap-beside-yes elementor-section-height-default elementor-section-height-default elementor-section-column-vertical-align-stretch\" data-id=\"7d18327f\" data-element_type=\"section\" data-e-type=\"section\">\n\t\t\t\t\t\t<div class=\"elementor-container elementor-column-gap-extended\">\n\t\t\t\t\t<div class=\"elementor-column elementor-col-50 elementor-top-column elementor-element elementor-element-56533670\" data-id=\"56533670\" data-element_type=\"column\" data-e-type=\"column\">\n\t\t\t<div class=\"elementor-widget-wrap elementor-element-populated\">\n\t\t\t\t\t\t<div class=\"elementor-element elementor-element-19c3f543 elementor-invisible elementor-widget elementor-widget-text-editor\" data-id=\"19c3f543\" data-element_type=\"widget\" data-e-type=\"widget\" data-settings=\"{&quot;_animation&quot;:&quot;nussFadeInUp&quot;}\" data-widget_type=\"text-editor.default\">\n\t\t\t\t\t\t\t\t\t<p>Nich\u00e9 le long des rives embl\u00e9matiques de la rivi\u00e8re Huangpu au 988 Dongdaming Road dans le quartier anim\u00e9 de Hongkou \u00e0 Shanghai, le <strong>H\u00f4tel Shanghai Bund Riverside Treasury<\/strong> L&#039;h\u00f4tel allie avec brio charme historique, luxe moderne et emplacement privil\u00e9gi\u00e9 au bord de l&#039;eau. Cet h\u00f4tel-boutique 5 \u00e9toiles prestigieux t\u00e9moigne avec \u00e9l\u00e9gance du riche patrimoine et de l&#039;\u00e9volution dynamique de Shanghai, transformant un b\u00e2timent historique magnifiquement pr\u00e9serv\u00e9 en une destination h\u00f4teli\u00e8re de classe mondiale qui captive les voyageurs exigeants du monde entier.<\/p>\t\t\t\t\t\t\t\t<\/div>\n\t\t\t\t\t<\/div>\n\t\t<\/div>\n\t\t\t\t<div class=\"elementor-column elementor-col-50 elementor-top-column elementor-element elementor-element-30f14127\" data-id=\"30f14127\" data-element_type=\"column\" data-e-type=\"column\">\n\t\t\t<div class=\"elementor-widget-wrap elementor-element-populated\">\n\t\t\t\t\t\t<div class=\"elementor-element elementor-element-f831525 elementor-widget elementor-widget-image\" data-id=\"f831525\" data-element_type=\"widget\" data-e-type=\"widget\" data-widget_type=\"image.default\">\n\t\t\t\t\t\t\t\t\t\t\t\t\t\t\t<img fetchpriority=\"high\" decoding=\"async\" width=\"1024\" height=\"682\" src=\"https:\/\/shanghaitreasuryhotel.com\/wp-content\/uploads\/2025\/08\/Shanghai-Bund-Riverside-Treasury-Hotel-41-1024x682.webp\" class=\"attachment-large size-large wp-image-5583\" alt=\"\" srcset=\"https:\/\/shanghaitreasuryhotel.com\/wp-content\/uploads\/2025\/08\/Shanghai-Bund-Riverside-Treasury-Hotel-41-1024x682.webp 1024w, https:\/\/shanghaitreasuryhotel.com\/wp-content\/uploads\/2025\/08\/Shanghai-Bund-Riverside-Treasury-Hotel-41-300x200.webp 300w, https:\/\/shanghaitreasuryhotel.com\/wp-content\/uploads\/2025\/08\/Shanghai-Bund-Riverside-Treasury-Hotel-41-768x512.webp 768w, https:\/\/shanghaitreasuryhotel.com\/wp-content\/uploads\/2025\/08\/Shanghai-Bund-Riverside-Treasury-Hotel-41.webp 1280w\" sizes=\"(max-width: 1024px) 100vw, 1024px\" \/>\t\t\t\t\t\t\t\t\t\t\t\t\t\t\t<\/div>\n\t\t\t\t\t<\/div>\n\t\t<\/div>\n\t\t\t\t\t<\/div>\n\t\t<\/section>\n\t\t\t\t<section class=\"elementor-section elementor-top-section elementor-element elementor-element-29fb8578 elementor-section-height-min-height elementor-section-stretched elementor-section-full_width elementor-section-items-stretch elementor-section-height-default elementor-section-column-vertical-align-stretch\" data-id=\"29fb8578\" data-element_type=\"section\" data-e-type=\"section\" data-settings=\"{&quot;stretch_section&quot;:&quot;section-stretched&quot;}\">\n\t\t\t\t\t\t<div class=\"elementor-container elementor-column-gap-no\">\n\t\t\t\t\t<div class=\"elementor-column elementor-col-50 elementor-top-column elementor-element elementor-element-40ac270b\" data-id=\"40ac270b\" data-element_type=\"column\" data-e-type=\"column\">\n\t\t\t<div class=\"elementor-widget-wrap elementor-element-populated\">\n\t\t\t\t\t\t<div class=\"elementor-element elementor-element-20872773 elementor-widget__width-initial elementor-widget-mobile__width-inherit elementor-invisible nuss-elementor-loading nuss-slide-in-right elementor-widget elementor-widget-image\" data-id=\"20872773\" data-element_type=\"widget\" data-e-type=\"widget\" data-settings=\"{&quot;_animation&quot;:&quot;nussSlideInRight&quot;}\" data-widget_type=\"image.default\">\n\t\t\t\t\t\t\t\t\t\t\t\t\t\t\t<img decoding=\"async\" width=\"1280\" height=\"853\" src=\"https:\/\/shanghaitreasuryhotel.com\/wp-content\/uploads\/2025\/08\/Shanghai-Bund-Riverside-Treasury-Hotel-39.webp\" class=\"attachment-full size-full wp-image-5581\" alt=\"\" srcset=\"https:\/\/shanghaitreasuryhotel.com\/wp-content\/uploads\/2025\/08\/Shanghai-Bund-Riverside-Treasury-Hotel-39.webp 1280w, https:\/\/shanghaitreasuryhotel.com\/wp-content\/uploads\/2025\/08\/Shanghai-Bund-Riverside-Treasury-Hotel-39-300x200.webp 300w, https:\/\/shanghaitreasuryhotel.com\/wp-content\/uploads\/2025\/08\/Shanghai-Bund-Riverside-Treasury-Hotel-39-1024x682.webp 1024w, https:\/\/shanghaitreasuryhotel.com\/wp-content\/uploads\/2025\/08\/Shanghai-Bund-Riverside-Treasury-Hotel-39-768x512.webp 768w\" sizes=\"(max-width: 1280px) 100vw, 1280px\" \/>\t\t\t\t\t\t\t\t\t\t\t\t\t\t\t<\/div>\n\t\t\t\t\t<\/div>\n\t\t<\/div>\n\t\t\t\t<div class=\"elementor-column elementor-col-50 elementor-top-column elementor-element elementor-element-2dac103\" data-id=\"2dac103\" data-element_type=\"column\" data-e-type=\"column\">\n\t\t\t<div class=\"elementor-widget-wrap elementor-element-populated\">\n\t\t\t\t\t\t<div class=\"elementor-element elementor-element-6f1b8966 elementor-invisible elementor-widget elementor-widget-text-editor\" data-id=\"6f1b8966\" data-element_type=\"widget\" data-e-type=\"widget\" data-settings=\"{&quot;_animation&quot;:&quot;nussFadeInUp&quot;}\" data-widget_type=\"text-editor.default\">\n\t\t\t\t\t\t\t\t\t<p data-spm-anchor-id=\"0.0.0.i31.5e52c921RzvBHn\">Autrefois un imposant b\u00e2timent du Tr\u00e9sor du d\u00e9but du XXe si\u00e8cle, l&#039;h\u00f4tel a \u00e9t\u00e9 m\u00e9ticuleusement restaur\u00e9 pour honorer son h\u00e9ritage architectural tout en int\u00e9grant harmonieusement confort contemporain et design sophistiqu\u00e9. Situ\u00e9 \u00e0 deux pas du l\u00e9gendaire <strong>Le Bund<\/strong> et juste en face de la rivi\u00e8re depuis l&#039;\u00e9blouissant <strong>Horizon de Pudong<\/strong>Les clients ont droit \u00e0 des vues panoramiques \u00e0 couper le souffle sur certains des monuments les plus embl\u00e9matiques de Shanghai, notamment la tour de la Perle de l&#039;Orient, la tour de Shanghai et le pont Jin Mao, particuli\u00e8rement fascinants la nuit lorsque les lumi\u00e8res de la ville scintillent sur l&#039;eau.<\/p><div class=\"my-2\">\u00a0<\/div><p>Le <strong data-spm-anchor-id=\"0.0.0.i30.5e52c921RzvBHn\">H\u00f4tel Shanghai Bund Riverside Treasury<\/strong> L&#039;h\u00f4tel offre un havre de paix au c\u0153ur de l&#039;une des m\u00e9tropoles les plus dynamiques de Chine. Son emplacement privil\u00e9gi\u00e9 dans le district de Hongkou permet un acc\u00e8s facile aux principaux p\u00f4les d&#039;affaires, attractions culturelles et r\u00e9seaux de transport. L&#039;h\u00f4tel se trouve \u00e0 seulement 15 minutes en voiture de <strong>Gare de Shanghai<\/strong>, \u00e0 environ 30 minutes de <strong>A\u00e9roport international de Hongqiao<\/strong>, et bien reli\u00e9 par les lignes de m\u00e9tro 4 et 10, ce qui le rend id\u00e9al pour les voyageurs d&#039;affaires et de loisirs.<\/p>\t\t\t\t\t\t\t\t<\/div>\n\t\t\t\t\t<\/div>\n\t\t<\/div>\n\t\t\t\t\t<\/div>\n\t\t<\/section>\n\t\t\t\t<section class=\"elementor-section elementor-top-section elementor-element elementor-element-96e7132 elementor-section-height-min-height elementor-section-stretched elementor-section-full_width elementor-section-items-stretch elementor-section-height-default elementor-section-column-vertical-align-stretch\" data-id=\"96e7132\" data-element_type=\"section\" data-e-type=\"section\" data-settings=\"{&quot;stretch_section&quot;:&quot;section-stretched&quot;}\">\n\t\t\t\t\t\t<div class=\"elementor-container elementor-column-gap-no\">\n\t\t\t\t\t<div class=\"elementor-column elementor-col-50 elementor-top-column elementor-element elementor-element-5406106\" data-id=\"5406106\" data-element_type=\"column\" data-e-type=\"column\">\n\t\t\t<div class=\"elementor-widget-wrap elementor-element-populated\">\n\t\t\t\t\t\t<div class=\"elementor-element elementor-element-74507f2 elementor-invisible elementor-widget elementor-widget-text-editor\" data-id=\"74507f2\" data-element_type=\"widget\" data-e-type=\"widget\" data-settings=\"{&quot;_animation&quot;:&quot;nussFadeInUp&quot;}\" data-widget_type=\"text-editor.default\">\n\t\t\t\t\t\t\t\t\t<p data-spm-anchor-id=\"0.0.0.i32.5e52c921RzvBHn\">D\u00e8s votre arriv\u00e9e, vous serez accueilli par une ambiance raffin\u00e9e et \u00e9l\u00e9gante\u00a0: sols en marbre, hauts plafonds et int\u00e9rieurs raffin\u00e9s d&#039;inspiration Art d\u00e9co, hommage \u00e0 l&#039;\u00e2ge d&#039;or de Shanghai. Chacune des chambres et suites luxueusement am\u00e9nag\u00e9es dispose de baies vitr\u00e9es offrant une vue imprenable sur le fleuve ou la ville, d&#039;une literie moelleuse, d&#039;une technologie de pointe, de produits de toilette haut de gamme et d&#039;une insonorisation confortable pour un s\u00e9jour reposant. Que vous savouriez votre caf\u00e9 du matin sur le balcon avec vue sur le Huangpu ou que vous vous d\u00e9tendiez apr\u00e8s une journ\u00e9e de d\u00e9couverte, l&#039;h\u00f4tel vous garantit une atmosph\u00e8re de s\u00e9r\u00e9nit\u00e9 et de bien-\u00eatre.<\/p><p data-spm-anchor-id=\"0.0.0.i33.5e52c921RzvBHn\">Les clients pourront savourer des exp\u00e9riences culinaires exceptionnelles au restaurant sur place, qui allie une touche internationale \u00e0 une cuisine shangha\u00efenne et chinoise authentique, \u00e9labor\u00e9e par des chefs prim\u00e9s \u00e0 partir d&#039;ingr\u00e9dients locaux. L&#039;\u00e9l\u00e9gant bar-salon propose des cocktails artisanaux et des vins raffin\u00e9s dans un cadre raffin\u00e9, id\u00e9al pour une soir\u00e9e de d\u00e9tente ou une r\u00e9union intime.<\/p>\t\t\t\t\t\t\t\t<\/div>\n\t\t\t\t\t<\/div>\n\t\t<\/div>\n\t\t\t\t<div class=\"elementor-column elementor-col-50 elementor-top-column elementor-element elementor-element-1fff330\" data-id=\"1fff330\" data-element_type=\"column\" data-e-type=\"column\">\n\t\t\t<div class=\"elementor-widget-wrap elementor-element-populated\">\n\t\t\t\t\t\t<div class=\"elementor-element elementor-element-f1fb422 elementor-widget__width-initial elementor-widget-mobile__width-inherit elementor-invisible nuss-elementor-loading nuss-slide-in-right elementor-widget elementor-widget-image\" data-id=\"f1fb422\" data-element_type=\"widget\" data-e-type=\"widget\" data-settings=\"{&quot;_animation&quot;:&quot;nussSlideInRight&quot;}\" data-widget_type=\"image.default\">\n\t\t\t\t\t\t\t\t\t\t\t\t\t\t\t<img decoding=\"async\" width=\"1280\" height=\"853\" src=\"https:\/\/shanghaitreasuryhotel.com\/wp-content\/uploads\/2025\/08\/Shanghai-Bund-Riverside-Treasury-Hotel-42.webp\" class=\"attachment-full size-full wp-image-5584\" alt=\"\" srcset=\"https:\/\/shanghaitreasuryhotel.com\/wp-content\/uploads\/2025\/08\/Shanghai-Bund-Riverside-Treasury-Hotel-42.webp 1280w, https:\/\/shanghaitreasuryhotel.com\/wp-content\/uploads\/2025\/08\/Shanghai-Bund-Riverside-Treasury-Hotel-42-300x200.webp 300w, https:\/\/shanghaitreasuryhotel.com\/wp-content\/uploads\/2025\/08\/Shanghai-Bund-Riverside-Treasury-Hotel-42-1024x682.webp 1024w, https:\/\/shanghaitreasuryhotel.com\/wp-content\/uploads\/2025\/08\/Shanghai-Bund-Riverside-Treasury-Hotel-42-768x512.webp 768w\" sizes=\"(max-width: 1280px) 100vw, 1280px\" \/>\t\t\t\t\t\t\t\t\t\t\t\t\t\t\t<\/div>\n\t\t\t\t\t<\/div>\n\t\t<\/div>\n\t\t\t\t\t<\/div>\n\t\t<\/section>\n\t\t\t\t<section class=\"elementor-section elementor-top-section elementor-element elementor-element-467e7a6 elementor-section-height-min-height elementor-section-stretched elementor-section-full_width elementor-section-items-stretch elementor-section-height-default elementor-section-column-vertical-align-stretch\" data-id=\"467e7a6\" data-element_type=\"section\" data-e-type=\"section\" data-settings=\"{&quot;stretch_section&quot;:&quot;section-stretched&quot;}\">\n\t\t\t\t\t\t<div class=\"elementor-container elementor-column-gap-no\">\n\t\t\t\t\t<div class=\"elementor-column elementor-col-50 elementor-top-column elementor-element elementor-element-e25516d\" data-id=\"e25516d\" data-element_type=\"column\" data-e-type=\"column\">\n\t\t\t<div class=\"elementor-widget-wrap elementor-element-populated\">\n\t\t\t\t\t\t<div class=\"elementor-element elementor-element-e9107e2 elementor-widget__width-initial elementor-widget-mobile__width-inherit elementor-invisible nuss-elementor-loading nuss-slide-in-right elementor-widget elementor-widget-image\" data-id=\"e9107e2\" data-element_type=\"widget\" data-e-type=\"widget\" data-settings=\"{&quot;_animation&quot;:&quot;nussSlideInRight&quot;}\" data-widget_type=\"image.default\">\n\t\t\t\t\t\t\t\t\t\t\t\t\t\t\t<img loading=\"lazy\" decoding=\"async\" width=\"1280\" height=\"853\" src=\"https:\/\/shanghaitreasuryhotel.com\/wp-content\/uploads\/2025\/08\/Shanghai-Bund-Riverside-Treasury-Hotel-62.webp\" class=\"attachment-full size-full wp-image-5604\" alt=\"\" srcset=\"https:\/\/shanghaitreasuryhotel.com\/wp-content\/uploads\/2025\/08\/Shanghai-Bund-Riverside-Treasury-Hotel-62.webp 1280w, https:\/\/shanghaitreasuryhotel.com\/wp-content\/uploads\/2025\/08\/Shanghai-Bund-Riverside-Treasury-Hotel-62-300x200.webp 300w, https:\/\/shanghaitreasuryhotel.com\/wp-content\/uploads\/2025\/08\/Shanghai-Bund-Riverside-Treasury-Hotel-62-1024x682.webp 1024w, https:\/\/shanghaitreasuryhotel.com\/wp-content\/uploads\/2025\/08\/Shanghai-Bund-Riverside-Treasury-Hotel-62-768x512.webp 768w\" sizes=\"(max-width: 1280px) 100vw, 1280px\" \/>\t\t\t\t\t\t\t\t\t\t\t\t\t\t\t<\/div>\n\t\t\t\t\t<\/div>\n\t\t<\/div>\n\t\t\t\t<div class=\"elementor-column elementor-col-50 elementor-top-column elementor-element elementor-element-6c607c4\" data-id=\"6c607c4\" data-element_type=\"column\" data-e-type=\"column\">\n\t\t\t<div class=\"elementor-widget-wrap elementor-element-populated\">\n\t\t\t\t\t\t<div class=\"elementor-element elementor-element-90760d7 elementor-invisible elementor-widget elementor-widget-text-editor\" data-id=\"90760d7\" data-element_type=\"widget\" data-e-type=\"widget\" data-settings=\"{&quot;_animation&quot;:&quot;nussFadeInUp&quot;}\" data-widget_type=\"text-editor.default\">\n\t\t\t\t\t\t\t\t\t<p data-spm-anchor-id=\"0.0.0.i35.5e52c921RzvBHn\">Bien-\u00eatre et confort sont au c\u0153ur de l&#039;exp\u00e9rience client, avec des prestations telles qu&#039;une salle de sport enti\u00e8rement \u00e9quip\u00e9e, une piscine int\u00e9rieure paisible, un service de conciergerie 24h\/24, un centre d&#039;affaires et des salles de r\u00e9union pour les \u00e9v\u00e9nements d&#039;entreprise. Le personnel d\u00e9vou\u00e9 offre un service personnalis\u00e9, chaleureux et attentionn\u00e9, veillant \u00e0 ce que chaque besoin soit satisfait avec pr\u00e9cision et attention.<\/p><div class=\"my-2\">\u00a0<\/div><p data-spm-anchor-id=\"0.0.0.i34.5e52c921RzvBHn\">Au-del\u00e0 de ses h\u00e9bergements luxueux, le <strong>H\u00f4tel Shanghai Bund Riverside Treasury<\/strong> vous place \u00e0 proximit\u00e9 des attractions incontournables : fl\u00e2nez le long du quartier historique <strong>Waitan (Le Bund)<\/strong>, explorez le futuriste <strong>Quartier financier de Lujiazui<\/strong>, visitez le <strong>Mus\u00e9e de Shanghai<\/strong>, ou profitez d&#039;une croisi\u00e8re sur la rivi\u00e8re Huangpu, le tout \u00e0 seulement quelques minutes.<\/p><div class=\"my-2\">\u00a0<\/div><p>Que vous soyez en visite \u00e0 Shanghai pour affaires, pour des raisons culturelles ou pour un s\u00e9jour romantique, cet h\u00f4tel offre bien plus qu&#039;un simple h\u00e9bergement\u00a0: il vous offre un voyage m\u00e9morable au c\u0153ur de la ville. Avec son m\u00e9lange unique d&#039;h\u00e9ritage, d&#039;emplacement et d&#039;\u00e9l\u00e9gance moderne, l&#039; <strong>H\u00f4tel Shanghai Bund Riverside Treasury<\/strong> se pr\u00e9sente comme un v\u00e9ritable joyau au bord de la rivi\u00e8re, vous invitant \u00e0 d\u00e9couvrir la grandeur du vieux Shanghai avec tout le confort du pr\u00e9sent.<\/p><p><strong>Offrez-vous le luxe au bord de l&#039;eau. Cr\u00e9ez des moments inoubliables au Shanghai Bund Riverside Treasury Hotel, o\u00f9 l&#039;histoire rencontre l&#039;horizon.<\/strong><\/p>\t\t\t\t\t\t\t\t<\/div>\n\t\t\t\t\t<\/div>\n\t\t<\/div>\n\t\t\t\t\t<\/div>\n\t\t<\/section>\n\t\t\t\t<section class=\"elementor-section elementor-top-section elementor-element elementor-element-2092b7d0 elementor-section-stretched elementor-section-boxed elementor-section-gap-beside-yes elementor-section-height-default elementor-section-height-default elementor-section-column-vertical-align-stretch\" data-id=\"2092b7d0\" data-element_type=\"section\" data-e-type=\"section\" data-settings=\"{&quot;background_background&quot;:&quot;classic&quot;,&quot;stretch_section&quot;:&quot;section-stretched&quot;}\">\n\t\t\t\t\t\t<div class=\"elementor-container elementor-column-gap-extended\">\n\t\t\t\t\t<div class=\"elementor-column elementor-col-100 elementor-top-column elementor-element elementor-element-be69d75\" data-id=\"be69d75\" data-element_type=\"column\" data-e-type=\"column\">\n\t\t\t<div class=\"elementor-widget-wrap elementor-element-populated\">\n\t\t\t\t\t\t<div class=\"elementor-element elementor-element-1ef6877 elementor-widget elementor-widget-heading\" data-id=\"1ef6877\" data-element_type=\"widget\" data-e-type=\"widget\" data-widget_type=\"heading.default\">\n\t\t\t\t\t<h2 class=\"elementor-heading-title elementor-size-default\">N\u00b0 8 des h\u00f4tels 4 \u00e9toiles Select de Shanghai\n<\/h2>\t\t\t\t<\/div>\n\t\t\t\t<div class=\"elementor-element elementor-element-94b433b elementor-widget elementor-widget-text-editor\" data-id=\"94b433b\" data-element_type=\"widget\" data-e-type=\"widget\" data-widget_type=\"text-editor.default\">\n\t\t\t\t\t\t\t\t\t<iframe border=\"0\" src=\"https:\/\/www.trip.com\/partners\/ad\/S4819257?Allianceid=4590391&#038;SID=246906724&#038;trip_sub1=\" style=\"width:900px;height:200px\" frameborder=\"0\" scrolling=\"no\" id=\"S4819257\"><\/iframe>\t\t\t\t\t\t\t\t<\/div>\n\t\t\t\t\t<\/div>\n\t\t<\/div>\n\t\t\t\t\t<\/div>\n\t\t<\/section>\n\t\t\t\t<\/div>","protected":false},"excerpt":{"rendered":"<p>Discover Timeless Elegance and Riverfront Grandeur at Shanghai Bund Riverside Treasury Hotel Nestled along the iconic banks of the Huangpu River at 988 Dongdaming Road in Shanghai\u2019s vibrant Hongkou District, the Shanghai Bund Riverside Treasury Hotel offers an exquisite fusion of historical charm, modern luxury, and prime riverside location. This distinguished 5-star boutique hotel stands [&hellip;]<\/p>\n","protected":false},"author":1,"featured_media":0,"parent":0,"menu_order":0,"comment_status":"closed","ping_status":"closed","template":"","meta":{"footnotes":""},"class_list":["post-5266","page","type-page","status-publish","hentry","post-no-thumbnail"],"_links":{"self":[{"href":"https:\/\/shanghaitreasuryhotel.com\/fr\/wp-json\/wp\/v2\/pages\/5266","targetHints":{"allow":["GET"]}}],"collection":[{"href":"https:\/\/shanghaitreasuryhotel.com\/fr\/wp-json\/wp\/v2\/pages"}],"about":[{"href":"https:\/\/shanghaitreasuryhotel.com\/fr\/wp-json\/wp\/v2\/types\/page"}],"author":[{"embeddable":true,"href":"https:\/\/shanghaitreasuryhotel.com\/fr\/wp-json\/wp\/v2\/users\/1"}],"replies":[{"embeddable":true,"href":"https:\/\/shanghaitreasuryhotel.com\/fr\/wp-json\/wp\/v2\/comments?post=5266"}],"version-history":[{"count":0,"href":"https:\/\/shanghaitreasuryhotel.com\/fr\/wp-json\/wp\/v2\/pages\/5266\/revisions"}],"wp:attachment":[{"href":"https:\/\/shanghaitreasuryhotel.com\/fr\/wp-json\/wp\/v2\/media?parent=5266"}],"curies":[{"name":"wp","href":"https:\/\/api.w.org\/{rel}","templated":true}]}}