{"id":612,"date":"2021-03-26T10:04:13","date_gmt":"2021-03-26T10:04:13","guid":{"rendered":"http:\/\/localhost\/nuss\/?page_id=612"},"modified":"2025-08-10T15:06:50","modified_gmt":"2025-08-10T15:06:50","slug":"restaurant","status":"publish","type":"page","link":"https:\/\/shanghaitreasuryhotel.com\/fr\/restaurant\/","title":{"rendered":"Restaurant"},"content":{"rendered":"<div data-elementor-type=\"wp-page\" data-elementor-id=\"612\" class=\"elementor elementor-612\">\n\t\t\t\t\t\t<section class=\"elementor-section elementor-top-section elementor-element elementor-element-e2effe8 elementor-section-boxed elementor-section-gap-beside-yes elementor-section-height-default elementor-section-height-default elementor-section-column-vertical-align-stretch\" data-id=\"e2effe8\" data-element_type=\"section\" data-e-type=\"section\">\n\t\t\t\t\t\t<div class=\"elementor-container elementor-column-gap-extended\">\n\t\t\t\t\t<div class=\"elementor-column elementor-col-100 elementor-top-column elementor-element elementor-element-e18f688\" data-id=\"e18f688\" data-element_type=\"column\" data-e-type=\"column\">\n\t\t\t<div class=\"elementor-widget-wrap elementor-element-populated\">\n\t\t\t\t\t\t<div class=\"elementor-element elementor-element-6db146d elementor-widget__width-initial elementor-invisible elementor-widget elementor-widget-text-editor\" data-id=\"6db146d\" data-element_type=\"widget\" data-e-type=\"widget\" data-settings=\"{&quot;_animation&quot;:&quot;nussFadeInUp&quot;}\" data-widget_type=\"text-editor.default\">\n\t\t\t\t\t\t\t\t\t<p>Se sentir bien et en pleine forme n&#039;est pas un luxe, mais une n\u00e9cessit\u00e9 absolue. Soignez votre corps et votre \u00e2me gr\u00e2ce \u00e0 nos soins miraculeux et rentrez chez vous comme une nouvelle personne, apais\u00e9e et ressourc\u00e9e.<\/p>\t\t\t\t\t\t\t\t<\/div>\n\t\t\t\t\t<\/div>\n\t\t<\/div>\n\t\t\t\t\t<\/div>\n\t\t<\/section>\n\t\t<div class=\"elementor-element elementor-element-87d6007 e-flex e-con-boxed e-con e-parent\" data-id=\"87d6007\" data-element_type=\"container\" data-e-type=\"container\">\n\t\t\t\t\t<div class=\"e-con-inner\">\n\t\t\t\t<div class=\"elementor-element elementor-element-c789e9a elementor-widget elementor-widget-image\" data-id=\"c789e9a\" data-element_type=\"widget\" data-e-type=\"widget\" data-widget_type=\"image.default\">\n\t\t\t\t\t\t\t\t\t\t\t\t\t\t\t<img fetchpriority=\"high\" decoding=\"async\" width=\"1024\" height=\"682\" src=\"https:\/\/shanghaitreasuryhotel.com\/wp-content\/uploads\/2025\/08\/Shanghai-Bund-Riverside-Treasury-Hotel-30-1024x682.webp\" class=\"attachment-large size-large wp-image-5572\" alt=\"\" srcset=\"https:\/\/shanghaitreasuryhotel.com\/wp-content\/uploads\/2025\/08\/Shanghai-Bund-Riverside-Treasury-Hotel-30-1024x682.webp 1024w, https:\/\/shanghaitreasuryhotel.com\/wp-content\/uploads\/2025\/08\/Shanghai-Bund-Riverside-Treasury-Hotel-30-300x200.webp 300w, https:\/\/shanghaitreasuryhotel.com\/wp-content\/uploads\/2025\/08\/Shanghai-Bund-Riverside-Treasury-Hotel-30-768x512.webp 768w, https:\/\/shanghaitreasuryhotel.com\/wp-content\/uploads\/2025\/08\/Shanghai-Bund-Riverside-Treasury-Hotel-30.webp 1280w\" sizes=\"(max-width: 1024px) 100vw, 1024px\" \/>\t\t\t\t\t\t\t\t\t\t\t\t\t\t\t<\/div>\n\t\t\t\t\t<\/div>\n\t\t\t\t<\/div>\n\t\t<div class=\"elementor-element elementor-element-9807a84 e-flex e-con-boxed e-con e-parent\" data-id=\"9807a84\" data-element_type=\"container\" data-e-type=\"container\">\n\t\t\t\t\t<div class=\"e-con-inner\">\n\t\t\t\t<div class=\"elementor-element elementor-element-3bca171 elementor-widget elementor-widget-text-editor\" data-id=\"3bca171\" data-element_type=\"widget\" data-e-type=\"widget\" data-widget_type=\"text-editor.default\">\n\t\t\t\t\t\t\t\t\t<p data-spm-anchor-id=\"0.0.0.i62.5e52c921RzvBHn\">Nich\u00e9 dans l&#039;\u00e9l\u00e9gance historique de la <strong>H\u00f4tel Shanghai Bund Riverside Treasury<\/strong> \u00e0 <strong>988 Dongdaming Road, district de Hongkou, Shanghai, Chine, 200086<\/strong>, se trouve une destination culinaire qui transcende l&#039;ordinaire - la signature de l&#039;h\u00f4tel <strong>restaurant sur place<\/strong>, o\u00f9 patrimoine, art et saveurs convergent en parfaite harmonie. Plus qu&#039;un simple lieu de restauration, notre restaurant c\u00e9l\u00e8bre la riche \u00e2me gastronomique de Shanghai, r\u00e9invent\u00e9e sous le prisme de la sophistication moderne et du romantisme riverain.<\/p><p>D\u00e8s votre entr\u00e9e dans la salle \u00e0 manger \u00e9l\u00e9gamment am\u00e9nag\u00e9e, vous serez imm\u00e9diatement envelopp\u00e9 par une atmosph\u00e8re au charme intemporel. De hauts plafonds, des d\u00e9tails d&#039;inspiration Art d\u00e9co et de grandes baies vitr\u00e9es offrent une vue panoramique imprenable sur la ville. <strong>Rivi\u00e8re Huangpu<\/strong>, avec l&#039;horizon scintillant de <strong>Pudong<\/strong> Miroitant sur l&#039;eau telle une toile vivante. Qu&#039;il soit baign\u00e9 par la lueur dor\u00e9e du lever du soleil ou illumin\u00e9 par les lumi\u00e8res nocturnes \u00e9blouissantes de la ville, chaque repas devient un chef-d&#039;\u0153uvre sensoriel, une exp\u00e9rience qui reste grav\u00e9e dans les m\u00e9moires longtemps apr\u00e8s la derni\u00e8re bouch\u00e9e.<\/p><h3><strong>Une philosophie culinaire ancr\u00e9e dans la tradition et l&#039;innovation<\/strong><\/h3><p>Au c\u0153ur de notre restaurant se trouve un profond respect pour <strong>cuisine shangha\u00efenne<\/strong>, r\u00e9put\u00e9 pour son d\u00e9licat \u00e9quilibre entre saveurs sucr\u00e9es, sal\u00e9es et umami. Notre \u00e9quipe culinaire prim\u00e9e, dirig\u00e9e par des chefs chevronn\u00e9s forts de d\u00e9cennies d&#039;exp\u00e9rience en gastronomie r\u00e9gionale et internationale, honore des recettes classiques transmises de g\u00e9n\u00e9ration en g\u00e9n\u00e9ration, telles que <em>hongshao rou<\/em> (poitrine de porc brais\u00e9e), <em>Xiao long bao<\/em> (boulettes de soupe), et <em>poulet ivre<\/em>\u2014tout en introduisant des techniques contemporaines subtiles qui \u00e9l\u00e8vent chaque plat vers de nouveaux sommets.<\/p><p>Mais notre menu ne conna\u00eet pas de fronti\u00e8res. Puisant son inspiration partout dans le monde <strong>La Chine et le monde<\/strong>, nous proposons une s\u00e9lection soigneusement organis\u00e9e de <strong>D\u00e9lices cantonais, \u00e9pices du Sichuan, sp\u00e9cialit\u00e9s du nord de la Chine et plats occidentaux raffin\u00e9s<\/strong>, garantissant une exp\u00e9rience diversifi\u00e9e et satisfaisante pour tous les palais. Des fruits de mer locaux les plus frais aux ingr\u00e9dients import\u00e9s de premi\u00e8re qualit\u00e9, chaque composant est s\u00e9lectionn\u00e9 dans un souci de durabilit\u00e9 et de qualit\u00e9.<\/p><h3><strong>Exp\u00e9riences culinaires exclusives<\/strong><\/h3><p>Commencez votre journ\u00e9e avec notre <strong>buffet de petit-d\u00e9jeuner l\u00e9gendaire<\/strong>, un menu somptueux qui donne le ton \u00e0 l&#039;excellence. Les clients se d\u00e9lectent d&#039;une fusion de saveurs orientales et occidentales\u00a0: paniers de dim sum fumants en bambou, nouilles effiloch\u00e9es \u00e0 la main, congee aux \u0153ufs centenaires et au porc, accompagn\u00e9s de pains artisanaux, de fruits bio, de charcuterie de qualit\u00e9 sup\u00e9rieure et de caf\u00e9 fra\u00eechement moulu des plantations du Yunnan. C&#039;est le moyen id\u00e9al pour explorer les rues anim\u00e9es et les monuments embl\u00e9matiques de Shanghai.<\/p><p data-spm-anchor-id=\"0.0.0.i63.5e52c921RzvBHn\">Pour le d\u00e9jeuner et le d\u00eener, notre <strong>menus \u00e0 la carte et d\u00e9gustation<\/strong> vous invitent \u00e0 embarquer pour un voyage personnalis\u00e9. Parmi les points forts, citons <strong>crevettes de rivi\u00e8re au vin de Shaoxing<\/strong>, <strong>canard laqu\u00e9 \u00e0 la peau croustillante<\/strong> table sculpt\u00e9e, et <strong>Shengjianbao infus\u00e9 \u00e0 la truffe noire<\/strong>\u2014Une version moderne d&#039;un classique de Shanghai. Des options v\u00e9g\u00e9tariennes et di\u00e9t\u00e9tiques sont soigneusement \u00e9labor\u00e9es pour que chaque client se sente appr\u00e9ci\u00e9.<\/p>\t\t\t\t\t\t\t\t<\/div>\n\t\t\t\t\t<\/div>\n\t\t\t\t<\/div>\n\t\t<div class=\"elementor-element elementor-element-c6f3feb e-flex e-con-boxed e-con e-parent\" data-id=\"c6f3feb\" data-element_type=\"container\" data-e-type=\"container\">\n\t\t\t\t\t<div class=\"e-con-inner\">\n\t\t\t\t<div class=\"elementor-element elementor-element-462e267 elementor-widget elementor-widget-image\" data-id=\"462e267\" data-element_type=\"widget\" data-e-type=\"widget\" data-widget_type=\"image.default\">\n\t\t\t\t\t\t\t\t\t\t\t\t\t\t\t<img decoding=\"async\" width=\"828\" height=\"516\" src=\"https:\/\/shanghaitreasuryhotel.com\/wp-content\/uploads\/2025\/08\/Shanghai-Bund-Riverside-Treasury-Hotel-22.webp\" class=\"attachment-large size-large wp-image-5564\" alt=\"\" srcset=\"https:\/\/shanghaitreasuryhotel.com\/wp-content\/uploads\/2025\/08\/Shanghai-Bund-Riverside-Treasury-Hotel-22.webp 828w, https:\/\/shanghaitreasuryhotel.com\/wp-content\/uploads\/2025\/08\/Shanghai-Bund-Riverside-Treasury-Hotel-22-300x187.webp 300w, https:\/\/shanghaitreasuryhotel.com\/wp-content\/uploads\/2025\/08\/Shanghai-Bund-Riverside-Treasury-Hotel-22-768x479.webp 768w\" sizes=\"(max-width: 828px) 100vw, 828px\" \/>\t\t\t\t\t\t\t\t\t\t\t\t\t\t\t<\/div>\n\t\t\t\t\t<\/div>\n\t\t\t\t<\/div>\n\t\t<div class=\"elementor-element elementor-element-2a71058 e-flex e-con-boxed e-con e-parent\" data-id=\"2a71058\" data-element_type=\"container\" data-e-type=\"container\">\n\t\t\t\t\t<div class=\"e-con-inner\">\n\t\t\t\t<div class=\"elementor-element elementor-element-9e6d8a5 elementor-widget elementor-widget-text-editor\" data-id=\"9e6d8a5\" data-element_type=\"widget\" data-e-type=\"widget\" data-widget_type=\"text-editor.default\">\n\t\t\t\t\t\t\t\t\t<p data-spm-anchor-id=\"0.0.0.i66.5e52c921RzvBHn\">Le soir, l&#039;ambiance se transforme en quelque chose de vraiment magique. <strong>salon et bar au bord de la rivi\u00e8re<\/strong> Il propose des cocktails artisanaux infus\u00e9s de plantes chinoises, comme le litchi, la baie de goji et l&#039;osmanthus, accompagn\u00e9s de vins fins, de baijiu vieilli et de th\u00e9s rares. C&#039;est le cadre id\u00e9al pour un d\u00eener romantique, un toast d&#039;affaires ou un moment de r\u00e9flexion tranquille autour d&#039;un dernier verre sous les \u00e9toiles.<\/p><h3><strong>\u00c9v\u00e9nements culinaires, d\u00eeners priv\u00e9s et immersion culturelle<\/strong><\/h3><p>Notre restaurant est plus qu&#039;un lieu de restauration quotidien, c&#039;est une sc\u00e8ne pour <strong>narration culinaire et connexion culturelle<\/strong>Nous organisons des \u00e9v\u00e9nements de d\u00e9gustation saisonniers, tels que <strong>Banquets du Nouvel An lunaire<\/strong>, <strong>Accords de g\u00e2teaux de lune de la mi-automne<\/strong>, et <strong>d\u00eeners avec accords mets et vins<\/strong> avec des sommeliers invit\u00e9s. Vous pourrez \u00e9galement r\u00e9server notre <strong>salles \u00e0 manger priv\u00e9es<\/strong>, parfait pour les r\u00e9unions intimes, les d\u00eeners d&#039;entreprise ou les c\u00e9l\u00e9brations marquantes, o\u00f9 des menus personnalis\u00e9s et un service d\u00e9di\u00e9 cr\u00e9ent des moments inoubliables.<\/p><p>Nous pensons que la nourriture est un pont entre les gens et les lieux. C&#039;est pourquoi nous proposons <strong>exp\u00e9riences interactives<\/strong> comme <strong>cours de fabrication de boulettes<\/strong>, <strong>c\u00e9r\u00e9monies du th\u00e9<\/strong>, et <strong>soir\u00e9es rencontre avec le chef<\/strong>, permettant aux invit\u00e9s de plonger plus profond\u00e9ment dans les traditions derri\u00e8re les saveurs.<\/p><h3><strong>Une destination reconnue pour son excellence<\/strong><\/h3><p>Constamment lou\u00e9 sur <strong>TripAdvisor, Trip.com et Google Avis<\/strong>, notre restaurant est c\u00e9l\u00e8bre non seulement pour son <strong>cuisine exceptionnelle<\/strong> mais aussi pour son <strong>service impeccable, ambiance \u00e9l\u00e9gante et emplacement incomparable au bord de la rivi\u00e8re<\/strong>Les voyageurs du monde entier d\u00e9crivent leurs repas ici comme \u00ab le point culminant de leur voyage \u00e0 Shanghai \u00bb, et beaucoup reviennent simplement pour revivre la magie d&#039;un d\u00eener au coucher du soleil au bord de l&#039;eau.<\/p><h3><strong>D\u00eenez l\u00e0 o\u00f9 l&#039;histoire rencontre l&#039;horizon<\/strong><\/h3><p>Au <strong>Restaurant de l&#039;h\u00f4tel Shanghai Bund Riverside Treasury<\/strong>Chaque repas est une invitation \u00e0 la d\u00e9gustation, aux \u00e9changes et \u00e0 la c\u00e9l\u00e9bration. Que vous soyez client de l&#039;h\u00f4tel ou visiteur attir\u00e9 par la promesse d&#039;une cuisine de classe mondiale, nous vous invitons \u00e0 d\u00e9couvrir <strong>Shanghai dans une assiette<\/strong>, servi avec gr\u00e2ce, passion et une vue qui capture l&#039;esprit m\u00eame de la ville.<\/p><p data-spm-anchor-id=\"0.0.0.i61.5e52c921RzvBHn\"><strong>Venez pour la cuisine. Restez pour l&#039;instant. Laissez vos sens d\u00e9couvrir l&#039;\u00e2me de Shanghai, un plat exquis \u00e0 la fois.<\/strong><\/p>\t\t\t\t\t\t\t\t<\/div>\n\t\t\t\t\t<\/div>\n\t\t\t\t<\/div>\n\t\t\t\t<section class=\"elementor-section elementor-top-section elementor-element elementor-element-7542869c elementor-section-stretched elementor-section-boxed elementor-section-gap-beside-yes elementor-section-height-default elementor-section-height-default elementor-section-column-vertical-align-stretch\" data-id=\"7542869c\" data-element_type=\"section\" data-e-type=\"section\" data-settings=\"{&quot;background_background&quot;:&quot;classic&quot;,&quot;stretch_section&quot;:&quot;section-stretched&quot;}\">\n\t\t\t\t\t\t<div class=\"elementor-container elementor-column-gap-extended\">\n\t\t\t\t\t<div class=\"elementor-column elementor-col-100 elementor-top-column elementor-element elementor-element-1c1f414a\" data-id=\"1c1f414a\" data-element_type=\"column\" data-e-type=\"column\">\n\t\t\t<div class=\"elementor-widget-wrap elementor-element-populated\">\n\t\t\t\t\t\t<div class=\"elementor-element elementor-element-4210b994 elementor-widget elementor-widget-heading\" data-id=\"4210b994\" data-element_type=\"widget\" data-e-type=\"widget\" data-widget_type=\"heading.default\">\n\t\t\t\t\t<h2 class=\"elementor-heading-title elementor-size-default\">N\u00b0 8 des h\u00f4tels 4 \u00e9toiles Select de Shanghai\n<\/h2>\t\t\t\t<\/div>\n\t\t\t\t<div class=\"elementor-element elementor-element-7556a649 elementor-widget elementor-widget-text-editor\" data-id=\"7556a649\" data-element_type=\"widget\" data-e-type=\"widget\" data-widget_type=\"text-editor.default\">\n\t\t\t\t\t\t\t\t\t<iframe border=\"0\" src=\"https:\/\/www.trip.com\/partners\/ad\/S4819257?Allianceid=4590391&#038;SID=246906724&#038;trip_sub1=\" style=\"width:900px;height:200px\" frameborder=\"0\" scrolling=\"no\" id=\"S4819257\"><\/iframe>\t\t\t\t\t\t\t\t<\/div>\n\t\t\t\t\t<\/div>\n\t\t<\/div>\n\t\t\t\t\t<\/div>\n\t\t<\/section>\n\t\t\t\t<\/div>","protected":false},"excerpt":{"rendered":"<p>Feeling healthy and well is not a luxury but an absolute necessity. Heal both your soul and body with our miraculous treatments and return home as a new person, calm and refreshed. Nestled within the historic elegance of the Shanghai Bund Riverside Treasury Hotel at 988 Dongdaming Road, Hongkou District, Shanghai, China, 200086, lies a [&hellip;]<\/p>\n","protected":false},"author":1,"featured_media":0,"parent":0,"menu_order":0,"comment_status":"closed","ping_status":"closed","template":"","meta":{"footnotes":""},"class_list":["post-612","page","type-page","status-publish","hentry","post-no-thumbnail"],"_links":{"self":[{"href":"https:\/\/shanghaitreasuryhotel.com\/fr\/wp-json\/wp\/v2\/pages\/612","targetHints":{"allow":["GET"]}}],"collection":[{"href":"https:\/\/shanghaitreasuryhotel.com\/fr\/wp-json\/wp\/v2\/pages"}],"about":[{"href":"https:\/\/shanghaitreasuryhotel.com\/fr\/wp-json\/wp\/v2\/types\/page"}],"author":[{"embeddable":true,"href":"https:\/\/shanghaitreasuryhotel.com\/fr\/wp-json\/wp\/v2\/users\/1"}],"replies":[{"embeddable":true,"href":"https:\/\/shanghaitreasuryhotel.com\/fr\/wp-json\/wp\/v2\/comments?post=612"}],"version-history":[{"count":0,"href":"https:\/\/shanghaitreasuryhotel.com\/fr\/wp-json\/wp\/v2\/pages\/612\/revisions"}],"wp:attachment":[{"href":"https:\/\/shanghaitreasuryhotel.com\/fr\/wp-json\/wp\/v2\/media?parent=612"}],"curies":[{"name":"wp","href":"https:\/\/api.w.org\/{rel}","templated":true}]}}