{"id":647,"date":"2021-03-29T02:13:52","date_gmt":"2021-03-29T02:13:52","guid":{"rendered":"http:\/\/localhost\/nuss\/?page_id=647"},"modified":"2025-08-10T15:11:53","modified_gmt":"2025-08-10T15:11:53","slug":"services","status":"publish","type":"page","link":"https:\/\/shanghaitreasuryhotel.com\/fr\/services\/","title":{"rendered":"Services"},"content":{"rendered":"<div data-elementor-type=\"wp-page\" data-elementor-id=\"647\" class=\"elementor elementor-647\">\n\t\t\t\t\t\t<section class=\"elementor-section elementor-top-section elementor-element elementor-element-3353bc8 elementor-section-boxed elementor-section-gap-beside-yes elementor-section-height-default elementor-section-height-default elementor-section-column-vertical-align-stretch\" data-id=\"3353bc8\" data-element_type=\"section\" data-e-type=\"section\">\n\t\t\t\t\t\t<div class=\"elementor-container elementor-column-gap-extended\">\n\t\t\t\t\t<div class=\"elementor-column elementor-col-100 elementor-top-column elementor-element elementor-element-0a2bc64\" data-id=\"0a2bc64\" data-element_type=\"column\" data-e-type=\"column\">\n\t\t\t<div class=\"elementor-widget-wrap elementor-element-populated\">\n\t\t\t\t\t\t<div class=\"elementor-element elementor-element-447e3ef elementor-widget__width-initial elementor-invisible elementor-widget elementor-widget-text-editor\" data-id=\"447e3ef\" data-element_type=\"widget\" data-e-type=\"widget\" data-settings=\"{&quot;_animation&quot;:&quot;nussFadeInUp&quot;}\" data-widget_type=\"text-editor.default\">\n\t\t\t\t\t\t\t\t\t<p><strong data-spm-anchor-id=\"0.0.0.i71.5e52c921RzvBHn\">D\u00e9couvrez les services complets du Shanghai Bund Riverside Treasury Hotel<\/strong><\/p>\t\t\t\t\t\t\t\t<\/div>\n\t\t\t\t\t<\/div>\n\t\t<\/div>\n\t\t\t\t\t<\/div>\n\t\t<\/section>\n\t\t<div class=\"elementor-element elementor-element-5316ab3 e-flex e-con-boxed e-con e-parent\" data-id=\"5316ab3\" data-element_type=\"container\" data-e-type=\"container\">\n\t\t\t\t\t<div class=\"e-con-inner\">\n\t\t\t\t<div class=\"elementor-element elementor-element-217485b elementor-widget elementor-widget-text-editor\" data-id=\"217485b\" data-element_type=\"widget\" data-e-type=\"widget\" data-widget_type=\"text-editor.default\">\n\t\t\t\t\t\t\t\t\t<p data-spm-anchor-id=\"0.0.0.i70.5e52c921RzvBHn\">Nich\u00e9 le long des rives pittoresques de la rivi\u00e8re Huangpu \u00e0 <strong>988 Dongdaming Road, district de Hongkou, Shanghai, Chine (200086)<\/strong>, le <strong>H\u00f4tel Shanghai Bund Riverside Treasury<\/strong> Un sanctuaire raffin\u00e9 o\u00f9 l&#039;\u00e9l\u00e9gance historique rencontre le luxe moderne. Plus qu&#039;un simple lieu de s\u00e9jour, cet h\u00f4tel-boutique 5 \u00e9toiles offre une exp\u00e9rience client haut de gamme gr\u00e2ce \u00e0 une suite de chambres soigneusement am\u00e9nag\u00e9e. <strong>services premium<\/strong> Con\u00e7u pour r\u00e9pondre aux besoins des voyageurs exigeants, qu&#039;ils soient en voyage d&#039;affaires, de loisirs ou d&#039;exploration culturelle, il s&#039;appuie sur des exp\u00e9riences clients r\u00e9elles et des avis v\u00e9rifi\u00e9s sur des plateformes leaders telles que <strong>Trip.com<\/strong>, l&#039;h\u00f4tel a \u00e9t\u00e9 largement salu\u00e9 pour son <strong>un personnel attentionn\u00e9, des op\u00e9rations fluides et des \u00e9quipements bien pens\u00e9s<\/strong> qui vont au-del\u00e0 des attentes.<\/p><h3><strong>Service client chaleureux et personnalis\u00e9 de l&#039;arriv\u00e9e au d\u00e9part<\/strong><\/h3><p>D\u00e8s votre arriv\u00e9e dans le grand hall d&#039;entr\u00e9e, inspir\u00e9 du patrimoine historique, vous serez accueilli avec une chaleur et un professionnalisme authentiques. <strong>R\u00e9ception multilingue ouverte 24h\/24<\/strong> garantit que les invit\u00e9s du monde entier, de l&#039;Am\u00e9rique du Nord et de l&#039;Europe \u00e0 l&#039;Asie du Sud-Est et \u00e0 l&#039;Australie, b\u00e9n\u00e9ficient d&#039;une communication fluide <strong>Mandarin, anglais et certaines autres langues<\/strong>Que vous vous enregistriez tard le soir ou que vous ayez besoin d&#039;une assistance imm\u00e9diate avec des recommandations locales, l&#039;\u00e9quipe d\u00e9di\u00e9e est toujours disponible pour fournir une assistance rapide, courtoise et personnalis\u00e9e.<\/p><p>Les clients font souvent l&#039;\u00e9loge du <strong>efficacit\u00e9 et gentillesse du personnel<\/strong>, avec de nombreux avis sur Trip.com soulignant la fa\u00e7on dont les membres de l&#039;\u00e9quipe se souviennent des visiteurs fid\u00e8les, anticipent leurs besoins et proposent des suggestions judicieuses sur tout, des restaurants locaux cach\u00e9s aux meilleurs spots photo le long du Bund. Ce niveau de <strong>l&#039;hospitalit\u00e9 centr\u00e9e sur l&#039;humain<\/strong> transforme un s\u00e9jour h\u00f4telier standard en un voyage profond\u00e9ment m\u00e9morable.<\/p><h3><strong>Conciergerie et assistance voyage \u2013 Votre guide personnel de Shanghai<\/strong><\/h3><p>L&#039;h\u00f4tel <strong>service de conciergerie professionnel<\/strong> est une pierre angulaire de l&#039;exp\u00e9rience client. Que vous planifiez une visite priv\u00e9e de <strong>Temples inspir\u00e9s d&#039;Angkor Wat<\/strong>, \u00e0 la recherche de billets pour un spectacle traditionnel <strong>Repr\u00e9sentation d&#039;op\u00e9ra Kunqu<\/strong>, ou organiser un <strong>croisi\u00e8re fluviale de luxe le long du Huangpu<\/strong>L&#039;\u00e9quipe de conciergerie g\u00e8re chaque d\u00e9tail avec pr\u00e9cision. Elle peut \u00e9galement vous aider \u00e0 <strong>r\u00e9servations de repas dans les restaurants recommand\u00e9s par Michelin<\/strong>, s\u00e9curiser le transport et r\u00e9server des attractions tr\u00e8s demand\u00e9es comme le <strong>Plateforme d&#039;observation de la tour de Shanghai<\/strong> ou <strong>Jardin Yu<\/strong>.<\/p><p>Pour les voyageurs d&#039;affaires, le concierge facilite <strong>r\u00e9servations de salles de r\u00e9union, services de messagerie, impression et ajustements d&#039;itin\u00e9raire de derni\u00e8re minute<\/strong>, garantissant que les obligations professionnelles soient respect\u00e9es avec aisance et \u00e9l\u00e9gance.<\/p><h3><strong>\u00c9quipements et conforts de luxe en chambre<\/strong><\/h3><p>Chaque chambre et suite du Shanghai Bund Riverside Treasury Hotel est con\u00e7ue comme un havre de tranquillit\u00e9, agr\u00e9ment\u00e9 d&#039;une gamme de <strong>services en chambre soigneusement s\u00e9lectionn\u00e9s<\/strong>. Grande vitesse, <strong>Wi-Fi gratuit<\/strong> assure une connectivit\u00e9 ininterrompue pour le t\u00e9l\u00e9travail, les appels vid\u00e9o ou le streaming. Les salles sont \u00e9quip\u00e9es <strong>climatisation intelligente, fen\u00eatres insonoris\u00e9es, espaces de travail ergonomiques et literie haut de gamme<\/strong> pour un sommeil r\u00e9parateur.<\/p><p>Les clients appr\u00e9cient le <strong>service de m\u00e9nage quotidien<\/strong>, qui maintient une propret\u00e9 et une organisation impeccables tout au long du s\u00e9jour. Les commodit\u00e9s suppl\u00e9mentaires incluent <strong>coffres-forts dans la chambre, minibars remplis de boissons locales et internationales, bouilloires \u00e9lectriques avec s\u00e9lections de th\u00e9 et de caf\u00e9 haut de gamme<\/strong>, et <strong>produits de bain de luxe<\/strong> contenant des ingr\u00e9dients naturels.<\/p><h3><strong>Services de bien-\u00eatre et de loisirs pour le corps et l&#039;esprit<\/strong><\/h3><p>Le bien-\u00eatre est au c\u0153ur de l&#039;exp\u00e9rience client. L&#039;h\u00f4tel dispose d&#039;un <strong>centre de remise en forme enti\u00e8rement \u00e9quip\u00e9<\/strong> Ouvert 24h\/24 et 7j\/7, il est \u00e9quip\u00e9 d&#039;\u00e9quipements modernes de cardio et de musculation, id\u00e9al pour les clients souhaitant maintenir leur routine m\u00eame en d\u00e9placement. \u00c0 c\u00f4t\u00e9 se trouve un <strong>piscine int\u00e9rieure chauff\u00e9e<\/strong>, o\u00f9 les fen\u00eatres du sol au plafond offrent une vue sereine sur la rivi\u00e8re, cr\u00e9ant une atmosph\u00e8re tranquille pour les longueurs du matin ou un plongeon en soir\u00e9e sous un \u00e9clairage ambiant doux.<\/p><p>Pour une d\u00e9tente ultime, les clients peuvent profiter <strong>services de massage en chambre<\/strong> ou d\u00e9tendez-vous dans le <strong>espaces de d\u00e9tente \u00e9l\u00e9gants<\/strong> D\u00e9cor\u00e9 d&#039;\u0153uvres d&#039;art traditionnelles chinoises et d&#039;un \u00e9clairage tamis\u00e9. Bien qu&#039;aucun spa d\u00e9di\u00e9 ne soit actuellement r\u00e9pertori\u00e9, l&#039;h\u00f4tel collabore avec des prestataires de bien-\u00eatre haut de gamme pour organiser <strong>soins th\u00e9rapeutiques et services de beaut\u00e9<\/strong> \u00e0 la demande.<\/p><h3><strong>Restauration et services culinaires avec vue<\/strong><\/h3><p>D\u00eener \u00e0 l&#039;h\u00f4tel est un moment fort pour de nombreux clients. <strong>restaurant sur place<\/strong> sert une fusion de <strong>cuisine shangha\u00efenne authentique et plats internationaux<\/strong>, en mettant l&#039;accent sur les ingr\u00e9dients frais et de saison. <strong>petit-d\u00e9jeuner buffet quotidien<\/strong>\u2014souvent mentionn\u00e9 dans les critiques de Trip.com\u2014est une affaire somptueuse, proposant des dim sum fumants, des nouilles tir\u00e9es \u00e0 la main, des classiques du petit-d\u00e9jeuner occidental et des plateaux de fruits biologiques.<\/p><p>Le service d&#039;\u00e9tage est disponible 24 heures sur 24, permettant aux clients de savourer des repas gastronomiques dans l&#039;intimit\u00e9 de leur chambre, parfait pour les envies de fin de soir\u00e9e ou pour une matin\u00e9e tranquille. <strong>bar au bord de la rivi\u00e8re<\/strong> propose des cocktails artisanaux, des vins raffin\u00e9s et des th\u00e9s chinois rares, ce qui en fait un endroit id\u00e9al pour le r\u00e9seautage en soir\u00e9e ou les toasts romantiques.<\/p><h3><strong>Services de soutien aux entreprises et aux \u00e9v\u00e9nements<\/strong><\/h3><p>S&#039;adressant aux voyageurs d&#039;affaires et aux organisateurs d&#039;\u00e9v\u00e9nements, l&#039;h\u00f4tel propose <strong>services commerciaux complets<\/strong>, y compris un <strong>Centre d&#039;affaires ouvert 24h\/24<\/strong> avec impression, num\u00e9risation, t\u00e9l\u00e9copie et assistance de secr\u00e9tariat. Flexible <strong>espaces de r\u00e9union et de banquet<\/strong> sont \u00e9quip\u00e9s de <strong>syst\u00e8mes audiovisuels haute d\u00e9finition, outils de pr\u00e9sentation sans fil et capacit\u00e9s d&#039;interpr\u00e9tation multilingue<\/strong>, id\u00e9al pour les conf\u00e9rences, les lancements de produits et les retraites de direction.<\/p><p>Des coordinateurs d&#039;\u00e9v\u00e9nements d\u00e9di\u00e9s g\u00e8rent tous les aspects de votre rassemblement, de la restauration et de la disposition des si\u00e8ges \u00e0 la conception florale et \u00e0 l&#039;image de marque, garantissant une exp\u00e9rience impeccable et professionnelle.<\/p><h3><strong>Commodit\u00e9 et services pratiques<\/strong><\/h3><p>Conscient des besoins pratiques des voyageurs modernes, l&#039;h\u00f4tel propose une large gamme de <strong>services essentiels<\/strong>, y compris:<\/p><ul><li><strong>Transferts a\u00e9roport<\/strong> (service de voiture priv\u00e9e ou de navette disponible sur demande)<\/li><li><strong>Parking souterrain s\u00e9curis\u00e9<\/strong> pour les clients autonomes<\/li><li><strong>Consigne \u00e0 bagages<\/strong> avant l&#039;enregistrement ou apr\u00e8s le d\u00e9part<\/li><li><strong>Services de blanchisserie et de nettoyage \u00e0 sec<\/strong> avec un d\u00e9lai d&#039;ex\u00e9cution le jour m\u00eame ou le lendemain<\/li><li><strong>Assistance au change de devises<\/strong> et assistance en mati\u00e8re d&#039;assurance voyage<\/li><li><strong>Initiatives \u00e9cologiques<\/strong>, y compris la r\u00e9duction des plastiques \u00e0 usage unique et l&#039;approvisionnement durable<\/li><\/ul><p>L&#039;h\u00f4tel est \u00e9galement <strong>100% non-fumeur<\/strong>, avec des zones fumeurs d\u00e9sign\u00e9es situ\u00e9es \u00e0 l&#039;ext\u00e9rieur, garantissant un environnement propre et sain pour tous les clients.<\/p><h3><strong>Une culture de service ancr\u00e9e dans l&#039;h\u00e9ritage et le c\u0153ur<\/strong><\/h3><p>Ce qui distingue vraiment <strong>H\u00f4tel Shanghai Bund Riverside Treasury<\/strong> Ce qui distingue ce n&#039;est pas seulement l&#039;\u00e9tendue des services offerts, mais aussi la <strong>l&#039;esprit dans lequel ils sont d\u00e9livr\u00e9s<\/strong>. Autrefois un b\u00e2timent historique du tr\u00e9sor symbolisant la confiance et la gestion, l&#039;h\u00f4tel perp\u00e9tue cet h\u00e9ritage en <strong>pr\u00e9server le bien-\u00eatre et la satisfaction de chaque client<\/strong>Chaque interaction, d\u2019un accueil chaleureux \u00e0 un surclassement de chambre surprise, refl\u00e8te un engagement envers l\u2019excellence, le soin et l\u2019authenticit\u00e9 culturelle.<\/p><p>Que vous exploriez les rues anim\u00e9es de Shanghai, assistiez \u00e0 une r\u00e9union \u00e0 enjeux \u00e9lev\u00e9s ou recherchiez simplement une retraite paisible avec vue, l&#039;h\u00f4tel <strong>services complets ax\u00e9s sur le client<\/strong> assurez-vous que chaque besoin est anticip\u00e9, que chaque d\u00e9tail est soign\u00e9 et que chaque instant se d\u00e9roule sans effort.<\/p><p data-spm-anchor-id=\"0.0.0.i69.5e52c921RzvBHn\"><strong>D\u00e9couvrez l&#039;art de l&#039;hospitalit\u00e9 raffin\u00e9e. Au Shanghai Bund Riverside Treasury Hotel, nous ne nous contentons pas de servir\u00a0: nous nous soucions de vous, nous nous souvenons de vous et nous rendons chaque s\u00e9jour extraordinaire.<\/strong><\/p>\t\t\t\t\t\t\t\t<\/div>\n\t\t\t\t\t<\/div>\n\t\t\t\t<\/div>\n\t\t\t\t<section class=\"elementor-section elementor-top-section elementor-element elementor-element-4adf8e1c elementor-section-stretched elementor-section-boxed elementor-section-gap-beside-yes elementor-section-height-default elementor-section-height-default elementor-section-column-vertical-align-stretch\" data-id=\"4adf8e1c\" data-element_type=\"section\" data-e-type=\"section\" data-settings=\"{&quot;background_background&quot;:&quot;classic&quot;,&quot;stretch_section&quot;:&quot;section-stretched&quot;}\">\n\t\t\t\t\t\t<div class=\"elementor-container elementor-column-gap-extended\">\n\t\t\t\t\t<div class=\"elementor-column elementor-col-100 elementor-top-column elementor-element elementor-element-2a7d0c78\" data-id=\"2a7d0c78\" data-element_type=\"column\" data-e-type=\"column\">\n\t\t\t<div class=\"elementor-widget-wrap elementor-element-populated\">\n\t\t\t\t\t\t<div class=\"elementor-element elementor-element-6c040767 elementor-widget elementor-widget-heading\" data-id=\"6c040767\" data-element_type=\"widget\" data-e-type=\"widget\" data-widget_type=\"heading.default\">\n\t\t\t\t\t<h2 class=\"elementor-heading-title elementor-size-default\">N\u00b0 8 des h\u00f4tels 4 \u00e9toiles Select de Shanghai\n<\/h2>\t\t\t\t<\/div>\n\t\t\t\t<div class=\"elementor-element elementor-element-2e891d01 elementor-widget elementor-widget-text-editor\" data-id=\"2e891d01\" data-element_type=\"widget\" data-e-type=\"widget\" data-widget_type=\"text-editor.default\">\n\t\t\t\t\t\t\t\t\t<iframe border=\"0\" src=\"https:\/\/www.trip.com\/partners\/ad\/S4819257?Allianceid=4590391&#038;SID=246906724&#038;trip_sub1=\" style=\"width:900px;height:200px\" frameborder=\"0\" scrolling=\"no\" id=\"S4819257\"><\/iframe>\t\t\t\t\t\t\t\t<\/div>\n\t\t\t\t\t<\/div>\n\t\t<\/div>\n\t\t\t\t\t<\/div>\n\t\t<\/section>\n\t\t\t\t<\/div>","protected":false},"excerpt":{"rendered":"<p>Discover the Comprehensive Services at Shanghai Bund Riverside Treasury Hotel Nestled along the scenic banks of the Huangpu River at 988 Dongdaming Road, Hongkou District, Shanghai, China (200086), the Shanghai Bund Riverside Treasury Hotel stands as a refined sanctuary where historic elegance meets modern luxury. More than just a place to stay, this 5-star boutique [&hellip;]<\/p>\n","protected":false},"author":1,"featured_media":0,"parent":0,"menu_order":0,"comment_status":"closed","ping_status":"closed","template":"","meta":{"footnotes":""},"class_list":["post-647","page","type-page","status-publish","hentry","post-no-thumbnail"],"_links":{"self":[{"href":"https:\/\/shanghaitreasuryhotel.com\/fr\/wp-json\/wp\/v2\/pages\/647","targetHints":{"allow":["GET"]}}],"collection":[{"href":"https:\/\/shanghaitreasuryhotel.com\/fr\/wp-json\/wp\/v2\/pages"}],"about":[{"href":"https:\/\/shanghaitreasuryhotel.com\/fr\/wp-json\/wp\/v2\/types\/page"}],"author":[{"embeddable":true,"href":"https:\/\/shanghaitreasuryhotel.com\/fr\/wp-json\/wp\/v2\/users\/1"}],"replies":[{"embeddable":true,"href":"https:\/\/shanghaitreasuryhotel.com\/fr\/wp-json\/wp\/v2\/comments?post=647"}],"version-history":[{"count":0,"href":"https:\/\/shanghaitreasuryhotel.com\/fr\/wp-json\/wp\/v2\/pages\/647\/revisions"}],"wp:attachment":[{"href":"https:\/\/shanghaitreasuryhotel.com\/fr\/wp-json\/wp\/v2\/media?parent=647"}],"curies":[{"name":"wp","href":"https:\/\/api.w.org\/{rel}","templated":true}]}}