{"id":2106,"date":"2021-03-25T04:08:26","date_gmt":"2021-03-25T04:08:26","guid":{"rendered":"http:\/\/localhost\/nuss\/?page_id=298"},"modified":"2025-08-10T14:49:52","modified_gmt":"2025-08-10T14:49:52","slug":"recensioni-sullesperienza-del-cliente","status":"publish","type":"page","link":"https:\/\/shanghaitreasuryhotel.com\/it\/recensioni-sullesperienza-del-cliente\/","title":{"rendered":"Esperienza e recensioni dei clienti"},"content":{"rendered":"<div data-elementor-type=\"wp-page\" data-elementor-id=\"2106\" class=\"elementor elementor-2106\">\n\t\t\t\t\t\t<section class=\"elementor-section elementor-top-section elementor-element elementor-element-1954ffc elementor-section-boxed elementor-section-gap-beside-yes elementor-section-height-default elementor-section-height-default elementor-section-column-vertical-align-stretch\" data-id=\"1954ffc\" data-element_type=\"section\" data-e-type=\"section\">\n\t\t\t\t\t\t<div class=\"elementor-container elementor-column-gap-extended\">\n\t\t\t\t\t<div class=\"elementor-column elementor-col-100 elementor-top-column elementor-element elementor-element-86aebc5\" data-id=\"86aebc5\" data-element_type=\"column\" data-e-type=\"column\">\n\t\t\t<div class=\"elementor-widget-wrap elementor-element-populated\">\n\t\t\t\t\t\t<div class=\"elementor-element elementor-element-11803d1 elementor-widget__width-initial elementor-invisible elementor-widget elementor-widget-text-editor\" data-id=\"11803d1\" data-element_type=\"widget\" data-e-type=\"widget\" data-settings=\"{&quot;_animation&quot;:&quot;nussFadeInUp&quot;}\" data-widget_type=\"text-editor.default\">\n\t\t\t\t\t\t\t\t\t<p><strong data-spm-anchor-id=\"0.0.0.i42.5e52c921RzvBHn\">Cosa dicono gli ospiti dello Shanghai Bund Riverside Treasury Hotel su TripAdvisor e Trip.com<\/strong><\/p>\t\t\t\t\t\t\t\t<\/div>\n\t\t\t\t\t<\/div>\n\t\t<\/div>\n\t\t\t\t\t<\/div>\n\t\t<\/section>\n\t\t<div class=\"elementor-element elementor-element-a52973a e-flex e-con-boxed e-con e-parent\" data-id=\"a52973a\" data-element_type=\"container\" data-e-type=\"container\">\n\t\t\t\t\t<div class=\"e-con-inner\">\n\t\t\t\t<div class=\"elementor-element elementor-element-98f1357 elementor-widget elementor-widget-text-editor\" data-id=\"98f1357\" data-element_type=\"widget\" data-e-type=\"widget\" data-widget_type=\"text-editor.default\">\n\t\t\t\t\t\t\t\t\t<p data-spm-anchor-id=\"0.0.0.i41.5e52c921RzvBHn\">Situato lungo le pittoresche rive del fiume Huangpu a <strong>988 Dongdaming Road, distretto di Hongkou, Shanghai, Cina (200086)<\/strong>, IL <strong>Shanghai Bund Riverside Treasury Hotel<\/strong> \u00e8 emersa come una delle destinazioni di lusso boutique pi\u00f9 celebri della citt\u00e0, elogiata non solo per la sua splendida architettura storica e le viste panoramiche sul fiume, ma anche per le esperienze costantemente eccezionali condivise dagli ospiti sulle principali piattaforme di viaggio come <strong>TripAdvisor<\/strong> E <strong>Trip.com<\/strong>Con una crescente raccolta di recensioni entusiastiche, valutazioni elevate dei viaggiatori e testimonianze sincere di visitatori da tutto il mondo, questo gioiello a 5 stelle ha consolidato la sua reputazione di scelta privilegiata per i viaggiatori pi\u00f9 esigenti in cerca di eleganza, comfort e l&#039;autentico fascino di Shanghai.<\/p><p>SU <strong>TripAdvisor<\/strong>, dove l&#039;hotel mantiene una forte presenza e valutazioni costantemente elevate, gli ospiti sottolineano spesso il <strong>viste mozzafiato del Bund e dello skyline di Pudong<\/strong> come caratteristica distintiva del loro soggiorno. Molti viaggiatori descrivono il risveglio con l&#039;alba dorata che si riflette sul fiume Huangpu e la conclusione della serata con una romantica vista sullo skyline illuminato: uno spettacolo visivo che ha ispirato innumerevoli recensioni a 5 stelle. Una lunga recensione di un viaggiatore statunitense esclama: <em>&quot;La vista dalla nostra camera valeva assolutamente ogni centesimo speso. Sembrava di soggiornare in una cartolina vivente di Shanghai.&quot;<\/em> Anche la trasformazione unica dell&#039;hotel da storico edificio del tesoro a hotel di lusso \u00e8 ampiamente ammirata, con gli ospiti che lodano la perfetta combinazione di <strong>Eleganza Art D\u00e9co e sofisticatezza moderna<\/strong>, definendolo &quot;un capolavoro di conservazione del patrimonio&quot;.<\/p><p>La soddisfazione degli ospiti va ben oltre il panorama. Un tema ricorrente in tutto <strong>Recensioni di Trip.com<\/strong> \u00e8 il <strong>livello di servizio eccezionale<\/strong> Il personale attento e multilingue dell&#039;hotel \u00e8 a vostra disposizione. Dal caloroso benvenuto al check-in ai consigli personalizzati sui ristoranti locali e sulle perle nascoste della citt\u00e0, gli ospiti notano costantemente che il team si impegna al massimo. Un ospite abituale dall&#039;Australia ha condiviso: <em>&quot;Questo \u00e8 stato il mio terzo soggiorno e il personale si \u00e8 ricordato del mio nome e delle mie preferenze. Questo tipo di tocco personale \u00e8 raro e davvero speciale.&quot;<\/em> Molti recensori, tra cui viaggiatori d&#039;affari provenienti da Europa e Asia, lodano il <strong>efficienza, pulizia e comfort silenzioso<\/strong> delle camere, e molti hanno sottolineato che l&#039;insonorizzazione lo rende uno degli hotel pi\u00f9 tranquilli che abbiano mai sperimentato in una metropoli frenetica come Shanghai.<\/p><p>Famiglie, coppie ed esploratori solitari elogiano allo stesso modo il <strong>alloggi spaziosi e ben arredati<\/strong>\u2014una caratteristica distintiva in una citt\u00e0 dove lo spazio \u00e8 spesso prezioso. Su entrambi <strong>TripAdvisor e Trip.com<\/strong>, gli ospiti menzionano spesso il <strong>biancheria da letto di lusso, bagni moderni con servizi di prima qualit\u00e0, Wi-Fi ad alta velocit\u00e0 e disposizione intuitiva delle camere<\/strong> che rendono i soggiorni prolungati confortevoli e convenienti. I viaggiatori con bambini apprezzano l&#039;atmosfera familiare, mentre gli sposi in luna di miele e gli ospiti che festeggiano un anniversario spesso descrivono il loro soggiorno come &quot;romantico&quot; e &quot;indimenticabile&quot;, soprattutto quando si godono un momento di privacy in riva al fiume o durante una tranquilla colazione con vista.<\/p><p data-spm-anchor-id=\"0.0.0.i40.5e52c921RzvBHn\">\u00a0<\/p>\t\t\t\t\t\t\t\t<\/div>\n\t\t\t\t\t<\/div>\n\t\t\t\t<\/div>\n\t\t<div class=\"elementor-element elementor-element-0799a66 e-flex e-con-boxed e-con e-parent\" data-id=\"0799a66\" data-element_type=\"container\" data-e-type=\"container\">\n\t\t\t\t\t<div class=\"e-con-inner\">\n\t\t\t\t<div class=\"elementor-element elementor-element-01eed77 elementor-widget elementor-widget-image\" data-id=\"01eed77\" data-element_type=\"widget\" data-e-type=\"widget\" data-widget_type=\"image.default\">\n\t\t\t\t\t\t\t\t\t\t\t\t\t\t\t<img fetchpriority=\"high\" decoding=\"async\" width=\"1024\" height=\"272\" src=\"https:\/\/shanghaitreasuryhotel.com\/wp-content\/uploads\/2025\/08\/reviews-1024x272.jpg\" class=\"attachment-large size-large wp-image-5691\" alt=\"\" srcset=\"https:\/\/shanghaitreasuryhotel.com\/wp-content\/uploads\/2025\/08\/reviews-1024x272.jpg 1024w, https:\/\/shanghaitreasuryhotel.com\/wp-content\/uploads\/2025\/08\/reviews-300x80.jpg 300w, https:\/\/shanghaitreasuryhotel.com\/wp-content\/uploads\/2025\/08\/reviews-768x204.jpg 768w, https:\/\/shanghaitreasuryhotel.com\/wp-content\/uploads\/2025\/08\/reviews.jpg 1267w\" sizes=\"(max-width: 1024px) 100vw, 1024px\" \/>\t\t\t\t\t\t\t\t\t\t\t\t\t\t\t<\/div>\n\t\t\t\t\t<\/div>\n\t\t\t\t<\/div>\n\t\t<div class=\"elementor-element elementor-element-c316aaa e-flex e-con-boxed e-con e-parent\" data-id=\"c316aaa\" data-element_type=\"container\" data-e-type=\"container\">\n\t\t\t\t\t<div class=\"e-con-inner\">\n\t\t\t\t<div class=\"elementor-element elementor-element-90b0d5c elementor-widget elementor-widget-text-editor\" data-id=\"90b0d5c\" data-element_type=\"widget\" data-e-type=\"widget\" data-widget_type=\"text-editor.default\">\n\t\t\t\t\t\t\t\t\t<p>IL <strong>posizione imbattibile dell&#039;hotel<\/strong> \u00e8 un altro punto di forza del feedback degli ospiti. Situato a pochi minuti dal centro storico <strong>Il Bund<\/strong>, facilmente raggiungibile da <strong>Distretto finanziario di Lujiazui<\/strong>, e a breve distanza in metropolitana da <strong>Via Nanchino<\/strong> E <strong>Piazza del Popolo<\/strong>, lo Shanghai Bund Riverside Treasury Hotel offre il perfetto equilibrio tra accessibilit\u00e0 e serenit\u00e0. I recensori su <strong>Trip.com<\/strong> menzionano spesso quanto sia facile esplorare le principali attrazioni, con molti che applaudono la vicinanza a <strong>Stazione della metropolitana di Dongbaoxing Road (linee 10 e 12)<\/strong>, che si collega perfettamente al resto della citt\u00e0. Allo stesso tempo, gli ospiti apprezzano il fatto che l&#039;hotel dia la sensazione di essere un <strong>rifugio tranquillo<\/strong>\u2014un rifugio di pace dopo una giornata trascorsa a passeggiare per le vivaci strade di Shanghai.<\/p><p>Anche le esperienze culinarie hanno ricevuto grandi elogi. <strong>colazione a buffet giornaliera<\/strong> riceve consensi costanti per la sua ampia variet\u00e0, freschezza e inclusione di specialit\u00e0 cinesi, come <em>xiao lungo bao<\/em> e congee, e opzioni internazionali come uova, pasticcini e frutta fresca. Diversi <strong>Recensori di TripAdvisor<\/strong> menzionare specificamente il <strong>servizio da t\u00e8 pomeridiano<\/strong> e cocktail serali presso il lounge sul lungofiume, definendolo &quot;il modo perfetto per rilassarsi con vista&quot;. I viaggiatori d&#039;affari apprezzano la postazione caff\u00e8 aperta 24 ore su 24 e l&#039;efficiente servizio in camera, mentre gli ospiti in viaggio d&#039;affari possono usufruire dei consigli culinari del concierge.<\/p><p>Sostenibilit\u00e0 e attenzione ai dettagli sono sempre pi\u00f9 menzionati nelle recensioni recenti. Gli ospiti attenti all&#039;ambiente apprezzano gli sforzi dell&#039;hotel nel ridurre i rifiuti di plastica, nell&#039;offrire prodotti da bagno ricaricabili e nel promuovere pratiche ecosostenibili senza compromettere il lusso. La pulizia rimane una priorit\u00e0 assoluta, con numerosi ospiti che... <strong>Trip.com<\/strong> sottolineando che le camere e le aree pubbliche erano &quot;immacolate&quot; e &quot;pulite come in un ospedale&quot;, un fattore cruciale per i viaggiatori internazionali.<\/p><p>Con un numero crescente di <strong>recensioni positive verificate<\/strong> su entrambi <strong>TripAdvisor<\/strong> E <strong>Trip.com<\/strong>, tra cui riconoscimenti come lo status di &quot;Premium Hotel&quot; e &quot;Top Guest Review Score&quot;, il <strong>Shanghai Bund Riverside Treasury Hotel<\/strong> \u00e8 diventato un punto di riferimento per l&#039;eccellenza nell&#039;ospitalit\u00e0 di Shanghai. Che si tratti dell&#039;atmosfera storica, del servizio impeccabile o dell&#039;indimenticabile posizione sul lungofiume, le voci dei veri ospiti raccontano una storia potente: questo \u00e8 pi\u00f9 di un semplice posto dove dormire: \u00e8 una destinazione a s\u00e9 stante.<\/p><p data-spm-anchor-id=\"0.0.0.i40.5e52c921RzvBHn\"><strong>Scopri perch\u00e9 i viaggiatori di tutto il mondo continuano a tornare. Lascia che le recensioni autentiche e sentite guidino la tua prossima fuga di lusso nel cuore di Shanghai. Vivi la tradizione, l&#039;eleganza e l&#039;impareggiabile soddisfazione degli ospiti allo Shanghai Bund Riverside Treasury Hotel, dove ogni soggiorno diventa un ricordo prezioso.<\/strong><\/p>\t\t\t\t\t\t\t\t<\/div>\n\t\t\t\t\t<\/div>\n\t\t\t\t<\/div>\n\t\t\t\t<section class=\"elementor-section elementor-top-section elementor-element elementor-element-34cda49b elementor-section-stretched elementor-section-boxed elementor-section-gap-beside-yes elementor-section-height-default elementor-section-height-default elementor-section-column-vertical-align-stretch\" data-id=\"34cda49b\" data-element_type=\"section\" data-e-type=\"section\" data-settings=\"{&quot;background_background&quot;:&quot;classic&quot;,&quot;stretch_section&quot;:&quot;section-stretched&quot;}\">\n\t\t\t\t\t\t<div class=\"elementor-container elementor-column-gap-extended\">\n\t\t\t\t\t<div class=\"elementor-column elementor-col-100 elementor-top-column elementor-element elementor-element-25dc9fca\" data-id=\"25dc9fca\" data-element_type=\"column\" data-e-type=\"column\">\n\t\t\t<div class=\"elementor-widget-wrap elementor-element-populated\">\n\t\t\t\t\t\t<div class=\"elementor-element elementor-element-6ca0e86d elementor-widget elementor-widget-heading\" data-id=\"6ca0e86d\" data-element_type=\"widget\" data-e-type=\"widget\" data-widget_type=\"heading.default\">\n\t\t\t\t\t<h2 class=\"elementor-heading-title elementor-size-default\">TOP 10: Hotel selezionati a 4 stelle a Shanghai\n<\/h2>\t\t\t\t<\/div>\n\t\t\t\t<div class=\"elementor-element elementor-element-4e1bd965 elementor-widget elementor-widget-text-editor\" data-id=\"4e1bd965\" data-element_type=\"widget\" data-e-type=\"widget\" data-widget_type=\"text-editor.default\">\n\t\t\t\t\t\t\t\t\t<iframe border=\"0\" src=\"https:\/\/www.trip.com\/partners\/ad\/S4819257?Allianceid=4590391&#038;SID=246906724&#038;trip_sub1=\" style=\"width:900px;height:200px\" frameborder=\"0\" scrolling=\"no\" id=\"S4819257\"><\/iframe>\t\t\t\t\t\t\t\t<\/div>\n\t\t\t\t\t<\/div>\n\t\t<\/div>\n\t\t\t\t\t<\/div>\n\t\t<\/section>\n\t\t\t\t<\/div>","protected":false},"excerpt":{"rendered":"<p>What Guests Are Saying About Shanghai Bund Riverside Treasury Hotel on TripAdvisor and Trip.com Nestled along the scenic banks of the Huangpu River at 988 Dongdaming Road, Hongkou District, Shanghai, China (200086), the Shanghai Bund Riverside Treasury Hotel has emerged as one of the city\u2019s most celebrated boutique luxury destinations\u2014praised not only for its stunning [&hellip;]<\/p>\n","protected":false},"author":1,"featured_media":0,"parent":0,"menu_order":0,"comment_status":"closed","ping_status":"closed","template":"","meta":{"footnotes":""},"class_list":["post-2106","page","type-page","status-publish","hentry","post-no-thumbnail"],"_links":{"self":[{"href":"https:\/\/shanghaitreasuryhotel.com\/it\/wp-json\/wp\/v2\/pages\/2106","targetHints":{"allow":["GET"]}}],"collection":[{"href":"https:\/\/shanghaitreasuryhotel.com\/it\/wp-json\/wp\/v2\/pages"}],"about":[{"href":"https:\/\/shanghaitreasuryhotel.com\/it\/wp-json\/wp\/v2\/types\/page"}],"author":[{"embeddable":true,"href":"https:\/\/shanghaitreasuryhotel.com\/it\/wp-json\/wp\/v2\/users\/1"}],"replies":[{"embeddable":true,"href":"https:\/\/shanghaitreasuryhotel.com\/it\/wp-json\/wp\/v2\/comments?post=2106"}],"version-history":[{"count":0,"href":"https:\/\/shanghaitreasuryhotel.com\/it\/wp-json\/wp\/v2\/pages\/2106\/revisions"}],"wp:attachment":[{"href":"https:\/\/shanghaitreasuryhotel.com\/it\/wp-json\/wp\/v2\/media?parent=2106"}],"curies":[{"name":"wp","href":"https:\/\/api.w.org\/{rel}","templated":true}]}}