{"id":2109,"date":"2021-03-26T08:35:58","date_gmt":"2021-03-26T08:35:58","guid":{"rendered":"http:\/\/localhost\/nuss\/?page_id=536"},"modified":"2025-08-10T15:15:06","modified_gmt":"2025-08-10T15:15:06","slug":"strutture-aziendali","status":"publish","type":"page","link":"https:\/\/shanghaitreasuryhotel.com\/it\/strutture-aziendali\/","title":{"rendered":"Strutture aziendali"},"content":{"rendered":"<div data-elementor-type=\"wp-page\" data-elementor-id=\"2109\" class=\"elementor elementor-2109\">\n\t\t\t\t\t\t<section class=\"elementor-section elementor-top-section elementor-element elementor-element-bb2901b elementor-section-boxed elementor-section-gap-beside-yes elementor-section-height-default elementor-section-height-default elementor-section-column-vertical-align-stretch\" data-id=\"bb2901b\" data-element_type=\"section\" data-e-type=\"section\">\n\t\t\t\t\t\t<div class=\"elementor-container elementor-column-gap-extended\">\n\t\t\t\t\t<div class=\"elementor-column elementor-col-100 elementor-top-column elementor-element elementor-element-1919db9\" data-id=\"1919db9\" data-element_type=\"column\" data-e-type=\"column\">\n\t\t\t<div class=\"elementor-widget-wrap elementor-element-populated\">\n\t\t\t\t\t\t<div class=\"elementor-element elementor-element-41a7b9c elementor-widget__width-initial elementor-invisible elementor-widget elementor-widget-text-editor\" data-id=\"41a7b9c\" data-element_type=\"widget\" data-e-type=\"widget\" data-settings=\"{&quot;_animation&quot;:&quot;nussFadeInUp&quot;}\" data-widget_type=\"text-editor.default\">\n\t\t\t\t\t\t\t\t\tMigliora la tua esperienza professionale: strutture business presso lo Shanghai Bund Riverside Treasury Hotel, dove la tradizione incontra le alte prestazioni nel cuore di Shanghai \t\t\t\t\t\t\t\t<\/div>\n\t\t\t\t\t<\/div>\n\t\t<\/div>\n\t\t\t\t\t<\/div>\n\t\t<\/section>\n\t\t<div class=\"elementor-element elementor-element-4b9a022 e-flex e-con-boxed e-con e-parent\" data-id=\"4b9a022\" data-element_type=\"container\" data-e-type=\"container\">\n\t\t\t\t\t<div class=\"e-con-inner\">\n\t\t\t\t<div class=\"elementor-element elementor-element-4cd91dc elementor-widget elementor-widget-image\" data-id=\"4cd91dc\" data-element_type=\"widget\" data-e-type=\"widget\" data-widget_type=\"image.default\">\n\t\t\t\t\t\t\t\t\t\t\t\t\t\t\t<img fetchpriority=\"high\" decoding=\"async\" width=\"1024\" height=\"682\" src=\"https:\/\/shanghaitreasuryhotel.com\/wp-content\/uploads\/2025\/08\/Shanghai-Bund-Riverside-Treasury-Hotel-15-1024x682.webp\" class=\"attachment-large size-large wp-image-5557\" alt=\"\" srcset=\"https:\/\/shanghaitreasuryhotel.com\/wp-content\/uploads\/2025\/08\/Shanghai-Bund-Riverside-Treasury-Hotel-15-1024x682.webp 1024w, https:\/\/shanghaitreasuryhotel.com\/wp-content\/uploads\/2025\/08\/Shanghai-Bund-Riverside-Treasury-Hotel-15-300x200.webp 300w, https:\/\/shanghaitreasuryhotel.com\/wp-content\/uploads\/2025\/08\/Shanghai-Bund-Riverside-Treasury-Hotel-15-768x512.webp 768w, https:\/\/shanghaitreasuryhotel.com\/wp-content\/uploads\/2025\/08\/Shanghai-Bund-Riverside-Treasury-Hotel-15.webp 1280w\" sizes=\"(max-width: 1024px) 100vw, 1024px\" \/>\t\t\t\t\t\t\t\t\t\t\t\t\t\t\t<\/div>\n\t\t\t\t\t<\/div>\n\t\t\t\t<\/div>\n\t\t<div class=\"elementor-element elementor-element-9a3a851 e-flex e-con-boxed e-con e-parent\" data-id=\"9a3a851\" data-element_type=\"container\" data-e-type=\"container\">\n\t\t\t\t\t<div class=\"e-con-inner\">\n\t\t\t\t<div class=\"elementor-element elementor-element-93784ef elementor-widget elementor-widget-text-editor\" data-id=\"93784ef\" data-element_type=\"widget\" data-e-type=\"widget\" data-widget_type=\"text-editor.default\">\n\t\t\t\t\t\t\t\t\t<p data-spm-anchor-id=\"0.0.0.i50.5e52c921RzvBHn\">Per i viaggiatori d&#039;affari e i pianificatori aziendali che cercano una combinazione perfetta di eleganza, efficienza e funzionalit\u00e0 all&#039;avanguardia, <strong>Shanghai Bund Riverside Treasury Hotel<\/strong> A <strong>988 Dongdaming Road, distretto di Hongkou, Shanghai, Cina (200086)<\/strong> Si pone come destinazione privilegiata per l&#039;eccellenza professionale. Ospitato in uno storico edificio della tesoreria, meticolosamente restaurato, che un tempo ha svolto un ruolo fondamentale nella storia finanziaria di Shanghai, l&#039;hotel ha reinterpretato la sua eredit\u00e0 trasformandola in un moderno centro business completamente attrezzato, progettato per soddisfare le esigenze dei professionisti globali di oggi.<\/p><div class=\"my-2\">\u00a0<\/div><p>Posizionato strategicamente lungo il pittoresco fiume Huangpu e a pochi minuti dai principali centri commerciali come <strong>Lujiazui, il Bund e il distretto finanziario del North Bund<\/strong>L&#039;hotel offre la cornice ideale per meeting aziendali, ritiri dirigenziali, eventi aziendali e conferenze internazionali. Che siate imprenditori individuali, dirigenti senior o organizzatori di un evento aziendale su larga scala, il nostro <strong>strutture aziendali complete<\/strong> sono attentamente progettati per ispirare la produttivit\u00e0, favorire la collaborazione e garantire un&#039;esecuzione impeccabile, il tutto in un&#039;atmosfera di raffinatezza senza tempo.<\/p><div class=\"my-2\">\u00a0<\/div><h3><strong>Spazi per riunioni e conferenze all&#039;avanguardia<\/strong><\/h3><p>L&#039;hotel dispone di una selezione di <strong>sale riunioni ed eventi eleganti e flessibili<\/strong> per un totale di oltre <strong>500 metri quadrati<\/strong>, in grado di ospitare riunioni che spaziano da riunioni intime in sale riunioni di 10 ospiti a grandi gala aziendali fino a 200 partecipanti. Ogni spazio \u00e8 inondato di luce naturale, impreziosito da un arredamento raffinato che fonde l&#039;eredit\u00e0 Art D\u00e9co con il minimalismo contemporaneo e dotato di <strong>tecnologia audiovisiva avanzata<\/strong>, tra cui proiettori ad alta definizione, schermi LED, sistemi di presentazione wireless, microfoni integrati e apparecchiature di interpretazione multilingue per conferenze internazionali.<\/p><div class=\"my-2\">\u00a0<\/div><p>La nostra ammiraglia <strong>Sala da ballo del Tesoro<\/strong> \u00e8 un capolavoro di design e funzionalit\u00e0, perfetto per lanci di prodotti, riunioni degli azionisti o banchetti aziendali di alto profilo. Con <strong>pareti insonorizzate, tende oscuranti e illuminazione personalizzabile<\/strong>, lo spazio garantisce privacy e adattabilit\u00e0 a qualsiasi occasione. Per riunioni pi\u00f9 piccole e strategiche, il nostro <strong>Sala riunioni e suite executive<\/strong> offrono un ambiente privato e privo di distrazioni, con viste panoramiche sul fiume che ispirano chiarezza e sicurezza.<\/p><div class=\"my-2\">\u00a0<\/div><h3><strong>Centro business dedicato e supporto 24 ore su 24, 7 giorni su 7<\/strong><\/h3><p>Comprendendo la natura imprevedibile del business globale, l&#039;hotel offre un <strong>centro business con servizi completi aperto 24 ore su 24<\/strong> Dotati di internet ad alta velocit\u00e0, postazioni di lavoro ergonomiche, servizi di stampa, scansione, fax e supporto di segreteria. Che dobbiate finalizzare una presentazione a mezzanotte, stampare contratti per una firma mattutina o organizzare una riunione virtuale con il vostro team all&#039;estero, i nostri <strong>personale multilingue<\/strong> sono a disposizione per assistervi con professionalit\u00e0 e discrezione.<\/p><div class=\"my-2\">\u00a0<\/div><p>Tutte le camere e le suite fungono anche da uffici privati, dotati di <strong>scrivanie ergonomiche, telefoni a doppia linea, prese di corrente universali e Wi-Fi ultraveloce<\/strong> Ottimizzato per piattaforme di videoconferenza come Zoom, Microsoft Teams e Tencent Meeting. La connettivit\u00e0 fluida ti consente di tenere sotto controllo la tua agenda, indipendentemente dal fuso orario.<\/p><div class=\"my-2\">\u00a0<\/div><h3><strong>Connettivit\u00e0 senza interruzioni e posizione strategica<\/strong><\/h3><p>La posizione dell&#039;hotel in <strong>Distretto di Hongkou<\/strong> ti pone al crocevia tra innovazione e tradizione. Solo un <strong>10 minuti di auto da Lujiazui<\/strong>\u2014epicentro finanziario di Shanghai\u2014e facilmente raggiungibile dalle sedi centrali di multinazionali, ambasciate e centri commerciali, l&#039;hotel \u00e8 una base strategica per le imprese di tutti i settori. Con <strong>Stazione della metropolitana di Dongbaoxing Road (linee 10 e 12)<\/strong> a soli 10 minuti a piedi, viaggiando verso <strong>Pudong, Jing&#039;an o Xintiandi<\/strong> \u00e8 semplice ed efficiente.<\/p><div class=\"my-2\">\u00a0<\/div><p>Per i delegati internazionali, l&#039;hotel \u00e8 <strong>35 minuti dall&#039;aeroporto internazionale di Shanghai Hongqiao<\/strong> E <strong>50 minuti dall&#039;aeroporto internazionale di Pudong<\/strong>, con <strong>servizi di trasferimento in limousine<\/strong> disponibili per garantire puntualit\u00e0 e comfort.<\/p><div class=\"my-2\">\u00a0<\/div><h3><strong>Servizi aziendali su misura e pianificazione di eventi<\/strong><\/h3><p>Nostro <strong>team dedicato ad eventi e servizi aziendali<\/strong> Offriamo supporto completo per i clienti aziendali, inclusi catering personalizzato, segnaletica personalizzata, disposizione dei posti a sedere, prove tecniche e risoluzione dei problemi in tempo reale. Collaboriamo a stretto contatto con i clienti per progettare esperienze che riflettano l&#039;identit\u00e0 del loro marchio, che si tratti di un lancio di prodotto ad alta intensit\u00e0, di una cena di premiazione formale o di un ritiro di team building con networking in riva al fiume.<\/p><div class=\"my-2\">\u00a0<\/div><p>Il catering \u00e8 curato dal nostro pluripremiato team culinario, che offre <strong>eleganti pranzi di lavoro, pause caff\u00e8 con pasticceria locale e ricevimenti con cene gourmet<\/strong> caratterizzato da una fusione di sapori di Shanghai e cucina internazionale, il tutto servito con un servizio impeccabile.<\/p><div class=\"my-2\">\u00a0<\/div><h3><strong>Un&#039;eredit\u00e0 di fiducia, ripensata per le aziende moderne<\/strong><\/h3><p>Un tempo simbolo dell&#039;autorit\u00e0 finanziaria nella Shanghai dei primi anni del XX secolo, l&#039;edificio ora canalizza quell&#039;eredit\u00e0 per dare potere ai leader aziendali di oggi. <strong>Shanghai Bund Riverside Treasury Hotel<\/strong> non si limita a fornire uno spazio, ma crea un ambiente in cui le idee fioriscono, si concludono accordi e si costruiscono relazioni professionali durature.<\/p><div class=\"my-2\">\u00a0<\/div><p>Dall&#039;imponenza della sua architettura storica alla precisione della sua infrastruttura tecnologica, ogni dettaglio \u00e8 stato studiato per supportare il vostro successo. Che stiate concludendo un affare multimilionario, ospitando un summit regionale o semplicemente necessitando di una camera tranquilla e ben collegata per lavorare, l&#039;hotel combina <strong>lusso, posizione ed eccellenza logistica<\/strong> per ridefinire gli standard dell&#039;ospitalit\u00e0 aziendale a Shanghai.<\/p><div class=\"my-2\">\u00a0<\/div><p data-spm-anchor-id=\"0.0.0.i52.5e52c921RzvBHn\"><strong>Scegliete lo Shanghai Bund Riverside Treasury Hotel, dove la storia incontra l&#039;innovazione e ogni incontro \u00e8 una pietra miliare.<\/strong><\/p>\t\t\t\t\t\t\t\t<\/div>\n\t\t\t\t\t<\/div>\n\t\t\t\t<\/div>\n\t\t\t\t<section class=\"elementor-section elementor-top-section elementor-element elementor-element-4eb93d05 elementor-section-stretched elementor-section-boxed elementor-section-gap-beside-yes elementor-section-height-default elementor-section-height-default elementor-section-column-vertical-align-stretch\" data-id=\"4eb93d05\" data-element_type=\"section\" data-e-type=\"section\" data-settings=\"{&quot;background_background&quot;:&quot;classic&quot;,&quot;stretch_section&quot;:&quot;section-stretched&quot;}\">\n\t\t\t\t\t\t<div class=\"elementor-container elementor-column-gap-extended\">\n\t\t\t\t\t<div class=\"elementor-column elementor-col-100 elementor-top-column elementor-element elementor-element-64151dfa\" data-id=\"64151dfa\" data-element_type=\"column\" data-e-type=\"column\">\n\t\t\t<div class=\"elementor-widget-wrap elementor-element-populated\">\n\t\t\t\t\t\t<div class=\"elementor-element elementor-element-49b3f69b elementor-widget elementor-widget-heading\" data-id=\"49b3f69b\" data-element_type=\"widget\" data-e-type=\"widget\" data-widget_type=\"heading.default\">\n\t\t\t\t\t<h2 class=\"elementor-heading-title elementor-size-default\">N. 8 degli hotel Select a 4 stelle a Shanghai\n<\/h2>\t\t\t\t<\/div>\n\t\t\t\t<div class=\"elementor-element elementor-element-7f6d9363 elementor-widget elementor-widget-text-editor\" data-id=\"7f6d9363\" data-element_type=\"widget\" data-e-type=\"widget\" data-widget_type=\"text-editor.default\">\n\t\t\t\t\t\t\t\t\t<iframe border=\"0\" src=\"https:\/\/www.trip.com\/partners\/ad\/S4819257?Allianceid=4590391&#038;SID=246906724&#038;trip_sub1=\" style=\"width:900px;height:200px\" frameborder=\"0\" scrolling=\"no\" id=\"S4819257\"><\/iframe>\t\t\t\t\t\t\t\t<\/div>\n\t\t\t\t\t<\/div>\n\t\t<\/div>\n\t\t\t\t\t<\/div>\n\t\t<\/section>\n\t\t\t\t<\/div>","protected":false},"excerpt":{"rendered":"<p>Elevate Your Professional Experience: Business Facilities at Shanghai Bund Riverside Treasury Hotel \u2013 Where Heritage Meets High-Performance in the Heart of Shanghai For business travelers and corporate planners seeking a seamless blend of elegance, efficiency, and cutting-edge functionality, the Shanghai Bund Riverside Treasury Hotel at 988 Dongdaming Road, Hongkou District, Shanghai, China (200086) stands as [&hellip;]<\/p>\n","protected":false},"author":1,"featured_media":0,"parent":0,"menu_order":0,"comment_status":"closed","ping_status":"closed","template":"","meta":{"footnotes":""},"class_list":["post-2109","page","type-page","status-publish","hentry","post-no-thumbnail"],"_links":{"self":[{"href":"https:\/\/shanghaitreasuryhotel.com\/it\/wp-json\/wp\/v2\/pages\/2109","targetHints":{"allow":["GET"]}}],"collection":[{"href":"https:\/\/shanghaitreasuryhotel.com\/it\/wp-json\/wp\/v2\/pages"}],"about":[{"href":"https:\/\/shanghaitreasuryhotel.com\/it\/wp-json\/wp\/v2\/types\/page"}],"author":[{"embeddable":true,"href":"https:\/\/shanghaitreasuryhotel.com\/it\/wp-json\/wp\/v2\/users\/1"}],"replies":[{"embeddable":true,"href":"https:\/\/shanghaitreasuryhotel.com\/it\/wp-json\/wp\/v2\/comments?post=2109"}],"version-history":[{"count":0,"href":"https:\/\/shanghaitreasuryhotel.com\/it\/wp-json\/wp\/v2\/pages\/2109\/revisions"}],"wp:attachment":[{"href":"https:\/\/shanghaitreasuryhotel.com\/it\/wp-json\/wp\/v2\/media?parent=2109"}],"curies":[{"name":"wp","href":"https:\/\/api.w.org\/{rel}","templated":true}]}}