{"id":612,"date":"2021-03-26T10:04:13","date_gmt":"2021-03-26T10:04:13","guid":{"rendered":"http:\/\/localhost\/nuss\/?page_id=612"},"modified":"2025-08-10T15:06:50","modified_gmt":"2025-08-10T15:06:50","slug":"ristorante","status":"publish","type":"page","link":"https:\/\/shanghaitreasuryhotel.com\/it\/ristorante\/","title":{"rendered":"Ristorante"},"content":{"rendered":"<div data-elementor-type=\"wp-page\" data-elementor-id=\"612\" class=\"elementor elementor-612\">\n\t\t\t\t\t\t<section class=\"elementor-section elementor-top-section elementor-element elementor-element-e2effe8 elementor-section-boxed elementor-section-gap-beside-yes elementor-section-height-default elementor-section-height-default elementor-section-column-vertical-align-stretch\" data-id=\"e2effe8\" data-element_type=\"section\" data-e-type=\"section\">\n\t\t\t\t\t\t<div class=\"elementor-container elementor-column-gap-extended\">\n\t\t\t\t\t<div class=\"elementor-column elementor-col-100 elementor-top-column elementor-element elementor-element-e18f688\" data-id=\"e18f688\" data-element_type=\"column\" data-e-type=\"column\">\n\t\t\t<div class=\"elementor-widget-wrap elementor-element-populated\">\n\t\t\t\t\t\t<div class=\"elementor-element elementor-element-6db146d elementor-widget__width-initial elementor-invisible elementor-widget elementor-widget-text-editor\" data-id=\"6db146d\" data-element_type=\"widget\" data-e-type=\"widget\" data-settings=\"{&quot;_animation&quot;:&quot;nussFadeInUp&quot;}\" data-widget_type=\"text-editor.default\">\n\t\t\t\t\t\t\t\t\t<p>Sentirsi in salute e in forma non \u00e8 un lusso, ma una necessit\u00e0 assoluta. Guarisci anima e corpo con i nostri trattamenti miracolosi e torna a casa come una persona nuova, calma e rigenerata.<\/p>\t\t\t\t\t\t\t\t<\/div>\n\t\t\t\t\t<\/div>\n\t\t<\/div>\n\t\t\t\t\t<\/div>\n\t\t<\/section>\n\t\t<div class=\"elementor-element elementor-element-87d6007 e-flex e-con-boxed e-con e-parent\" data-id=\"87d6007\" data-element_type=\"container\" data-e-type=\"container\">\n\t\t\t\t\t<div class=\"e-con-inner\">\n\t\t\t\t<div class=\"elementor-element elementor-element-c789e9a elementor-widget elementor-widget-image\" data-id=\"c789e9a\" data-element_type=\"widget\" data-e-type=\"widget\" data-widget_type=\"image.default\">\n\t\t\t\t\t\t\t\t\t\t\t\t\t\t\t<img fetchpriority=\"high\" decoding=\"async\" width=\"1024\" height=\"682\" src=\"https:\/\/shanghaitreasuryhotel.com\/wp-content\/uploads\/2025\/08\/Shanghai-Bund-Riverside-Treasury-Hotel-30-1024x682.webp\" class=\"attachment-large size-large wp-image-5572\" alt=\"\" srcset=\"https:\/\/shanghaitreasuryhotel.com\/wp-content\/uploads\/2025\/08\/Shanghai-Bund-Riverside-Treasury-Hotel-30-1024x682.webp 1024w, https:\/\/shanghaitreasuryhotel.com\/wp-content\/uploads\/2025\/08\/Shanghai-Bund-Riverside-Treasury-Hotel-30-300x200.webp 300w, https:\/\/shanghaitreasuryhotel.com\/wp-content\/uploads\/2025\/08\/Shanghai-Bund-Riverside-Treasury-Hotel-30-768x512.webp 768w, https:\/\/shanghaitreasuryhotel.com\/wp-content\/uploads\/2025\/08\/Shanghai-Bund-Riverside-Treasury-Hotel-30.webp 1280w\" sizes=\"(max-width: 1024px) 100vw, 1024px\" \/>\t\t\t\t\t\t\t\t\t\t\t\t\t\t\t<\/div>\n\t\t\t\t\t<\/div>\n\t\t\t\t<\/div>\n\t\t<div class=\"elementor-element elementor-element-9807a84 e-flex e-con-boxed e-con e-parent\" data-id=\"9807a84\" data-element_type=\"container\" data-e-type=\"container\">\n\t\t\t\t\t<div class=\"e-con-inner\">\n\t\t\t\t<div class=\"elementor-element elementor-element-3bca171 elementor-widget elementor-widget-text-editor\" data-id=\"3bca171\" data-element_type=\"widget\" data-e-type=\"widget\" data-widget_type=\"text-editor.default\">\n\t\t\t\t\t\t\t\t\t<p data-spm-anchor-id=\"0.0.0.i62.5e52c921RzvBHn\">Immerso nell&#039;eleganza storica del <strong>Shanghai Bund Riverside Treasury Hotel<\/strong> A <strong>988 Dongdaming Road, distretto di Hongkou, Shanghai, Cina, 200086<\/strong>, si trova una destinazione culinaria che trascende l&#039;ordinario: la firma dell&#039;hotel <strong>ristorante in loco<\/strong>, dove tradizione, arte e sapori convergono in perfetta armonia. Pi\u00f9 di un semplice luogo dove cenare, il nostro ristorante \u00e8 una celebrazione della ricca anima gastronomica di Shanghai, rivisitata attraverso la lente della moderna raffinatezza e del romanticismo fluviale.<\/p><p>Non appena si entra nell&#039;elegante sala da pranzo, si viene immediatamente avvolti da un&#039;atmosfera dal fascino senza tempo. Soffitti altissimi, dettagli di ispirazione Art D\u00e9co e finestre a tutta altezza incorniciano viste panoramiche mozzafiato sul <strong>fiume Huangpu<\/strong>, con lo scintillante skyline di <strong>Pudong<\/strong> che brillano sull&#039;acqua come una tela vivente. Che sia immerso nel bagliore dorato dell&#039;alba o illuminato dalle abbaglianti luci notturne della citt\u00e0, ogni pasto diventa un capolavoro sensoriale, un&#039;esperienza che rimane impressa nella memoria a lungo dopo l&#039;ultimo boccone.<\/p><h3><strong>Una filosofia culinaria radicata nella tradizione e nell&#039;innovazione<\/strong><\/h3><p>Al centro del nostro ristorante c&#039;\u00e8 un profondo rispetto per <strong>cucina di Shanghai<\/strong>, rinomato per il suo delicato equilibrio di sapori dolci, salati e umami. Il nostro pluripremiato team culinario, guidato da chef esperti con decenni di esperienza nella gastronomia regionale e internazionale, rende omaggio alle ricette classiche tramandate di generazione in generazione, come <em>hongshao rou<\/em> (pancetta di maiale brasata), <em>xiao lungo bao<\/em> (gnocchi di zuppa), e <em>pollo ubriaco<\/em>\u2014introducendo al contempo sottili tecniche contemporanee che elevano ogni piatto a nuovi livelli.<\/p><p>Ma il nostro men\u00f9 non ha confini. Traiamo ispirazione da tutto il mondo <strong>La Cina e il mondo<\/strong>, offriamo una selezione attentamente curata di <strong>Prelibatezze cantonesi, spezie del Sichuan, specialit\u00e0 della Cina settentrionale e raffinati piatti occidentali<\/strong>, garantendo un&#039;esperienza varia e appagante per ogni palato. Dal pesce locale pi\u00f9 fresco agli ingredienti importati di prima qualit\u00e0, ogni componente \u00e8 selezionato tenendo conto della sostenibilit\u00e0 e della qualit\u00e0.<\/p><h3><strong>Esperienze culinarie esclusive<\/strong><\/h3><p>Inizia la giornata con il nostro <strong>leggendario buffet per la colazione<\/strong>, un&#039;offerta sontuosa che definisce il tono dell&#039;eccellenza. Gli ospiti si deliziano con una fusione di proposte orientali e occidentali: fumanti cestini di bamb\u00f9 pieni di dim sum, noodles tirati a mano, congee con uova centenarie e maiale, insieme a pane artigianale, frutta biologica, salumi di prima qualit\u00e0 e caff\u00e8 appena fatto proveniente dalle piantagioni dello Yunnan. \u00c8 il modo perfetto per iniziare a esplorare le vivaci strade e i monumenti iconici di Shanghai.<\/p><p data-spm-anchor-id=\"0.0.0.i63.5e52c921RzvBHn\">Per pranzo e cena, il nostro <strong>men\u00f9 alla carta e degustazione<\/strong> vi invitano a intraprendere un viaggio curato. I punti salienti includono il nostro <strong>gamberi di fiume al vino Shaoxing<\/strong>, <strong>anatra alla pechinese dalla pelle croccante<\/strong> tavolo intagliato, e <strong>Shengjianbao al tartufo nero<\/strong>\u2014una rivisitazione moderna di un classico di Shanghai. Le opzioni vegetariane e salutari sono studiate con cura, per far s\u00ec che ogni ospite si senta a casa.<\/p>\t\t\t\t\t\t\t\t<\/div>\n\t\t\t\t\t<\/div>\n\t\t\t\t<\/div>\n\t\t<div class=\"elementor-element elementor-element-c6f3feb e-flex e-con-boxed e-con e-parent\" data-id=\"c6f3feb\" data-element_type=\"container\" data-e-type=\"container\">\n\t\t\t\t\t<div class=\"e-con-inner\">\n\t\t\t\t<div class=\"elementor-element elementor-element-462e267 elementor-widget elementor-widget-image\" data-id=\"462e267\" data-element_type=\"widget\" data-e-type=\"widget\" data-widget_type=\"image.default\">\n\t\t\t\t\t\t\t\t\t\t\t\t\t\t\t<img decoding=\"async\" width=\"828\" height=\"516\" src=\"https:\/\/shanghaitreasuryhotel.com\/wp-content\/uploads\/2025\/08\/Shanghai-Bund-Riverside-Treasury-Hotel-22.webp\" class=\"attachment-large size-large wp-image-5564\" alt=\"\" srcset=\"https:\/\/shanghaitreasuryhotel.com\/wp-content\/uploads\/2025\/08\/Shanghai-Bund-Riverside-Treasury-Hotel-22.webp 828w, https:\/\/shanghaitreasuryhotel.com\/wp-content\/uploads\/2025\/08\/Shanghai-Bund-Riverside-Treasury-Hotel-22-300x187.webp 300w, https:\/\/shanghaitreasuryhotel.com\/wp-content\/uploads\/2025\/08\/Shanghai-Bund-Riverside-Treasury-Hotel-22-768x479.webp 768w\" sizes=\"(max-width: 828px) 100vw, 828px\" \/>\t\t\t\t\t\t\t\t\t\t\t\t\t\t\t<\/div>\n\t\t\t\t\t<\/div>\n\t\t\t\t<\/div>\n\t\t<div class=\"elementor-element elementor-element-2a71058 e-flex e-con-boxed e-con e-parent\" data-id=\"2a71058\" data-element_type=\"container\" data-e-type=\"container\">\n\t\t\t\t\t<div class=\"e-con-inner\">\n\t\t\t\t<div class=\"elementor-element elementor-element-9e6d8a5 elementor-widget elementor-widget-text-editor\" data-id=\"9e6d8a5\" data-element_type=\"widget\" data-e-type=\"widget\" data-widget_type=\"text-editor.default\">\n\t\t\t\t\t\t\t\t\t<p data-spm-anchor-id=\"0.0.0.i66.5e52c921RzvBHn\">La sera l&#039;atmosfera si trasforma in qualcosa di veramente magico. <strong>lounge e bar sul fiume<\/strong> Offre cocktail artigianali arricchiti con erbe cinesi, come litchi, bacche di goji e osmanto, serviti insieme a vini pregiati, baijiu invecchiato e t\u00e8 rari. \u00c8 il luogo ideale per una cena romantica, un brindisi di lavoro o un tranquillo momento di riflessione con un bicchierino della staffa sotto le stelle.<\/p><h3><strong>Eventi culinari, cene private e immersione culturale<\/strong><\/h3><p>Il nostro ristorante \u00e8 pi\u00f9 di un luogo dove mangiare tutti i giorni: \u00e8 un palcoscenico per <strong>narrazione culinaria e connessione culturale<\/strong>. Ospitiamo eventi di degustazione stagionali, come <strong>Banchetti del capodanno lunare<\/strong>, <strong>Abbinamenti di mooncake di met\u00e0 autunno<\/strong>, E <strong>cene con abbinamento vini<\/strong> con sommelier ospiti. Gli ospiti possono anche prenotare il nostro <strong>sale da pranzo private<\/strong>, perfetto per riunioni intime, cene aziendali o celebrazioni importanti, dove men\u00f9 personalizzati e un servizio dedicato creano momenti indimenticabili.<\/p><p>Crediamo che il cibo sia un ponte tra le persone e i luoghi. Ecco perch\u00e9 offriamo <strong>esperienze interattive<\/strong> Piace <strong>corsi di preparazione di gnocchi<\/strong>, <strong>cerimonie del t\u00e8<\/strong>, E <strong>serate con lo chef<\/strong>, consentendo agli ospiti di immergersi pi\u00f9 a fondo nelle tradizioni che si celano dietro i sapori.<\/p><h3><strong>Una destinazione riconosciuta per l&#039;eccellenza<\/strong><\/h3><p>Costantemente elogiato su <strong>TripAdvisor, Trip.com e recensioni di Google<\/strong>, il nostro ristorante \u00e8 celebrato non solo per la sua <strong>cucina eccezionale<\/strong> ma anche per la sua <strong>servizio impeccabile, ambiente elegante e posizione ineguagliabile sul lungofiume<\/strong>I viaggiatori provenienti da tutto il mondo descrivono i pasti serviti qui come &quot;il momento clou del loro viaggio a Shanghai&quot;, e molti tornano semplicemente per rivivere la magia di una cena al tramonto in riva al mare.<\/p><h3><strong>Cena dove la storia incontra l&#039;orizzonte<\/strong><\/h3><p>Al <strong>Ristorante dello Shanghai Bund Riverside Treasury Hotel<\/strong>Ogni pasto \u00e8 un invito al gusto, alla condivisione, alla celebrazione. Che siate ospiti dell&#039;hotel o visitatori attratti dalla promessa di una cucina di livello mondiale, vi invitiamo a vivere un&#039;esperienza <strong>Shanghai su un piatto<\/strong>, serviti con grazia, passione e una vista che cattura lo spirito stesso della citt\u00e0.<\/p><p data-spm-anchor-id=\"0.0.0.i61.5e52c921RzvBHn\"><strong>Venite per il cibo. Rimanete per un momento. Lasciate che i vostri sensi scoprano l&#039;anima di Shanghai, un piatto squisito alla volta.<\/strong><\/p>\t\t\t\t\t\t\t\t<\/div>\n\t\t\t\t\t<\/div>\n\t\t\t\t<\/div>\n\t\t\t\t<section class=\"elementor-section elementor-top-section elementor-element elementor-element-7542869c elementor-section-stretched elementor-section-boxed elementor-section-gap-beside-yes elementor-section-height-default elementor-section-height-default elementor-section-column-vertical-align-stretch\" data-id=\"7542869c\" data-element_type=\"section\" data-e-type=\"section\" data-settings=\"{&quot;background_background&quot;:&quot;classic&quot;,&quot;stretch_section&quot;:&quot;section-stretched&quot;}\">\n\t\t\t\t\t\t<div class=\"elementor-container elementor-column-gap-extended\">\n\t\t\t\t\t<div class=\"elementor-column elementor-col-100 elementor-top-column elementor-element elementor-element-1c1f414a\" data-id=\"1c1f414a\" data-element_type=\"column\" data-e-type=\"column\">\n\t\t\t<div class=\"elementor-widget-wrap elementor-element-populated\">\n\t\t\t\t\t\t<div class=\"elementor-element elementor-element-4210b994 elementor-widget elementor-widget-heading\" data-id=\"4210b994\" data-element_type=\"widget\" data-e-type=\"widget\" data-widget_type=\"heading.default\">\n\t\t\t\t\t<h2 class=\"elementor-heading-title elementor-size-default\">N. 8 degli hotel Select a 4 stelle a Shanghai\n<\/h2>\t\t\t\t<\/div>\n\t\t\t\t<div class=\"elementor-element elementor-element-7556a649 elementor-widget elementor-widget-text-editor\" data-id=\"7556a649\" data-element_type=\"widget\" data-e-type=\"widget\" data-widget_type=\"text-editor.default\">\n\t\t\t\t\t\t\t\t\t<iframe border=\"0\" src=\"https:\/\/www.trip.com\/partners\/ad\/S4819257?Allianceid=4590391&#038;SID=246906724&#038;trip_sub1=\" style=\"width:900px;height:200px\" frameborder=\"0\" scrolling=\"no\" id=\"S4819257\"><\/iframe>\t\t\t\t\t\t\t\t<\/div>\n\t\t\t\t\t<\/div>\n\t\t<\/div>\n\t\t\t\t\t<\/div>\n\t\t<\/section>\n\t\t\t\t<\/div>","protected":false},"excerpt":{"rendered":"<p>Feeling healthy and well is not a luxury but an absolute necessity. Heal both your soul and body with our miraculous treatments and return home as a new person, calm and refreshed. Nestled within the historic elegance of the Shanghai Bund Riverside Treasury Hotel at 988 Dongdaming Road, Hongkou District, Shanghai, China, 200086, lies a [&hellip;]<\/p>\n","protected":false},"author":1,"featured_media":0,"parent":0,"menu_order":0,"comment_status":"closed","ping_status":"closed","template":"","meta":{"footnotes":""},"class_list":["post-612","page","type-page","status-publish","hentry","post-no-thumbnail"],"_links":{"self":[{"href":"https:\/\/shanghaitreasuryhotel.com\/it\/wp-json\/wp\/v2\/pages\/612","targetHints":{"allow":["GET"]}}],"collection":[{"href":"https:\/\/shanghaitreasuryhotel.com\/it\/wp-json\/wp\/v2\/pages"}],"about":[{"href":"https:\/\/shanghaitreasuryhotel.com\/it\/wp-json\/wp\/v2\/types\/page"}],"author":[{"embeddable":true,"href":"https:\/\/shanghaitreasuryhotel.com\/it\/wp-json\/wp\/v2\/users\/1"}],"replies":[{"embeddable":true,"href":"https:\/\/shanghaitreasuryhotel.com\/it\/wp-json\/wp\/v2\/comments?post=612"}],"version-history":[{"count":0,"href":"https:\/\/shanghaitreasuryhotel.com\/it\/wp-json\/wp\/v2\/pages\/612\/revisions"}],"wp:attachment":[{"href":"https:\/\/shanghaitreasuryhotel.com\/it\/wp-json\/wp\/v2\/media?parent=612"}],"curies":[{"name":"wp","href":"https:\/\/api.w.org\/{rel}","templated":true}]}}